{"id":2485,"date":"2024-07-08T14:08:39","date_gmt":"2024-07-08T19:08:39","guid":{"rendered":"https:\/\/elcomercioenlinea.com\/index.php\/producto\/juego-para-gatos-2\/"},"modified":"2024-07-08T14:12:09","modified_gmt":"2024-07-08T19:12:09","slug":"juego-para-gatos-2","status":"publish","type":"product","link":"https:\/\/elcomercioenlinea.com\/index.php\/producto\/juego-para-gatos-2\/","title":{"rendered":"JUEGO PARA GATOS"},"content":{"rendered":"<p>Bandeja el\u00e9ctrica creativa para mascotas, juguete de entrenamiento divertido para gatos, dispositivo para rascar gatos, juguete para ratones, juego interactivo de rompecabezas, popular y emocionante juguete para gatos<br \/>\n\u3001<br \/>\n<strong>Instrucciones del producto:<\/strong><\/p>\n<p>Nombre del producto: juguete el\u00e9ctrico para gatos<\/p>\n<p>Material del producto: ABS<\/p>\n<p>Peso del producto: 0,45 kg<\/p>\n<p>Tama\u00f1o del producto: 23cm * 10cm<\/p>\n<p>Color del producto: verde<\/p>\n<p>Tipo de bater\u00eda: 4 * LR14 1,5 V (pilas no incluidas)<\/p>\n<p><strong>El paquete incluye:<\/strong><\/p>\n<p><strong>1 * juguete el\u00e9ctrico para gatos<\/strong><\/p>\n<p><strong>1 * pluma<\/strong><\/p>\n<p><strong>1 x rat\u00f3n<\/strong><\/p>\n<p>Caracter\u00edsticas del producto<\/p>\n<p>1. El juego espor\u00e1dico de &#8216;peek a boo&#8217; estimula al gatito mental y f\u00edsicamente.<\/p>\n<p>2. La exclusiva forma de c\u00fapula de 360 \u00b0 es ideal para divertirse con amigos peludos.<\/p>\n<p>3. La base antideslizante y resistente es tan ligera que puedes llevarla a cualquier lugar.<\/p>\n<p>4. El dise\u00f1o duradero soporta los polos m\u00e1s feroces de kitty.<\/p>\n<p>5. Estamos a su servicio las 24 horas del d\u00eda, si hay alg\u00fan problema, haremos todo lo posible para resolverlo por usted.<\/p>\n<p>&nbsp;<\/p>\n","protected":false},"excerpt":{"rendered":"<p>Bandeja el\u00e9ctrica creativa para mascotas, juguete de entrenamiento divertido para gatos, dispositivo para rascar gatos, juguete para ratones, juego interactivo de rompecabezas, popular y emocionante juguete para gatos \u3001 Instrucciones del producto: Nombre del producto: juguete el\u00e9ctrico para gatos Material del producto: ABS Peso del producto: 0,45 kg Tama\u00f1o del producto: 23cm * 10cm Color [&hellip;]<\/p>\n","protected":false},"featured_media":2486,"template":"","meta":[],"product_brand":[],"product_cat":[24],"product_tag":[],"class_list":{"0":"post-2485","1":"product","2":"type-product","3":"status-publish","4":"has-post-thumbnail","6":"product_cat-mascotas","8":"first","9":"instock","10":"sale","11":"shipping-taxable","12":"purchasable","13":"product-type-simple"},"featured_image_urls":{"full":["https:\/\/elcomercioenlinea.com\/wp-content\/uploads\/2024\/07\/699275-1.png",800,800,false],"thumbnail":["https:\/\/elcomercioenlinea.com\/wp-content\/uploads\/2024\/07\/699275-1-150x150.png",150,150,true],"medium":["https:\/\/elcomercioenlinea.com\/wp-content\/uploads\/2024\/07\/699275-1-300x300.png",300,300,true],"medium_large":["https:\/\/elcomercioenlinea.com\/wp-content\/uploads\/2024\/07\/699275-1-768x768.png",768,768,true],"large":["https:\/\/elcomercioenlinea.com\/wp-content\/uploads\/2024\/07\/699275-1.png",800,800,false],"1536x1536":["https:\/\/elcomercioenlinea.com\/wp-content\/uploads\/2024\/07\/699275-1.png",800,800,false],"2048x2048":["https:\/\/elcomercioenlinea.com\/wp-content\/uploads\/2024\/07\/699275-1.png",800,800,false],"woocommerce_archive_thumbnail":["https:\/\/elcomercioenlinea.com\/wp-content\/uploads\/2024\/07\/699275-1-300x300.png",300,300,true],"woocommerce_thumbnail":["https:\/\/elcomercioenlinea.com\/wp-content\/uploads\/2024\/07\/699275-1-300x300.png",300,300,true],"woocommerce_single":["https:\/\/elcomercioenlinea.com\/wp-content\/uploads\/2024\/07\/699275-1-600x600.png",600,600,true],"woocommerce_gallery_thumbnail":["https:\/\/elcomercioenlinea.com\/wp-content\/uploads\/2024\/07\/699275-1-100x100.png",100,100,true]},"post_excerpt_stackable":"<p>Bandeja el\u00e9ctrica creativa para mascotas, juguete de entrenamiento divertido para gatos, dispositivo para rascar gatos, juguete para ratones, juego interactivo de rompecabezas, popular y emocionante juguete para gatos \u3001 Instrucciones del producto: Nombre del producto: juguete el\u00e9ctrico para gatos Material del producto: ABS Peso del producto: 0,45 kg Tama\u00f1o del producto: 23cm * 10cm Color del producto: verde Tipo de bater\u00eda: 4 * LR14 1,5 V (pilas no incluidas) El paquete incluye: 1 * juguete el\u00e9ctrico para gatos 1 * pluma 1 x rat\u00f3n Caracter\u00edsticas del producto 1. El juego espor\u00e1dico de &#8216;peek a boo&#8217; estimula al gatito mental y&hellip;<\/p>\n","category_list":"","author_info":{"name":"","url":""},"comments_num":"0 comentarios","jetpack_sharing_enabled":true,"_links":{"self":[{"href":"https:\/\/elcomercioenlinea.com\/index.php\/wp-json\/wp\/v2\/product\/2485","targetHints":{"allow":["GET"]}}],"collection":[{"href":"https:\/\/elcomercioenlinea.com\/index.php\/wp-json\/wp\/v2\/product"}],"about":[{"href":"https:\/\/elcomercioenlinea.com\/index.php\/wp-json\/wp\/v2\/types\/product"}],"wp:featuredmedia":[{"embeddable":true,"href":"https:\/\/elcomercioenlinea.com\/index.php\/wp-json\/wp\/v2\/media\/2486"}],"wp:attachment":[{"href":"https:\/\/elcomercioenlinea.com\/index.php\/wp-json\/wp\/v2\/media?parent=2485"}],"wp:term":[{"taxonomy":"product_brand","embeddable":true,"href":"https:\/\/elcomercioenlinea.com\/index.php\/wp-json\/wp\/v2\/product_brand?post=2485"},{"taxonomy":"product_cat","embeddable":true,"href":"https:\/\/elcomercioenlinea.com\/index.php\/wp-json\/wp\/v2\/product_cat?post=2485"},{"taxonomy":"product_tag","embeddable":true,"href":"https:\/\/elcomercioenlinea.com\/index.php\/wp-json\/wp\/v2\/product_tag?post=2485"}],"curies":[{"name":"wp","href":"https:\/\/api.w.org\/{rel}","templated":true}]}}