{"id":2495,"date":"2024-07-08T14:39:55","date_gmt":"2024-07-08T19:39:55","guid":{"rendered":"https:\/\/elcomercioenlinea.com\/index.php\/producto\/candado-lector-huella\/"},"modified":"2024-07-08T14:41:56","modified_gmt":"2024-07-08T19:41:56","slug":"candado-lector-huella","status":"publish","type":"product","link":"https:\/\/elcomercioenlinea.com\/index.php\/producto\/candado-lector-huella\/","title":{"rendered":"Candado lector huella"},"content":{"rendered":"<p>Especificaciones:<\/p>\n<p>Material: aleaci\u00f3n de zinc+acero<\/p>\n<p>Tiempo de respuesta: &lt;1 s<\/p>\n<p>Capacidad de huella digital: 10 huellas dactilares (incluye 2 administradores)<\/p>\n<p>Desbloqueo de emergencia: c\u00f3digo Morse<\/p>\n<p>Bater\u00eda incorporada: 3,7 V 180 mAh Bater\u00eda de litio<\/p>\n<p>Tiempo de espera: aproximadamente 6 Meses<\/p>\n<p>Tipo de carga: micro USB a<\/p>\n<p>prueba de agua<\/p>\n<p>: IP56 Temperatura de trabajo: -10 grados Celsius ~ 50 grados Celsius<\/p>\n<p>Tama\u00f1o del art\u00edculo: 76 x 46 x<\/p>\n","protected":false},"excerpt":{"rendered":"<p>Especificaciones: Material: aleaci\u00f3n de zinc+acero Tiempo de respuesta: &lt;1 s Capacidad de huella digital: 10 huellas dactilares (incluye 2 administradores) Desbloqueo de emergencia: c\u00f3digo Morse Bater\u00eda incorporada: 3,7 V 180 mAh Bater\u00eda de litio Tiempo de espera: aproximadamente 6 Meses Tipo de carga: micro USB a prueba de agua : IP56 Temperatura de trabajo: -10 [&hellip;]<\/p>\n","protected":false},"featured_media":2496,"template":"","meta":[],"product_brand":[],"product_cat":[17,18],"product_tag":[],"class_list":{"0":"post-2495","1":"product","2":"type-product","3":"status-publish","4":"has-post-thumbnail","6":"product_cat-hogar","7":"product_cat-tecnologia","9":"first","10":"instock","11":"shipping-taxable","12":"purchasable","13":"product-type-simple"},"featured_image_urls":{"full":["https:\/\/elcomercioenlinea.com\/wp-content\/uploads\/2024\/07\/331184.png",800,692,false],"thumbnail":["https:\/\/elcomercioenlinea.com\/wp-content\/uploads\/2024\/07\/331184-150x150.png",150,150,true],"medium":["https:\/\/elcomercioenlinea.com\/wp-content\/uploads\/2024\/07\/331184-300x260.png",300,260,true],"medium_large":["https:\/\/elcomercioenlinea.com\/wp-content\/uploads\/2024\/07\/331184-768x664.png",768,664,true],"large":["https:\/\/elcomercioenlinea.com\/wp-content\/uploads\/2024\/07\/331184.png",800,692,false],"1536x1536":["https:\/\/elcomercioenlinea.com\/wp-content\/uploads\/2024\/07\/331184.png",800,692,false],"2048x2048":["https:\/\/elcomercioenlinea.com\/wp-content\/uploads\/2024\/07\/331184.png",800,692,false],"woocommerce_archive_thumbnail":["https:\/\/elcomercioenlinea.com\/wp-content\/uploads\/2024\/07\/331184-300x260.png",300,260,true],"woocommerce_thumbnail":["https:\/\/elcomercioenlinea.com\/wp-content\/uploads\/2024\/07\/331184-300x300.png",300,300,true],"woocommerce_single":["https:\/\/elcomercioenlinea.com\/wp-content\/uploads\/2024\/07\/331184-600x519.png",600,519,true],"woocommerce_gallery_thumbnail":["https:\/\/elcomercioenlinea.com\/wp-content\/uploads\/2024\/07\/331184-100x100.png",100,100,true]},"post_excerpt_stackable":"<p>Especificaciones: Material: aleaci\u00f3n de zinc+acero Tiempo de respuesta: &lt;1 s Capacidad de huella digital: 10 huellas dactilares (incluye 2 administradores) Desbloqueo de emergencia: c\u00f3digo Morse Bater\u00eda incorporada: 3,7 V 180 mAh Bater\u00eda de litio Tiempo de espera: aproximadamente 6 Meses Tipo de carga: micro USB a prueba de agua : IP56 Temperatura de trabajo: -10 grados Celsius ~ 50 grados Celsius Tama\u00f1o del art\u00edculo: 76 x 46 x<\/p>\n","category_list":"","author_info":{"name":"","url":""},"comments_num":"0 comentarios","jetpack_sharing_enabled":true,"_links":{"self":[{"href":"https:\/\/elcomercioenlinea.com\/index.php\/wp-json\/wp\/v2\/product\/2495","targetHints":{"allow":["GET"]}}],"collection":[{"href":"https:\/\/elcomercioenlinea.com\/index.php\/wp-json\/wp\/v2\/product"}],"about":[{"href":"https:\/\/elcomercioenlinea.com\/index.php\/wp-json\/wp\/v2\/types\/product"}],"wp:featuredmedia":[{"embeddable":true,"href":"https:\/\/elcomercioenlinea.com\/index.php\/wp-json\/wp\/v2\/media\/2496"}],"wp:attachment":[{"href":"https:\/\/elcomercioenlinea.com\/index.php\/wp-json\/wp\/v2\/media?parent=2495"}],"wp:term":[{"taxonomy":"product_brand","embeddable":true,"href":"https:\/\/elcomercioenlinea.com\/index.php\/wp-json\/wp\/v2\/product_brand?post=2495"},{"taxonomy":"product_cat","embeddable":true,"href":"https:\/\/elcomercioenlinea.com\/index.php\/wp-json\/wp\/v2\/product_cat?post=2495"},{"taxonomy":"product_tag","embeddable":true,"href":"https:\/\/elcomercioenlinea.com\/index.php\/wp-json\/wp\/v2\/product_tag?post=2495"}],"curies":[{"name":"wp","href":"https:\/\/api.w.org\/{rel}","templated":true}]}}