{"id":2504,"date":"2024-07-08T14:51:23","date_gmt":"2024-07-08T19:51:23","guid":{"rendered":"https:\/\/elcomercioenlinea.com\/index.php\/producto\/masajeador-levanta-gluteos\/"},"modified":"2024-07-18T14:31:13","modified_gmt":"2024-07-18T19:31:13","slug":"masajeador-levanta-gluteos","status":"publish","type":"product","link":"https:\/\/elcomercioenlinea.com\/index.php\/producto\/masajeador-levanta-gluteos\/","title":{"rendered":"Masajeador Levanta Gluteos"},"content":{"rendered":"<p>Se env\u00edan colores de acuerdo a disponibilidad del producto, Te puede llegar Azul, Rosado, Negro y Rojo<\/p>\n<ul>\n<li>Un hidrogel agradable para la piel que no falla despu\u00e9s de un uso repetido.<\/li>\n<li>Levanta la curva de las caderas y da forma a una figura encantadora.<\/li>\n<li>El controlador adopta tecnolog\u00eda de alta gama, pulso el\u00e9ctrico conductor, fuerza fuerte, delicado y sin hormigueo.<\/li>\n<li>La tecnolog\u00eda EMS transmite se\u00f1ales directamente a los m\u00fasculos a trav\u00e9s de estimulaci\u00f3n el\u00e9ctrica y promueve el movimiento muscular para lograr el efecto de levantar y tensar.<\/li>\n<\/ul>\n","protected":false},"excerpt":{"rendered":"<p>Se env\u00edan colores de acuerdo a disponibilidad del producto, Te puede llegar Azul, Rosado, Negro y Rojo Un hidrogel agradable para la piel que no falla despu\u00e9s de un uso repetido. Levanta la curva de las caderas y da forma a una figura encantadora. El controlador adopta tecnolog\u00eda de alta gama, pulso el\u00e9ctrico conductor, fuerza [&hellip;]<\/p>\n","protected":false},"featured_media":2505,"template":"","meta":[],"product_brand":[],"product_cat":[102],"product_tag":[],"class_list":{"0":"post-2504","1":"product","2":"type-product","3":"status-publish","4":"has-post-thumbnail","6":"product_cat-belleza","8":"first","9":"instock","10":"shipping-taxable","11":"purchasable","12":"product-type-simple"},"featured_image_urls":{"full":["https:\/\/elcomercioenlinea.com\/wp-content\/uploads\/2024\/07\/368423.png",1486,1500,false],"thumbnail":["https:\/\/elcomercioenlinea.com\/wp-content\/uploads\/2024\/07\/368423-150x150.png",150,150,true],"medium":["https:\/\/elcomercioenlinea.com\/wp-content\/uploads\/2024\/07\/368423-297x300.png",297,300,true],"medium_large":["https:\/\/elcomercioenlinea.com\/wp-content\/uploads\/2024\/07\/368423-768x775.png",768,775,true],"large":["https:\/\/elcomercioenlinea.com\/wp-content\/uploads\/2024\/07\/368423-1014x1024.png",1014,1024,true],"1536x1536":["https:\/\/elcomercioenlinea.com\/wp-content\/uploads\/2024\/07\/368423.png",1486,1500,false],"2048x2048":["https:\/\/elcomercioenlinea.com\/wp-content\/uploads\/2024\/07\/368423.png",1486,1500,false],"woocommerce_archive_thumbnail":["https:\/\/elcomercioenlinea.com\/wp-content\/uploads\/2024\/07\/368423-300x303.png",300,303,true],"woocommerce_thumbnail":["https:\/\/elcomercioenlinea.com\/wp-content\/uploads\/2024\/07\/368423-300x300.png",300,300,true],"woocommerce_single":["https:\/\/elcomercioenlinea.com\/wp-content\/uploads\/2024\/07\/368423-600x606.png",600,606,true],"woocommerce_gallery_thumbnail":["https:\/\/elcomercioenlinea.com\/wp-content\/uploads\/2024\/07\/368423-100x100.png",100,100,true]},"post_excerpt_stackable":"<p>Se env\u00edan colores de acuerdo a disponibilidad del producto, Te puede llegar Azul, Rosado, Negro y Rojo Un hidrogel agradable para la piel que no falla despu\u00e9s de un uso repetido. Levanta la curva de las caderas y da forma a una figura encantadora. El controlador adopta tecnolog\u00eda de alta gama, pulso el\u00e9ctrico conductor, fuerza fuerte, delicado y sin hormigueo. La tecnolog\u00eda EMS transmite se\u00f1ales directamente a los m\u00fasculos a trav\u00e9s de estimulaci\u00f3n el\u00e9ctrica y promueve el movimiento muscular para lograr el efecto de levantar y tensar.<\/p>\n","category_list":"","author_info":{"name":"","url":""},"comments_num":"0 comentarios","jetpack_sharing_enabled":true,"_links":{"self":[{"href":"https:\/\/elcomercioenlinea.com\/index.php\/wp-json\/wp\/v2\/product\/2504","targetHints":{"allow":["GET"]}}],"collection":[{"href":"https:\/\/elcomercioenlinea.com\/index.php\/wp-json\/wp\/v2\/product"}],"about":[{"href":"https:\/\/elcomercioenlinea.com\/index.php\/wp-json\/wp\/v2\/types\/product"}],"wp:featuredmedia":[{"embeddable":true,"href":"https:\/\/elcomercioenlinea.com\/index.php\/wp-json\/wp\/v2\/media\/2505"}],"wp:attachment":[{"href":"https:\/\/elcomercioenlinea.com\/index.php\/wp-json\/wp\/v2\/media?parent=2504"}],"wp:term":[{"taxonomy":"product_brand","embeddable":true,"href":"https:\/\/elcomercioenlinea.com\/index.php\/wp-json\/wp\/v2\/product_brand?post=2504"},{"taxonomy":"product_cat","embeddable":true,"href":"https:\/\/elcomercioenlinea.com\/index.php\/wp-json\/wp\/v2\/product_cat?post=2504"},{"taxonomy":"product_tag","embeddable":true,"href":"https:\/\/elcomercioenlinea.com\/index.php\/wp-json\/wp\/v2\/product_tag?post=2504"}],"curies":[{"name":"wp","href":"https:\/\/api.w.org\/{rel}","templated":true}]}}