{"id":2510,"date":"2024-07-08T14:55:44","date_gmt":"2024-07-08T19:55:44","guid":{"rendered":"https:\/\/elcomercioenlinea.com\/index.php\/producto\/audifono-i12\/"},"modified":"2024-07-18T14:37:06","modified_gmt":"2024-07-18T19:37:06","slug":"audifono-i12","status":"publish","type":"product","link":"https:\/\/elcomercioenlinea.com\/index.php\/producto\/audifono-i12\/","title":{"rendered":"Airpods i12"},"content":{"rendered":"<p>los airpods i12\u00a0 m\u00e1s atractivos, tanto por caracter\u00edsticas de precio, compatibilidad bluetooth 5.0. Estos auriculares comparten un buen n\u00famero de funciones y con una est\u00e9tica muy elegante, con una l\u00ednea de dise\u00f1o id\u00e9ntica, los auriculares resultan ser c\u00f3modos, ligeros y con una sujeci\u00f3n para evitar ca\u00eddas accidentales. Adem\u00e1s. los auriculares bluetooth i12 TWS aguanta muy bien los movimientos, incluso pueden utilizarse para actividades deportivas como running o entrenamiento funcional.<\/p>\n<p>Los comandos b\u00e1sicos del airpods 112 TWS<\/p>\n<p>&#8211; 1 toque (izquierdo o derecho)): Play-Stop<br \/>\n&#8211; 3 toques aud\u00edfono izquierdo: Aumenta sonido<br \/>\n&#8211; 3 toques aud\u00edfono derecho: Baja sonido<br \/>\n&#8211; 2 toques aud\u00edfono izquierdo: Avanza canci\u00f3n<br \/>\n&#8211; 2 toques aud\u00edfono derecho: Regresa canci\u00f3n.<\/p>\n","protected":false},"excerpt":{"rendered":"<p>los airpods i12\u00a0 m\u00e1s atractivos, tanto por caracter\u00edsticas de precio, compatibilidad bluetooth 5.0. Estos auriculares comparten un buen n\u00famero de funciones y con una est\u00e9tica muy elegante, con una l\u00ednea de dise\u00f1o id\u00e9ntica, los auriculares resultan ser c\u00f3modos, ligeros y con una sujeci\u00f3n para evitar ca\u00eddas accidentales. Adem\u00e1s. los auriculares bluetooth i12 TWS aguanta muy [&hellip;]<\/p>\n","protected":false},"featured_media":2511,"template":"","meta":[],"product_brand":[],"product_cat":[18],"product_tag":[],"class_list":{"0":"post-2510","1":"product","2":"type-product","3":"status-publish","4":"has-post-thumbnail","6":"product_cat-tecnologia","8":"first","9":"instock","10":"shipping-taxable","11":"purchasable","12":"product-type-simple"},"featured_image_urls":{"full":["https:\/\/elcomercioenlinea.com\/wp-content\/uploads\/2024\/07\/513992.png",1186,1024,false],"thumbnail":["https:\/\/elcomercioenlinea.com\/wp-content\/uploads\/2024\/07\/513992-150x150.png",150,150,true],"medium":["https:\/\/elcomercioenlinea.com\/wp-content\/uploads\/2024\/07\/513992-300x259.png",300,259,true],"medium_large":["https:\/\/elcomercioenlinea.com\/wp-content\/uploads\/2024\/07\/513992-768x663.png",768,663,true],"large":["https:\/\/elcomercioenlinea.com\/wp-content\/uploads\/2024\/07\/513992-1024x884.png",1024,884,true],"1536x1536":["https:\/\/elcomercioenlinea.com\/wp-content\/uploads\/2024\/07\/513992.png",1186,1024,false],"2048x2048":["https:\/\/elcomercioenlinea.com\/wp-content\/uploads\/2024\/07\/513992.png",1186,1024,false],"woocommerce_archive_thumbnail":["https:\/\/elcomercioenlinea.com\/wp-content\/uploads\/2024\/07\/513992-300x259.png",300,259,true],"woocommerce_thumbnail":["https:\/\/elcomercioenlinea.com\/wp-content\/uploads\/2024\/07\/513992-300x300.png",300,300,true],"woocommerce_single":["https:\/\/elcomercioenlinea.com\/wp-content\/uploads\/2024\/07\/513992-600x518.png",600,518,true],"woocommerce_gallery_thumbnail":["https:\/\/elcomercioenlinea.com\/wp-content\/uploads\/2024\/07\/513992-100x100.png",100,100,true]},"post_excerpt_stackable":"<p>los airpods i12\u00a0 m\u00e1s atractivos, tanto por caracter\u00edsticas de precio, compatibilidad bluetooth 5.0. Estos auriculares comparten un buen n\u00famero de funciones y con una est\u00e9tica muy elegante, con una l\u00ednea de dise\u00f1o id\u00e9ntica, los auriculares resultan ser c\u00f3modos, ligeros y con una sujeci\u00f3n para evitar ca\u00eddas accidentales. Adem\u00e1s. los auriculares bluetooth i12 TWS aguanta muy bien los movimientos, incluso pueden utilizarse para actividades deportivas como running o entrenamiento funcional. Los comandos b\u00e1sicos del airpods 112 TWS &#8211; 1 toque (izquierdo o derecho)): Play-Stop &#8211; 3 toques aud\u00edfono izquierdo: Aumenta sonido &#8211; 3 toques aud\u00edfono derecho: Baja sonido &#8211; 2 toques&hellip;<\/p>\n","category_list":"","author_info":{"name":"","url":""},"comments_num":"0 comentarios","jetpack_sharing_enabled":true,"_links":{"self":[{"href":"https:\/\/elcomercioenlinea.com\/index.php\/wp-json\/wp\/v2\/product\/2510","targetHints":{"allow":["GET"]}}],"collection":[{"href":"https:\/\/elcomercioenlinea.com\/index.php\/wp-json\/wp\/v2\/product"}],"about":[{"href":"https:\/\/elcomercioenlinea.com\/index.php\/wp-json\/wp\/v2\/types\/product"}],"wp:featuredmedia":[{"embeddable":true,"href":"https:\/\/elcomercioenlinea.com\/index.php\/wp-json\/wp\/v2\/media\/2511"}],"wp:attachment":[{"href":"https:\/\/elcomercioenlinea.com\/index.php\/wp-json\/wp\/v2\/media?parent=2510"}],"wp:term":[{"taxonomy":"product_brand","embeddable":true,"href":"https:\/\/elcomercioenlinea.com\/index.php\/wp-json\/wp\/v2\/product_brand?post=2510"},{"taxonomy":"product_cat","embeddable":true,"href":"https:\/\/elcomercioenlinea.com\/index.php\/wp-json\/wp\/v2\/product_cat?post=2510"},{"taxonomy":"product_tag","embeddable":true,"href":"https:\/\/elcomercioenlinea.com\/index.php\/wp-json\/wp\/v2\/product_tag?post=2510"}],"curies":[{"name":"wp","href":"https:\/\/api.w.org\/{rel}","templated":true}]}}