{"id":2512,"date":"2024-07-08T15:46:24","date_gmt":"2024-07-08T20:46:24","guid":{"rendered":"https:\/\/elcomercioenlinea.com\/index.php\/producto\/trapero-giratorio\/"},"modified":"2024-07-18T14:38:22","modified_gmt":"2024-07-18T19:38:22","slug":"trapero-giratorio","status":"publish","type":"product","link":"https:\/\/elcomercioenlinea.com\/index.php\/producto\/trapero-giratorio\/","title":{"rendered":"Trapero giratorio"},"content":{"rendered":"<p>BIENVENIDOS A EMDEL COLOMBIA<\/p>\n<p>Trapero M\u00e1gico Giratorio \u00a0Incluye:<\/p>\n<p>Una cubeta con tambor met\u00e1lico y sistema rotatorio 360\u00ba integrado (Sticker y dispensador de jab\u00f3n, no inlcuidos)<\/p>\n<p>Un mango y 2 pa\u00f1os de mopa<\/p>\n<p>Posee un sistema \u00fanico de limpieza por su innovadora caracter\u00edstica rotatoria de 360\u00ba y un amplio cabezal de microfibra absorbente, especialmente resistente para limpiar y recoger todo el polvo y la suciedad<\/p>\n<p>Limpia 6 veces m\u00e1s r\u00e1pido, absorbiendo hasta 3 veces m\u00e1s humedad que los trapero tradicionales<\/p>\n<p>&nbsp;<\/p>\n","protected":false},"excerpt":{"rendered":"<p>BIENVENIDOS A EMDEL COLOMBIA Trapero M\u00e1gico Giratorio \u00a0Incluye: Una cubeta con tambor met\u00e1lico y sistema rotatorio 360\u00ba integrado (Sticker y dispensador de jab\u00f3n, no inlcuidos) Un mango y 2 pa\u00f1os de mopa Posee un sistema \u00fanico de limpieza por su innovadora caracter\u00edstica rotatoria de 360\u00ba y un amplio cabezal de microfibra absorbente, especialmente resistente para [&hellip;]<\/p>\n","protected":false},"featured_media":2513,"template":"","meta":[],"product_brand":[],"product_cat":[17],"product_tag":[],"class_list":{"0":"post-2512","1":"product","2":"type-product","3":"status-publish","4":"has-post-thumbnail","6":"product_cat-hogar","8":"first","9":"instock","10":"sale","11":"shipping-taxable","12":"purchasable","13":"product-type-simple"},"featured_image_urls":{"full":["https:\/\/elcomercioenlinea.com\/wp-content\/uploads\/2024\/07\/116963.png",828,816,false],"thumbnail":["https:\/\/elcomercioenlinea.com\/wp-content\/uploads\/2024\/07\/116963-150x150.png",150,150,true],"medium":["https:\/\/elcomercioenlinea.com\/wp-content\/uploads\/2024\/07\/116963-300x296.png",300,296,true],"medium_large":["https:\/\/elcomercioenlinea.com\/wp-content\/uploads\/2024\/07\/116963-768x757.png",768,757,true],"large":["https:\/\/elcomercioenlinea.com\/wp-content\/uploads\/2024\/07\/116963.png",828,816,false],"1536x1536":["https:\/\/elcomercioenlinea.com\/wp-content\/uploads\/2024\/07\/116963.png",828,816,false],"2048x2048":["https:\/\/elcomercioenlinea.com\/wp-content\/uploads\/2024\/07\/116963.png",828,816,false],"woocommerce_archive_thumbnail":["https:\/\/elcomercioenlinea.com\/wp-content\/uploads\/2024\/07\/116963-300x296.png",300,296,true],"woocommerce_thumbnail":["https:\/\/elcomercioenlinea.com\/wp-content\/uploads\/2024\/07\/116963-300x300.png",300,300,true],"woocommerce_single":["https:\/\/elcomercioenlinea.com\/wp-content\/uploads\/2024\/07\/116963-600x591.png",600,591,true],"woocommerce_gallery_thumbnail":["https:\/\/elcomercioenlinea.com\/wp-content\/uploads\/2024\/07\/116963-100x100.png",100,100,true]},"post_excerpt_stackable":"<p>BIENVENIDOS A EMDEL COLOMBIA Trapero M\u00e1gico Giratorio \u00a0Incluye: Una cubeta con tambor met\u00e1lico y sistema rotatorio 360\u00ba integrado (Sticker y dispensador de jab\u00f3n, no inlcuidos) Un mango y 2 pa\u00f1os de mopa Posee un sistema \u00fanico de limpieza por su innovadora caracter\u00edstica rotatoria de 360\u00ba y un amplio cabezal de microfibra absorbente, especialmente resistente para limpiar y recoger todo el polvo y la suciedad Limpia 6 veces m\u00e1s r\u00e1pido, absorbiendo hasta 3 veces m\u00e1s humedad que los trapero tradicionales &nbsp;<\/p>\n","category_list":"","author_info":{"name":"","url":""},"comments_num":"0 comentarios","jetpack_sharing_enabled":true,"_links":{"self":[{"href":"https:\/\/elcomercioenlinea.com\/index.php\/wp-json\/wp\/v2\/product\/2512","targetHints":{"allow":["GET"]}}],"collection":[{"href":"https:\/\/elcomercioenlinea.com\/index.php\/wp-json\/wp\/v2\/product"}],"about":[{"href":"https:\/\/elcomercioenlinea.com\/index.php\/wp-json\/wp\/v2\/types\/product"}],"wp:featuredmedia":[{"embeddable":true,"href":"https:\/\/elcomercioenlinea.com\/index.php\/wp-json\/wp\/v2\/media\/2513"}],"wp:attachment":[{"href":"https:\/\/elcomercioenlinea.com\/index.php\/wp-json\/wp\/v2\/media?parent=2512"}],"wp:term":[{"taxonomy":"product_brand","embeddable":true,"href":"https:\/\/elcomercioenlinea.com\/index.php\/wp-json\/wp\/v2\/product_brand?post=2512"},{"taxonomy":"product_cat","embeddable":true,"href":"https:\/\/elcomercioenlinea.com\/index.php\/wp-json\/wp\/v2\/product_cat?post=2512"},{"taxonomy":"product_tag","embeddable":true,"href":"https:\/\/elcomercioenlinea.com\/index.php\/wp-json\/wp\/v2\/product_tag?post=2512"}],"curies":[{"name":"wp","href":"https:\/\/api.w.org\/{rel}","templated":true}]}}