{"id":2530,"date":"2024-07-08T17:31:48","date_gmt":"2024-07-08T22:31:48","guid":{"rendered":"https:\/\/elcomercioenlinea.com\/index.php\/producto\/crema-levantadora-de-senos\/"},"modified":"2024-07-08T17:40:52","modified_gmt":"2024-07-08T22:40:52","slug":"crema-levantadora-de-senos","status":"publish","type":"product","link":"https:\/\/elcomercioenlinea.com\/index.php\/producto\/crema-levantadora-de-senos\/","title":{"rendered":"CREMA LEVANTADORA DE SENOS"},"content":{"rendered":"<p><strong>Beneficios<\/strong><\/p>\n<p>\u00b7 Humecta a profundidad la piel.<\/p>\n<p>\u00b7 Ayuda a levantar y tensar la piel del pecho.<\/p>\n<p>\u00b7 Previene la flacidez.<\/p>\n<p>\u00b7 Devuelve la suavidad natural de la piel.<\/p>\n<p>\u00b7 Adecuado para todo tipo de piel..<\/p>\n<p>&nbsp;<\/p>\n<p><strong>Modo de uso<\/strong><\/p>\n<p>\u00b7 Apl\u00edquelo directamente en los senos despu\u00e9s de limpiar la piel, \u00faselo en la ma\u00f1ana y en la noche.<\/p>\n<p>\u00b7 Masajea suavemente con movimientos<\/p>\n<p>circulares hasta que se absorba.<\/p>\n","protected":false},"excerpt":{"rendered":"<p>Beneficios \u00b7 Humecta a profundidad la piel. \u00b7 Ayuda a levantar y tensar la piel del pecho. \u00b7 Previene la flacidez. \u00b7 Devuelve la suavidad natural de la piel. \u00b7 Adecuado para todo tipo de piel.. &nbsp; Modo de uso \u00b7 Apl\u00edquelo directamente en los senos despu\u00e9s de limpiar la piel, \u00faselo en la ma\u00f1ana [&hellip;]<\/p>\n","protected":false},"featured_media":2531,"template":"","meta":[],"product_brand":[],"product_cat":[102],"product_tag":[],"class_list":{"0":"post-2530","1":"product","2":"type-product","3":"status-publish","4":"has-post-thumbnail","6":"product_cat-belleza","8":"first","9":"instock","10":"shipping-taxable","11":"purchasable","12":"product-type-simple"},"featured_image_urls":{"full":["https:\/\/elcomercioenlinea.com\/wp-content\/uploads\/2024\/07\/370295.png",1600,1600,false],"thumbnail":["https:\/\/elcomercioenlinea.com\/wp-content\/uploads\/2024\/07\/370295-150x150.png",150,150,true],"medium":["https:\/\/elcomercioenlinea.com\/wp-content\/uploads\/2024\/07\/370295-300x300.png",300,300,true],"medium_large":["https:\/\/elcomercioenlinea.com\/wp-content\/uploads\/2024\/07\/370295-768x768.png",768,768,true],"large":["https:\/\/elcomercioenlinea.com\/wp-content\/uploads\/2024\/07\/370295-1024x1024.png",1024,1024,true],"1536x1536":["https:\/\/elcomercioenlinea.com\/wp-content\/uploads\/2024\/07\/370295-1536x1536.png",1536,1536,true],"2048x2048":["https:\/\/elcomercioenlinea.com\/wp-content\/uploads\/2024\/07\/370295.png",1600,1600,false],"woocommerce_archive_thumbnail":["https:\/\/elcomercioenlinea.com\/wp-content\/uploads\/2024\/07\/370295-300x300.png",300,300,true],"woocommerce_thumbnail":["https:\/\/elcomercioenlinea.com\/wp-content\/uploads\/2024\/07\/370295-300x300.png",300,300,true],"woocommerce_single":["https:\/\/elcomercioenlinea.com\/wp-content\/uploads\/2024\/07\/370295-600x600.png",600,600,true],"woocommerce_gallery_thumbnail":["https:\/\/elcomercioenlinea.com\/wp-content\/uploads\/2024\/07\/370295-100x100.png",100,100,true]},"post_excerpt_stackable":"<p>Beneficios \u00b7 Humecta a profundidad la piel. \u00b7 Ayuda a levantar y tensar la piel del pecho. \u00b7 Previene la flacidez. \u00b7 Devuelve la suavidad natural de la piel. \u00b7 Adecuado para todo tipo de piel.. &nbsp; Modo de uso \u00b7 Apl\u00edquelo directamente en los senos despu\u00e9s de limpiar la piel, \u00faselo en la ma\u00f1ana y en la noche. \u00b7 Masajea suavemente con movimientos circulares hasta que se absorba.<\/p>\n","category_list":"","author_info":{"name":"","url":""},"comments_num":"0 comentarios","jetpack_sharing_enabled":true,"_links":{"self":[{"href":"https:\/\/elcomercioenlinea.com\/index.php\/wp-json\/wp\/v2\/product\/2530","targetHints":{"allow":["GET"]}}],"collection":[{"href":"https:\/\/elcomercioenlinea.com\/index.php\/wp-json\/wp\/v2\/product"}],"about":[{"href":"https:\/\/elcomercioenlinea.com\/index.php\/wp-json\/wp\/v2\/types\/product"}],"wp:featuredmedia":[{"embeddable":true,"href":"https:\/\/elcomercioenlinea.com\/index.php\/wp-json\/wp\/v2\/media\/2531"}],"wp:attachment":[{"href":"https:\/\/elcomercioenlinea.com\/index.php\/wp-json\/wp\/v2\/media?parent=2530"}],"wp:term":[{"taxonomy":"product_brand","embeddable":true,"href":"https:\/\/elcomercioenlinea.com\/index.php\/wp-json\/wp\/v2\/product_brand?post=2530"},{"taxonomy":"product_cat","embeddable":true,"href":"https:\/\/elcomercioenlinea.com\/index.php\/wp-json\/wp\/v2\/product_cat?post=2530"},{"taxonomy":"product_tag","embeddable":true,"href":"https:\/\/elcomercioenlinea.com\/index.php\/wp-json\/wp\/v2\/product_tag?post=2530"}],"curies":[{"name":"wp","href":"https:\/\/api.w.org\/{rel}","templated":true}]}}