{"id":2536,"date":"2024-07-08T17:52:28","date_gmt":"2024-07-08T22:52:28","guid":{"rendered":"https:\/\/elcomercioenlinea.com\/index.php\/producto\/set-de-cuchillos-x6-piezas\/"},"modified":"2024-07-08T17:56:51","modified_gmt":"2024-07-08T22:56:51","slug":"set-de-cuchillos-x6-piezas","status":"publish","type":"product","link":"https:\/\/elcomercioenlinea.com\/index.php\/producto\/set-de-cuchillos-x6-piezas\/","title":{"rendered":"SET DE CUCHILLOS X6 PIEZAS"},"content":{"rendered":"<p>Este juego de cocina puede ampliamente utilizado como cuchillo de cocinero, cuchillo de pan, cuchillo de trinchar, cuchillo de utilidad, cuchillo para pelar, cuchillo de queso, cuchillo de pizza, tijeras y pelador. Se puede satisfacer todas sus necesidades en la cocina y otros usos.<\/p>\n<p>Cuchillos de cocina uso material antiadherente que no absorbe cualquier alimento elementos, permite s\u00f3lo un r\u00e1pido enjuague y limpiar con una toalla de cocina, limpia m\u00e1s r\u00e1pido que otros materiales, muy f\u00e1cil de limpiar despu\u00e9s de su uso<\/p>\n<p>CARACTERISTICAS:<\/p>\n<p>\u2022Cortes de alta precisi\u00f3n<br \/>\n\u2022Dise\u00f1o ergon\u00f3mico y de lujo<br \/>\n\u2022Cuchillas en acero inoxidable<br \/>\n\u2022Incluye cuatro cuchillos, unas tijeras y un pelador<\/p>\n<p>CONTENIDO:<\/p>\n<p>\u20224-Cuchillos<br \/>\n\u20221-Pelador<br \/>\n\u20221-Tijeras<\/p>\n","protected":false},"excerpt":{"rendered":"<p>Este juego de cocina puede ampliamente utilizado como cuchillo de cocinero, cuchillo de pan, cuchillo de trinchar, cuchillo de utilidad, cuchillo para pelar, cuchillo de queso, cuchillo de pizza, tijeras y pelador. Se puede satisfacer todas sus necesidades en la cocina y otros usos. Cuchillos de cocina uso material antiadherente que no absorbe cualquier alimento [&hellip;]<\/p>\n","protected":false},"featured_media":2537,"template":"","meta":[],"product_brand":[],"product_cat":[25],"product_tag":[],"class_list":{"0":"post-2536","1":"product","2":"type-product","3":"status-publish","4":"has-post-thumbnail","6":"product_cat-cocina","8":"first","9":"instock","10":"shipping-taxable","11":"purchasable","12":"product-type-simple"},"featured_image_urls":{"full":["https:\/\/elcomercioenlinea.com\/wp-content\/uploads\/2024\/07\/571956.png",225,225,false],"thumbnail":["https:\/\/elcomercioenlinea.com\/wp-content\/uploads\/2024\/07\/571956-150x150.png",150,150,true],"medium":["https:\/\/elcomercioenlinea.com\/wp-content\/uploads\/2024\/07\/571956.png",225,225,false],"medium_large":["https:\/\/elcomercioenlinea.com\/wp-content\/uploads\/2024\/07\/571956.png",225,225,false],"large":["https:\/\/elcomercioenlinea.com\/wp-content\/uploads\/2024\/07\/571956.png",225,225,false],"1536x1536":["https:\/\/elcomercioenlinea.com\/wp-content\/uploads\/2024\/07\/571956.png",225,225,false],"2048x2048":["https:\/\/elcomercioenlinea.com\/wp-content\/uploads\/2024\/07\/571956.png",225,225,false],"woocommerce_archive_thumbnail":["https:\/\/elcomercioenlinea.com\/wp-content\/uploads\/2024\/07\/571956.png",225,225,false],"woocommerce_thumbnail":["https:\/\/elcomercioenlinea.com\/wp-content\/uploads\/2024\/07\/571956.png",225,225,false],"woocommerce_single":["https:\/\/elcomercioenlinea.com\/wp-content\/uploads\/2024\/07\/571956.png",225,225,false],"woocommerce_gallery_thumbnail":["https:\/\/elcomercioenlinea.com\/wp-content\/uploads\/2024\/07\/571956-100x100.png",100,100,true]},"post_excerpt_stackable":"<p>Este juego de cocina puede ampliamente utilizado como cuchillo de cocinero, cuchillo de pan, cuchillo de trinchar, cuchillo de utilidad, cuchillo para pelar, cuchillo de queso, cuchillo de pizza, tijeras y pelador. Se puede satisfacer todas sus necesidades en la cocina y otros usos. Cuchillos de cocina uso material antiadherente que no absorbe cualquier alimento elementos, permite s\u00f3lo un r\u00e1pido enjuague y limpiar con una toalla de cocina, limpia m\u00e1s r\u00e1pido que otros materiales, muy f\u00e1cil de limpiar despu\u00e9s de su uso CARACTERISTICAS: \u2022Cortes de alta precisi\u00f3n \u2022Dise\u00f1o ergon\u00f3mico y de lujo \u2022Cuchillas en acero inoxidable \u2022Incluye cuatro cuchillos, unas&hellip;<\/p>\n","category_list":"","author_info":{"name":"","url":""},"comments_num":"0 comentarios","jetpack_sharing_enabled":true,"_links":{"self":[{"href":"https:\/\/elcomercioenlinea.com\/index.php\/wp-json\/wp\/v2\/product\/2536","targetHints":{"allow":["GET"]}}],"collection":[{"href":"https:\/\/elcomercioenlinea.com\/index.php\/wp-json\/wp\/v2\/product"}],"about":[{"href":"https:\/\/elcomercioenlinea.com\/index.php\/wp-json\/wp\/v2\/types\/product"}],"wp:featuredmedia":[{"embeddable":true,"href":"https:\/\/elcomercioenlinea.com\/index.php\/wp-json\/wp\/v2\/media\/2537"}],"wp:attachment":[{"href":"https:\/\/elcomercioenlinea.com\/index.php\/wp-json\/wp\/v2\/media?parent=2536"}],"wp:term":[{"taxonomy":"product_brand","embeddable":true,"href":"https:\/\/elcomercioenlinea.com\/index.php\/wp-json\/wp\/v2\/product_brand?post=2536"},{"taxonomy":"product_cat","embeddable":true,"href":"https:\/\/elcomercioenlinea.com\/index.php\/wp-json\/wp\/v2\/product_cat?post=2536"},{"taxonomy":"product_tag","embeddable":true,"href":"https:\/\/elcomercioenlinea.com\/index.php\/wp-json\/wp\/v2\/product_tag?post=2536"}],"curies":[{"name":"wp","href":"https:\/\/api.w.org\/{rel}","templated":true}]}}