{"id":2539,"date":"2024-07-08T18:04:42","date_gmt":"2024-07-08T23:04:42","guid":{"rendered":"https:\/\/elcomercioenlinea.com\/index.php\/producto\/rascador-para-gatos-con-organo-magico\/"},"modified":"2024-07-08T18:12:13","modified_gmt":"2024-07-08T23:12:13","slug":"rascador-para-gatos-con-organo-magico","status":"publish","type":"product","link":"https:\/\/elcomercioenlinea.com\/index.php\/producto\/rascador-para-gatos-con-organo-magico\/","title":{"rendered":"Rascador para gatos magic"},"content":{"rendered":"<p>Tablas rascadoras para gatos 3 en 1: Nuestro tablero rascador para gatos con \u00f3rgano m\u00e1gico no solo es una excelente herramienta para que los gatos afilen sus garras, sino tambi\u00e9n un juguete interactivo s\u00faper atractivo para gatos cuando se combina con una bola de campana. Adem\u00e1s, tambi\u00e9n se puede utilizar como cama de descanso para gatitos peque\u00f1os.<\/p>\n<p>Materiales naturales: Utilizando papel corrugado de alta calidad y respetuoso con el medio ambiente como materia prima, adoptando un dise\u00f1o de malla de panal, las tablas rascadoras para gatos engrosadas y encriptadas tienen espacios reducidos y son m\u00e1s duraderas, y pueden acompa\u00f1ar a su gato durante mucho tiempo.<\/p>\n<p>Varias formas: Despu\u00e9s de unir los dos extremos del tablero rascador con garras para gatos, puedes darle la vuelta para obtener diferentes formas. Se puede ajustar a bola, hongo y plato giratorio, d\u00e1ndole a tu gato tres juguetes diferentes a la vez, manteni\u00e9ndolo fresco todo el tiempo.<\/p>\n<p>Campana interactiva y hierba gatera: Nuestro juguete rascador interactivo para gatos tambi\u00e9n le proporcionar\u00e1 una bola de campana y un peque\u00f1o paquete de hierba gatera, puede colocar la bola de campana primero y luego espolvorear la hierba gatera en las grietas estrechas, lo que puede ser m\u00e1s atractivo para que jueguen los gatos.<\/p>\n<p>M\u00faltiples funciones: Deje que su gato use nuestro rascador para gatos con \u00f3rgano m\u00e1gico no solo para ayudarlo a afilar sus garras, sino tambi\u00e9n para mantenerlo ocupado persiguiendo la bola de campana para lograr el efecto del ejercicio, aliviar el aburrimiento y la depresi\u00f3n y reducir el da\u00f1o a sus muebles.<\/p>\n<p>&nbsp;<\/p>\n<p>Tama\u00f1os del producto<\/p>\n<p>Cerrado: 11*11*7cm<\/p>\n<p>Abierto: 24*24*10cm<\/p>\n<p>&nbsp;<\/p>\n<p>NOTA: No lavar con agua, mantener lejos de fuentes calientes (estufas etc)<\/p>\n<p>&nbsp;<\/p>\n<p>&nbsp;<\/p>\n","protected":false},"excerpt":{"rendered":"<p>Tablas rascadoras para gatos 3 en 1: Nuestro tablero rascador para gatos con \u00f3rgano m\u00e1gico no solo es una excelente herramienta para que los gatos afilen sus garras, sino tambi\u00e9n un juguete interactivo s\u00faper atractivo para gatos cuando se combina con una bola de campana. Adem\u00e1s, tambi\u00e9n se puede utilizar como cama de descanso para [&hellip;]<\/p>\n","protected":false},"featured_media":2541,"template":"","meta":[],"product_brand":[],"product_cat":[24],"product_tag":[],"class_list":{"0":"post-2539","1":"product","2":"type-product","3":"status-publish","4":"has-post-thumbnail","6":"product_cat-mascotas","8":"first","9":"instock","10":"shipping-taxable","11":"purchasable","12":"product-type-simple"},"featured_image_urls":{"full":["https:\/\/elcomercioenlinea.com\/wp-content\/uploads\/2024\/07\/552612.png",1080,1080,false],"thumbnail":["https:\/\/elcomercioenlinea.com\/wp-content\/uploads\/2024\/07\/552612-150x150.png",150,150,true],"medium":["https:\/\/elcomercioenlinea.com\/wp-content\/uploads\/2024\/07\/552612-300x300.png",300,300,true],"medium_large":["https:\/\/elcomercioenlinea.com\/wp-content\/uploads\/2024\/07\/552612-768x768.png",768,768,true],"large":["https:\/\/elcomercioenlinea.com\/wp-content\/uploads\/2024\/07\/552612-1024x1024.png",1024,1024,true],"1536x1536":["https:\/\/elcomercioenlinea.com\/wp-content\/uploads\/2024\/07\/552612.png",1080,1080,false],"2048x2048":["https:\/\/elcomercioenlinea.com\/wp-content\/uploads\/2024\/07\/552612.png",1080,1080,false],"woocommerce_archive_thumbnail":["https:\/\/elcomercioenlinea.com\/wp-content\/uploads\/2024\/07\/552612-300x300.png",300,300,true],"woocommerce_thumbnail":["https:\/\/elcomercioenlinea.com\/wp-content\/uploads\/2024\/07\/552612-300x300.png",300,300,true],"woocommerce_single":["https:\/\/elcomercioenlinea.com\/wp-content\/uploads\/2024\/07\/552612-600x600.png",600,600,true],"woocommerce_gallery_thumbnail":["https:\/\/elcomercioenlinea.com\/wp-content\/uploads\/2024\/07\/552612-100x100.png",100,100,true]},"post_excerpt_stackable":"<p>Tablas rascadoras para gatos 3 en 1: Nuestro tablero rascador para gatos con \u00f3rgano m\u00e1gico no solo es una excelente herramienta para que los gatos afilen sus garras, sino tambi\u00e9n un juguete interactivo s\u00faper atractivo para gatos cuando se combina con una bola de campana. Adem\u00e1s, tambi\u00e9n se puede utilizar como cama de descanso para gatitos peque\u00f1os. Materiales naturales: Utilizando papel corrugado de alta calidad y respetuoso con el medio ambiente como materia prima, adoptando un dise\u00f1o de malla de panal, las tablas rascadoras para gatos engrosadas y encriptadas tienen espacios reducidos y son m\u00e1s duraderas, y pueden acompa\u00f1ar a&hellip;<\/p>\n","category_list":"","author_info":{"name":"","url":""},"comments_num":"0 comentarios","jetpack_sharing_enabled":true,"_links":{"self":[{"href":"https:\/\/elcomercioenlinea.com\/index.php\/wp-json\/wp\/v2\/product\/2539","targetHints":{"allow":["GET"]}}],"collection":[{"href":"https:\/\/elcomercioenlinea.com\/index.php\/wp-json\/wp\/v2\/product"}],"about":[{"href":"https:\/\/elcomercioenlinea.com\/index.php\/wp-json\/wp\/v2\/types\/product"}],"wp:featuredmedia":[{"embeddable":true,"href":"https:\/\/elcomercioenlinea.com\/index.php\/wp-json\/wp\/v2\/media\/2541"}],"wp:attachment":[{"href":"https:\/\/elcomercioenlinea.com\/index.php\/wp-json\/wp\/v2\/media?parent=2539"}],"wp:term":[{"taxonomy":"product_brand","embeddable":true,"href":"https:\/\/elcomercioenlinea.com\/index.php\/wp-json\/wp\/v2\/product_brand?post=2539"},{"taxonomy":"product_cat","embeddable":true,"href":"https:\/\/elcomercioenlinea.com\/index.php\/wp-json\/wp\/v2\/product_cat?post=2539"},{"taxonomy":"product_tag","embeddable":true,"href":"https:\/\/elcomercioenlinea.com\/index.php\/wp-json\/wp\/v2\/product_tag?post=2539"}],"curies":[{"name":"wp","href":"https:\/\/api.w.org\/{rel}","templated":true}]}}