{"id":2547,"date":"2024-07-08T18:38:47","date_gmt":"2024-07-08T23:38:47","guid":{"rendered":"https:\/\/elcomercioenlinea.com\/index.php\/producto\/guante-de-silicona-mascotas\/"},"modified":"2024-07-08T18:42:51","modified_gmt":"2024-07-08T23:42:51","slug":"guante-de-silicona-mascotas","status":"publish","type":"product","link":"https:\/\/elcomercioenlinea.com\/index.php\/producto\/guante-de-silicona-mascotas\/","title":{"rendered":"GUANTE DE SILICONA MASCOTAS"},"content":{"rendered":"<p>Guante De Silicona Masajeador Para Mascotas Perros Gatos Especificaciones: Color: Azul Oscuro tama\u00f1o: aprox. 23x18x4 cm\/9.44&#215;6.29in Material: Caucho \u200b Material de caucho, puede dar a su mascota un buen cuidado sin da\u00f1ar la piel del animal dom\u00e9stico. Imita el toque de su mano para un masaje; Incluye 180 puntas de silicona blanda para el novio con facilidad. El pelo se pega a la guante, por lo que es f\u00e1cil de quitar y tirar del pelo despu\u00e9s del aseo del perro y gato. Mantenga su casa limpia con el guante t\u00e1ctil reduciendo al m\u00ednimo derramamiento de pelos de perros y gatos. Para todos los tama\u00f1os y razas.\u200b \u200b<\/p>\n","protected":false},"excerpt":{"rendered":"<p>Guante De Silicona Masajeador Para Mascotas Perros Gatos Especificaciones: Color: Azul Oscuro tama\u00f1o: aprox. 23x18x4 cm\/9.44&#215;6.29in Material: Caucho \u200b Material de caucho, puede dar a su mascota un buen cuidado sin da\u00f1ar la piel del animal dom\u00e9stico. Imita el toque de su mano para un masaje; Incluye 180 puntas de silicona blanda para el novio [&hellip;]<\/p>\n","protected":false},"featured_media":2548,"template":"","meta":[],"product_brand":[],"product_cat":[24],"product_tag":[],"class_list":{"0":"post-2547","1":"product","2":"type-product","3":"status-publish","4":"has-post-thumbnail","6":"product_cat-mascotas","8":"first","9":"instock","10":"shipping-taxable","11":"purchasable","12":"product-type-simple"},"featured_image_urls":{"full":["https:\/\/elcomercioenlinea.com\/wp-content\/uploads\/2024\/07\/202798.png",688,688,false],"thumbnail":["https:\/\/elcomercioenlinea.com\/wp-content\/uploads\/2024\/07\/202798-150x150.png",150,150,true],"medium":["https:\/\/elcomercioenlinea.com\/wp-content\/uploads\/2024\/07\/202798-300x300.png",300,300,true],"medium_large":["https:\/\/elcomercioenlinea.com\/wp-content\/uploads\/2024\/07\/202798.png",688,688,false],"large":["https:\/\/elcomercioenlinea.com\/wp-content\/uploads\/2024\/07\/202798.png",688,688,false],"1536x1536":["https:\/\/elcomercioenlinea.com\/wp-content\/uploads\/2024\/07\/202798.png",688,688,false],"2048x2048":["https:\/\/elcomercioenlinea.com\/wp-content\/uploads\/2024\/07\/202798.png",688,688,false],"woocommerce_archive_thumbnail":["https:\/\/elcomercioenlinea.com\/wp-content\/uploads\/2024\/07\/202798-300x300.png",300,300,true],"woocommerce_thumbnail":["https:\/\/elcomercioenlinea.com\/wp-content\/uploads\/2024\/07\/202798-300x300.png",300,300,true],"woocommerce_single":["https:\/\/elcomercioenlinea.com\/wp-content\/uploads\/2024\/07\/202798-600x600.png",600,600,true],"woocommerce_gallery_thumbnail":["https:\/\/elcomercioenlinea.com\/wp-content\/uploads\/2024\/07\/202798-100x100.png",100,100,true]},"post_excerpt_stackable":"<p>Guante De Silicona Masajeador Para Mascotas Perros Gatos Especificaciones: Color: Azul Oscuro tama\u00f1o: aprox. 23x18x4 cm\/9.44&#215;6.29in Material: Caucho \u200b Material de caucho, puede dar a su mascota un buen cuidado sin da\u00f1ar la piel del animal dom\u00e9stico. Imita el toque de su mano para un masaje; Incluye 180 puntas de silicona blanda para el novio con facilidad. El pelo se pega a la guante, por lo que es f\u00e1cil de quitar y tirar del pelo despu\u00e9s del aseo del perro y gato. Mantenga su casa limpia con el guante t\u00e1ctil reduciendo al m\u00ednimo derramamiento de pelos de perros y gatos.&hellip;<\/p>\n","category_list":"","author_info":{"name":"","url":""},"comments_num":"0 comentarios","jetpack_sharing_enabled":true,"_links":{"self":[{"href":"https:\/\/elcomercioenlinea.com\/index.php\/wp-json\/wp\/v2\/product\/2547","targetHints":{"allow":["GET"]}}],"collection":[{"href":"https:\/\/elcomercioenlinea.com\/index.php\/wp-json\/wp\/v2\/product"}],"about":[{"href":"https:\/\/elcomercioenlinea.com\/index.php\/wp-json\/wp\/v2\/types\/product"}],"wp:featuredmedia":[{"embeddable":true,"href":"https:\/\/elcomercioenlinea.com\/index.php\/wp-json\/wp\/v2\/media\/2548"}],"wp:attachment":[{"href":"https:\/\/elcomercioenlinea.com\/index.php\/wp-json\/wp\/v2\/media?parent=2547"}],"wp:term":[{"taxonomy":"product_brand","embeddable":true,"href":"https:\/\/elcomercioenlinea.com\/index.php\/wp-json\/wp\/v2\/product_brand?post=2547"},{"taxonomy":"product_cat","embeddable":true,"href":"https:\/\/elcomercioenlinea.com\/index.php\/wp-json\/wp\/v2\/product_cat?post=2547"},{"taxonomy":"product_tag","embeddable":true,"href":"https:\/\/elcomercioenlinea.com\/index.php\/wp-json\/wp\/v2\/product_tag?post=2547"}],"curies":[{"name":"wp","href":"https:\/\/api.w.org\/{rel}","templated":true}]}}