{"id":2568,"date":"2024-07-08T18:57:13","date_gmt":"2024-07-08T23:57:13","guid":{"rendered":"https:\/\/elcomercioenlinea.com\/index.php\/producto\/lima-electrica-unas-mascotas\/"},"modified":"2024-07-08T18:58:52","modified_gmt":"2024-07-08T23:58:52","slug":"lima-electrica-unas-mascotas","status":"publish","type":"product","link":"https:\/\/elcomercioenlinea.com\/index.php\/producto\/lima-electrica-unas-mascotas\/","title":{"rendered":"Lima El\u00e9ctrica U\u00f1as Mascotas"},"content":{"rendered":"<ul>\n<li><strong>Material:\u00a0<\/strong>Pl\u00e1stico.<\/li>\n<li><strong>Tama\u00f1o Aprox. Producto:\u00a0<\/strong>17.5 x 3 cm<\/li>\n<li><strong>Peso:\u00a0<\/strong>33\u00a0g. Aprox.<\/li>\n<li>Funciona con 2 pilas AA no incluidas.<\/li>\n<li>Consigue un acabado perfecto, incluso con las u\u00f1as m\u00e1s duras.<\/li>\n<li>Este producto est\u00e9tico para mascotas es muy exclusivo y efectivo.<\/li>\n<li>En pocos segundos tu mascota tendr\u00e1 unas u\u00f1as perfectas y redondeadas.<\/li>\n<li>Tiene 1 nivel de velocidad.<\/li>\n<li>La cabeza tiene 1 orificio que se adapta a las u\u00f1as de todos los tama\u00f1os, para evitar que se limite m\u00e1s de lo necesario.<\/li>\n<li>El kit contiene 3 repuestos adicionales.<\/li>\n<li>Es la forma m\u00e1s r\u00e1pida y reciente de mantener las u\u00f1as de tu mascota redondeadas y lisas sin ensuciar.<\/li>\n<li>Este producto es silencioso, con poco ruido, no les molestar\u00e1 a tus mascotas.<\/li>\n<li>Ahora puedes recortar sin dolor y f\u00e1cilmente las u\u00f1as de tu mascota en cualquier lugar sin el dolor causado por los corta\u00fa\u00f1as tradicionales.<\/li>\n<li>M\u00e1s seguro, m\u00e1s r\u00e1pido y c\u00f3modo que los cortadores tradicionales.<\/li>\n<li>La pieza sobre la piedra se puede quitar para una f\u00e1cil limpieza.<\/li>\n<\/ul>\n<p><strong>Contenido del Paquete<\/strong><\/p>\n<ul>\n<li>1 Pulidor de unas mascotas.<\/li>\n<li>3 Cabezales de repuesto.<\/li>\n<li><strong>100 % Nueva<\/strong><\/li>\n<\/ul>\n","protected":false},"excerpt":{"rendered":"<p>Material:\u00a0Pl\u00e1stico. Tama\u00f1o Aprox. Producto:\u00a017.5 x 3 cm Peso:\u00a033\u00a0g. Aprox. Funciona con 2 pilas AA no incluidas. Consigue un acabado perfecto, incluso con las u\u00f1as m\u00e1s duras. Este producto est\u00e9tico para mascotas es muy exclusivo y efectivo. En pocos segundos tu mascota tendr\u00e1 unas u\u00f1as perfectas y redondeadas. Tiene 1 nivel de velocidad. La cabeza tiene [&hellip;]<\/p>\n","protected":false},"featured_media":2569,"template":"","meta":[],"product_brand":[],"product_cat":[17,24],"product_tag":[],"class_list":{"0":"post-2568","1":"product","2":"type-product","3":"status-publish","4":"has-post-thumbnail","6":"product_cat-hogar","7":"product_cat-mascotas","9":"first","10":"instock","11":"shipping-taxable","12":"purchasable","13":"product-type-simple"},"featured_image_urls":{"full":["https:\/\/elcomercioenlinea.com\/wp-content\/uploads\/2024\/07\/156964.png",1000,1000,false],"thumbnail":["https:\/\/elcomercioenlinea.com\/wp-content\/uploads\/2024\/07\/156964-150x150.png",150,150,true],"medium":["https:\/\/elcomercioenlinea.com\/wp-content\/uploads\/2024\/07\/156964-300x300.png",300,300,true],"medium_large":["https:\/\/elcomercioenlinea.com\/wp-content\/uploads\/2024\/07\/156964-768x768.png",768,768,true],"large":["https:\/\/elcomercioenlinea.com\/wp-content\/uploads\/2024\/07\/156964.png",1000,1000,false],"1536x1536":["https:\/\/elcomercioenlinea.com\/wp-content\/uploads\/2024\/07\/156964.png",1000,1000,false],"2048x2048":["https:\/\/elcomercioenlinea.com\/wp-content\/uploads\/2024\/07\/156964.png",1000,1000,false],"woocommerce_archive_thumbnail":["https:\/\/elcomercioenlinea.com\/wp-content\/uploads\/2024\/07\/156964-300x300.png",300,300,true],"woocommerce_thumbnail":["https:\/\/elcomercioenlinea.com\/wp-content\/uploads\/2024\/07\/156964-300x300.png",300,300,true],"woocommerce_single":["https:\/\/elcomercioenlinea.com\/wp-content\/uploads\/2024\/07\/156964-600x600.png",600,600,true],"woocommerce_gallery_thumbnail":["https:\/\/elcomercioenlinea.com\/wp-content\/uploads\/2024\/07\/156964-100x100.png",100,100,true]},"post_excerpt_stackable":"<p>Material:\u00a0Pl\u00e1stico. Tama\u00f1o Aprox. Producto:\u00a017.5 x 3 cm Peso:\u00a033\u00a0g. Aprox. Funciona con 2 pilas AA no incluidas. Consigue un acabado perfecto, incluso con las u\u00f1as m\u00e1s duras. Este producto est\u00e9tico para mascotas es muy exclusivo y efectivo. En pocos segundos tu mascota tendr\u00e1 unas u\u00f1as perfectas y redondeadas. Tiene 1 nivel de velocidad. La cabeza tiene 1 orificio que se adapta a las u\u00f1as de todos los tama\u00f1os, para evitar que se limite m\u00e1s de lo necesario. El kit contiene 3 repuestos adicionales. Es la forma m\u00e1s r\u00e1pida y reciente de mantener las u\u00f1as de tu mascota redondeadas y lisas sin&hellip;<\/p>\n","category_list":"","author_info":{"name":"","url":""},"comments_num":"0 comentarios","jetpack_sharing_enabled":true,"_links":{"self":[{"href":"https:\/\/elcomercioenlinea.com\/index.php\/wp-json\/wp\/v2\/product\/2568","targetHints":{"allow":["GET"]}}],"collection":[{"href":"https:\/\/elcomercioenlinea.com\/index.php\/wp-json\/wp\/v2\/product"}],"about":[{"href":"https:\/\/elcomercioenlinea.com\/index.php\/wp-json\/wp\/v2\/types\/product"}],"wp:featuredmedia":[{"embeddable":true,"href":"https:\/\/elcomercioenlinea.com\/index.php\/wp-json\/wp\/v2\/media\/2569"}],"wp:attachment":[{"href":"https:\/\/elcomercioenlinea.com\/index.php\/wp-json\/wp\/v2\/media?parent=2568"}],"wp:term":[{"taxonomy":"product_brand","embeddable":true,"href":"https:\/\/elcomercioenlinea.com\/index.php\/wp-json\/wp\/v2\/product_brand?post=2568"},{"taxonomy":"product_cat","embeddable":true,"href":"https:\/\/elcomercioenlinea.com\/index.php\/wp-json\/wp\/v2\/product_cat?post=2568"},{"taxonomy":"product_tag","embeddable":true,"href":"https:\/\/elcomercioenlinea.com\/index.php\/wp-json\/wp\/v2\/product_tag?post=2568"}],"curies":[{"name":"wp","href":"https:\/\/api.w.org\/{rel}","templated":true}]}}