{"id":2581,"date":"2024-07-09T17:44:16","date_gmt":"2024-07-09T22:44:16","guid":{"rendered":"https:\/\/elcomercioenlinea.com\/index.php\/producto\/guante-peinar-acariciar-mascotas-cepil\/"},"modified":"2024-07-09T17:47:49","modified_gmt":"2024-07-09T22:47:49","slug":"guante-peinar-acariciar-mascotas-cepil","status":"publish","type":"product","link":"https:\/\/elcomercioenlinea.com\/index.php\/producto\/guante-peinar-acariciar-mascotas-cepil\/","title":{"rendered":"Guante + Cepillo para mascotas quitapelusa"},"content":{"rendered":"<p>Guante Peinar Acariciar Mascotas + Cepillo Quita Motas Pelos<\/p>\n<p>&nbsp;<\/p>\n<ol>\n<li>Material de caucho, puede dar a su mascota un buen cuidado sin da\u00f1ar la piel del animal dom\u00e9stico.<br \/>\n2. Imita el toque de su mano para un masaje; incluye 180 puntas de silicona blanda para el novio con facilidad.<br \/>\n3. El pelo se pega al guante, por lo que es f\u00e1cil de quitar y tirar del pelo despu\u00e9s del aseo del perro y gato<br \/>\n4. Mantenga su casa limpia con el guante t\u00e1ctil reduciendo al m\u00ednimo derramamiento de pelos de perros y gatos.<br \/>\n5. Para todos los tama\u00f1os y razas.<\/li>\n<li>Si tiene mascotas, necesita un removedor de pelo para mascotas. Deje que el Fur Wizard haga frente a la tarea imposible de quitar pelusas y pelusas indeseadas de su ropa. Captura la piel r\u00e1pida y f\u00e1cilmente gracias a su varita de doble cara y tama\u00f1o extra grande. Recoge pieles y pelusas en el doble del tiempo de un cepillo de pelusa unilateral. Es un cepillo de pelusa autolimpiable. Un ba\u00f1o en la base de autolimpieza elimina la piel del cepillo.<br \/>\nLa elecci\u00f3n econ\u00f3mica. Usted usa una hoja tras otra con un rodillo de pelusa est\u00e1ndar. Con el nunca m\u00e1s perder\u00e1s dinero en otra recarga. El cepillo de pelusa de doble cara es reutilizable y f\u00e1cil de limpiar. \u00a1No hay relleno, ni cinta adhesiva ni l\u00edo! \u00a1Es una necesidad para todos los guardianes de mascotas!<\/li>\n<\/ol>\n<p>Caracter\u00edsticas:<\/p>\n<p>Material: Pl\u00e1stico, acero.<\/p>\n<p>Color: Azul Oscuro. Verde, rojo, anaranjado<br \/>\ntama\u00f1o: aprox. 23x18x4 cm\/9.44&#215;6.29in.<br \/>\nMaterial: Caucho.<\/p>\n<p>Color: Blanco con azul<\/p>\n<p>Material: Pl\u00e1stico,<\/p>\n<p>Medidas: 12cm x 1cm x 3cm x 4cm x 2cm x 3cm<\/p>\n","protected":false},"excerpt":{"rendered":"<p>Guante Peinar Acariciar Mascotas + Cepillo Quita Motas Pelos &nbsp; Material de caucho, puede dar a su mascota un buen cuidado sin da\u00f1ar la piel del animal dom\u00e9stico. 2. Imita el toque de su mano para un masaje; incluye 180 puntas de silicona blanda para el novio con facilidad. 3. El pelo se pega al [&hellip;]<\/p>\n","protected":false},"featured_media":2582,"template":"","meta":[],"product_brand":[],"product_cat":[24],"product_tag":[],"class_list":{"0":"post-2581","1":"product","2":"type-product","3":"status-publish","4":"has-post-thumbnail","6":"product_cat-mascotas","8":"first","9":"instock","10":"shipping-taxable","11":"purchasable","12":"product-type-simple"},"featured_image_urls":{"full":["https:\/\/elcomercioenlinea.com\/wp-content\/uploads\/2024\/07\/54940.png",1181,1018,false],"thumbnail":["https:\/\/elcomercioenlinea.com\/wp-content\/uploads\/2024\/07\/54940-150x150.png",150,150,true],"medium":["https:\/\/elcomercioenlinea.com\/wp-content\/uploads\/2024\/07\/54940-300x259.png",300,259,true],"medium_large":["https:\/\/elcomercioenlinea.com\/wp-content\/uploads\/2024\/07\/54940-768x662.png",768,662,true],"large":["https:\/\/elcomercioenlinea.com\/wp-content\/uploads\/2024\/07\/54940-1024x883.png",1024,883,true],"1536x1536":["https:\/\/elcomercioenlinea.com\/wp-content\/uploads\/2024\/07\/54940.png",1181,1018,false],"2048x2048":["https:\/\/elcomercioenlinea.com\/wp-content\/uploads\/2024\/07\/54940.png",1181,1018,false],"woocommerce_archive_thumbnail":["https:\/\/elcomercioenlinea.com\/wp-content\/uploads\/2024\/07\/54940-300x259.png",300,259,true],"woocommerce_thumbnail":["https:\/\/elcomercioenlinea.com\/wp-content\/uploads\/2024\/07\/54940-300x300.png",300,300,true],"woocommerce_single":["https:\/\/elcomercioenlinea.com\/wp-content\/uploads\/2024\/07\/54940-600x517.png",600,517,true],"woocommerce_gallery_thumbnail":["https:\/\/elcomercioenlinea.com\/wp-content\/uploads\/2024\/07\/54940-100x100.png",100,100,true]},"post_excerpt_stackable":"<p>Guante Peinar Acariciar Mascotas + Cepillo Quita Motas Pelos &nbsp; Material de caucho, puede dar a su mascota un buen cuidado sin da\u00f1ar la piel del animal dom\u00e9stico. 2. Imita el toque de su mano para un masaje; incluye 180 puntas de silicona blanda para el novio con facilidad. 3. El pelo se pega al guante, por lo que es f\u00e1cil de quitar y tirar del pelo despu\u00e9s del aseo del perro y gato 4. Mantenga su casa limpia con el guante t\u00e1ctil reduciendo al m\u00ednimo derramamiento de pelos de perros y gatos. 5. Para todos los tama\u00f1os y razas.&hellip;<\/p>\n","category_list":"","author_info":{"name":"","url":""},"comments_num":"0 comentarios","jetpack_sharing_enabled":true,"_links":{"self":[{"href":"https:\/\/elcomercioenlinea.com\/index.php\/wp-json\/wp\/v2\/product\/2581","targetHints":{"allow":["GET"]}}],"collection":[{"href":"https:\/\/elcomercioenlinea.com\/index.php\/wp-json\/wp\/v2\/product"}],"about":[{"href":"https:\/\/elcomercioenlinea.com\/index.php\/wp-json\/wp\/v2\/types\/product"}],"wp:featuredmedia":[{"embeddable":true,"href":"https:\/\/elcomercioenlinea.com\/index.php\/wp-json\/wp\/v2\/media\/2582"}],"wp:attachment":[{"href":"https:\/\/elcomercioenlinea.com\/index.php\/wp-json\/wp\/v2\/media?parent=2581"}],"wp:term":[{"taxonomy":"product_brand","embeddable":true,"href":"https:\/\/elcomercioenlinea.com\/index.php\/wp-json\/wp\/v2\/product_brand?post=2581"},{"taxonomy":"product_cat","embeddable":true,"href":"https:\/\/elcomercioenlinea.com\/index.php\/wp-json\/wp\/v2\/product_cat?post=2581"},{"taxonomy":"product_tag","embeddable":true,"href":"https:\/\/elcomercioenlinea.com\/index.php\/wp-json\/wp\/v2\/product_tag?post=2581"}],"curies":[{"name":"wp","href":"https:\/\/api.w.org\/{rel}","templated":true}]}}