{"id":2598,"date":"2024-07-09T17:52:58","date_gmt":"2024-07-09T22:52:58","guid":{"rendered":"https:\/\/elcomercioenlinea.com\/index.php\/producto\/proyector-estrellas\/"},"modified":"2024-07-17T08:14:44","modified_gmt":"2024-07-17T13:14:44","slug":"proyector-estrellas","status":"publish","type":"product","link":"https:\/\/elcomercioenlinea.com\/index.php\/producto\/proyector-estrellas\/","title":{"rendered":"Proyector Estrellas"},"content":{"rendered":"<p>Ideal para decorar e iluminar las habitaciones con hermosas luces nocturnas simulando un cielo estrellado. Tama\u00f1o peque\u00f1o y port\u00e1til, un hermoso regalo para dar a su pareja y ni\u00f1os.<\/p>\n<ul>\n<li><strong>Material:<\/strong> Pl\u00e1stico.<\/li>\n<li><strong>Tama\u00f1o Aprox.:<\/strong> 10 x 7,5 x 7,5 cm.<\/li>\n<li>Tama\u00f1o Paquete: 10 x 8 x 8 cm<\/li>\n<li><strong>Peso Aprox.:<\/strong> 99 g.<\/li>\n<li><strong>Fuente de alimentaci\u00f3n:<\/strong> Cable USB (Incluido).<\/li>\n<li><strong>Potencia:<\/strong> 5W<\/li>\n<li>Luces nocturnas inteligentes y coloridas que inspiran la imaginaci\u00f3n de los ni\u00f1os.<\/li>\n<li>Rotaci\u00f3n de 360 \u200b\u200bgrados, proporcionando un cielo nocturno que tu ni\u00f1o disfrutar\u00e1.<\/li>\n<li>Un regalo sorprendente para los ni\u00f1os.<\/li>\n<li>Crea un ambiente rom\u00e1ntico para las parejas.<\/li>\n<li>Es perfecto para que los ni\u00f1os duerman f\u00e1cilmente gracias a sus relajantes luces.<\/li>\n<li>Ideal como l\u00e1mpara quita miedos.<\/li>\n<li><strong>Contenido Del Paquete:<\/strong><\/li>\n<li>1 l\u00e1mpara rotatoria proyector.<\/li>\n<li>1 cable USB .<\/li>\n<li><strong>100 % nuevos<\/strong><\/li>\n<\/ul>\n","protected":false},"excerpt":{"rendered":"<p>Ideal para decorar e iluminar las habitaciones con hermosas luces nocturnas simulando un cielo estrellado. Tama\u00f1o peque\u00f1o y port\u00e1til, un hermoso regalo para dar a su pareja y ni\u00f1os. Material: Pl\u00e1stico. Tama\u00f1o Aprox.: 10 x 7,5 x 7,5 cm. Tama\u00f1o Paquete: 10 x 8 x 8 cm Peso Aprox.: 99 g. Fuente de alimentaci\u00f3n: Cable [&hellip;]<\/p>\n","protected":false},"featured_media":2599,"template":"","meta":[],"product_brand":[],"product_cat":[18],"product_tag":[],"class_list":{"0":"post-2598","1":"product","2":"type-product","3":"status-publish","4":"has-post-thumbnail","6":"product_cat-tecnologia","8":"first","9":"instock","10":"shipping-taxable","11":"purchasable","12":"product-type-simple"},"featured_image_urls":{"full":["https:\/\/elcomercioenlinea.com\/wp-content\/uploads\/2024\/07\/735559.png",1200,1200,false],"thumbnail":["https:\/\/elcomercioenlinea.com\/wp-content\/uploads\/2024\/07\/735559-150x150.png",150,150,true],"medium":["https:\/\/elcomercioenlinea.com\/wp-content\/uploads\/2024\/07\/735559-300x300.png",300,300,true],"medium_large":["https:\/\/elcomercioenlinea.com\/wp-content\/uploads\/2024\/07\/735559-768x768.png",768,768,true],"large":["https:\/\/elcomercioenlinea.com\/wp-content\/uploads\/2024\/07\/735559-1024x1024.png",1024,1024,true],"1536x1536":["https:\/\/elcomercioenlinea.com\/wp-content\/uploads\/2024\/07\/735559.png",1200,1200,false],"2048x2048":["https:\/\/elcomercioenlinea.com\/wp-content\/uploads\/2024\/07\/735559.png",1200,1200,false],"woocommerce_archive_thumbnail":["https:\/\/elcomercioenlinea.com\/wp-content\/uploads\/2024\/07\/735559-300x300.png",300,300,true],"woocommerce_thumbnail":["https:\/\/elcomercioenlinea.com\/wp-content\/uploads\/2024\/07\/735559-300x300.png",300,300,true],"woocommerce_single":["https:\/\/elcomercioenlinea.com\/wp-content\/uploads\/2024\/07\/735559-600x600.png",600,600,true],"woocommerce_gallery_thumbnail":["https:\/\/elcomercioenlinea.com\/wp-content\/uploads\/2024\/07\/735559-100x100.png",100,100,true]},"post_excerpt_stackable":"<p>Ideal para decorar e iluminar las habitaciones con hermosas luces nocturnas simulando un cielo estrellado. Tama\u00f1o peque\u00f1o y port\u00e1til, un hermoso regalo para dar a su pareja y ni\u00f1os. Material: Pl\u00e1stico. Tama\u00f1o Aprox.: 10 x 7,5 x 7,5 cm. Tama\u00f1o Paquete: 10 x 8 x 8 cm Peso Aprox.: 99 g. Fuente de alimentaci\u00f3n: Cable USB (Incluido). Potencia: 5W Luces nocturnas inteligentes y coloridas que inspiran la imaginaci\u00f3n de los ni\u00f1os. Rotaci\u00f3n de 360 \u200b\u200bgrados, proporcionando un cielo nocturno que tu ni\u00f1o disfrutar\u00e1. Un regalo sorprendente para los ni\u00f1os. Crea un ambiente rom\u00e1ntico para las parejas. Es perfecto para que&hellip;<\/p>\n","category_list":"","author_info":{"name":"","url":""},"comments_num":"0 comentarios","jetpack_sharing_enabled":true,"_links":{"self":[{"href":"https:\/\/elcomercioenlinea.com\/index.php\/wp-json\/wp\/v2\/product\/2598","targetHints":{"allow":["GET"]}}],"collection":[{"href":"https:\/\/elcomercioenlinea.com\/index.php\/wp-json\/wp\/v2\/product"}],"about":[{"href":"https:\/\/elcomercioenlinea.com\/index.php\/wp-json\/wp\/v2\/types\/product"}],"wp:featuredmedia":[{"embeddable":true,"href":"https:\/\/elcomercioenlinea.com\/index.php\/wp-json\/wp\/v2\/media\/2599"}],"wp:attachment":[{"href":"https:\/\/elcomercioenlinea.com\/index.php\/wp-json\/wp\/v2\/media?parent=2598"}],"wp:term":[{"taxonomy":"product_brand","embeddable":true,"href":"https:\/\/elcomercioenlinea.com\/index.php\/wp-json\/wp\/v2\/product_brand?post=2598"},{"taxonomy":"product_cat","embeddable":true,"href":"https:\/\/elcomercioenlinea.com\/index.php\/wp-json\/wp\/v2\/product_cat?post=2598"},{"taxonomy":"product_tag","embeddable":true,"href":"https:\/\/elcomercioenlinea.com\/index.php\/wp-json\/wp\/v2\/product_tag?post=2598"}],"curies":[{"name":"wp","href":"https:\/\/api.w.org\/{rel}","templated":true}]}}