{"id":2619,"date":"2024-07-10T11:35:28","date_gmt":"2024-07-10T16:35:28","guid":{"rendered":"https:\/\/elcomercioenlinea.com\/index.php\/producto\/lampara-luna-astronauta-cohete\/"},"modified":"2024-07-10T11:35:28","modified_gmt":"2024-07-10T16:35:28","slug":"lampara-luna-astronauta-cohete","status":"publish","type":"product","link":"https:\/\/elcomercioenlinea.com\/index.php\/producto\/lampara-luna-astronauta-cohete\/","title":{"rendered":"Lampara Luna Astronauta Cohete"},"content":{"rendered":"<p>En la actualidad, las hermosas figuras decorativas est\u00e1n marcando tendencia, especialmente las l\u00e1mparas de luna con astronauta en 3D. Estos dise\u00f1os innovadores pueden destacar en cualquier espacio de tu hogar. Adem\u00e1s, estas l\u00e1mparas est\u00e1n equipadas con un sistema de iluminaci\u00f3n LED que crea un agradable efecto de luz blanca.<\/p>\n<p>\/\/\/ La lampara incluye cable para recargar\/\/\/<\/p>\n<p>Ficha T\u00e9cnica:<br \/>Material de la lampara: PVC libre de BPA<br \/>Posee su interruptor de encendido y apagado<br \/>Alimentaci\u00f3n : Recargable por medio de cable<br \/>Color de Luz : Blanca<br \/>Aplicaci\u00f3n : Habitaci\u00f3n, uso interior, Decoraci\u00f3n en fiestas y m\u00e1s.<br \/>Dimensiones : 13 cm x 22.5 cm x 9 cm<\/p>\n<p>T\u00e9rminos de Garant\u00eda: Para defectos de f\u00e1brica o retractos: Por favor revise el producto apenas lo reciba y antes de usarlo. No aplican ley de retracto o defectos de f\u00e1brica luego de usar el producto. Se manejan m\u00e1ximo 5 d\u00edas para reportar defectos de f\u00e1brica (por ejemplo, producto funciona mal, piezas faltantes, rotas, etc). Para hacer efectiva la devoluci\u00f3n el producto debe devolverse con el empaque original, el cual debe estar en buen estado, incluir todos los documentos y las partes completas y sin da\u00f1os.<br \/>&nbsp;<\/p>\n","protected":false},"excerpt":{"rendered":"<p>En la actualidad, las hermosas figuras decorativas est\u00e1n marcando tendencia, especialmente las l\u00e1mparas de luna con astronauta en 3D. Estos dise\u00f1os innovadores pueden destacar en cualquier espacio de tu hogar. Adem\u00e1s, estas l\u00e1mparas est\u00e1n equipadas con un sistema de iluminaci\u00f3n LED que crea un agradable efecto de luz blanca. \/\/\/ La lampara incluye cable para [&hellip;]<\/p>\n","protected":false},"featured_media":2620,"template":"","meta":[],"product_brand":[],"product_cat":[15],"product_tag":[],"class_list":{"0":"post-2619","1":"product","2":"type-product","3":"status-publish","4":"has-post-thumbnail","6":"product_cat-sin-categoria","8":"first","9":"instock","10":"shipping-taxable","11":"purchasable","12":"product-type-simple"},"featured_image_urls":{"full":["https:\/\/elcomercioenlinea.com\/wp-content\/uploads\/2024\/07\/940057.png",1300,1300,false],"thumbnail":["https:\/\/elcomercioenlinea.com\/wp-content\/uploads\/2024\/07\/940057-150x150.png",150,150,true],"medium":["https:\/\/elcomercioenlinea.com\/wp-content\/uploads\/2024\/07\/940057-300x300.png",300,300,true],"medium_large":["https:\/\/elcomercioenlinea.com\/wp-content\/uploads\/2024\/07\/940057-768x768.png",768,768,true],"large":["https:\/\/elcomercioenlinea.com\/wp-content\/uploads\/2024\/07\/940057-1024x1024.png",1024,1024,true],"1536x1536":["https:\/\/elcomercioenlinea.com\/wp-content\/uploads\/2024\/07\/940057.png",1300,1300,false],"2048x2048":["https:\/\/elcomercioenlinea.com\/wp-content\/uploads\/2024\/07\/940057.png",1300,1300,false],"woocommerce_archive_thumbnail":["https:\/\/elcomercioenlinea.com\/wp-content\/uploads\/2024\/07\/940057-300x300.png",300,300,true],"woocommerce_thumbnail":["https:\/\/elcomercioenlinea.com\/wp-content\/uploads\/2024\/07\/940057-300x300.png",300,300,true],"woocommerce_single":["https:\/\/elcomercioenlinea.com\/wp-content\/uploads\/2024\/07\/940057-600x600.png",600,600,true],"woocommerce_gallery_thumbnail":["https:\/\/elcomercioenlinea.com\/wp-content\/uploads\/2024\/07\/940057-100x100.png",100,100,true]},"post_excerpt_stackable":"<p>En la actualidad, las hermosas figuras decorativas est\u00e1n marcando tendencia, especialmente las l\u00e1mparas de luna con astronauta en 3D. Estos dise\u00f1os innovadores pueden destacar en cualquier espacio de tu hogar. Adem\u00e1s, estas l\u00e1mparas est\u00e1n equipadas con un sistema de iluminaci\u00f3n LED que crea un agradable efecto de luz blanca. \/\/\/ La lampara incluye cable para recargar\/\/\/ Ficha T\u00e9cnica:Material de la lampara: PVC libre de BPAPosee su interruptor de encendido y apagadoAlimentaci\u00f3n : Recargable por medio de cableColor de Luz : BlancaAplicaci\u00f3n : Habitaci\u00f3n, uso interior, Decoraci\u00f3n en fiestas y m\u00e1s.Dimensiones : 13 cm x 22.5 cm x 9 cm T\u00e9rminos&hellip;<\/p>\n","category_list":"","author_info":{"name":"","url":""},"comments_num":"0 comentarios","jetpack_sharing_enabled":true,"_links":{"self":[{"href":"https:\/\/elcomercioenlinea.com\/index.php\/wp-json\/wp\/v2\/product\/2619","targetHints":{"allow":["GET"]}}],"collection":[{"href":"https:\/\/elcomercioenlinea.com\/index.php\/wp-json\/wp\/v2\/product"}],"about":[{"href":"https:\/\/elcomercioenlinea.com\/index.php\/wp-json\/wp\/v2\/types\/product"}],"wp:featuredmedia":[{"embeddable":true,"href":"https:\/\/elcomercioenlinea.com\/index.php\/wp-json\/wp\/v2\/media\/2620"}],"wp:attachment":[{"href":"https:\/\/elcomercioenlinea.com\/index.php\/wp-json\/wp\/v2\/media?parent=2619"}],"wp:term":[{"taxonomy":"product_brand","embeddable":true,"href":"https:\/\/elcomercioenlinea.com\/index.php\/wp-json\/wp\/v2\/product_brand?post=2619"},{"taxonomy":"product_cat","embeddable":true,"href":"https:\/\/elcomercioenlinea.com\/index.php\/wp-json\/wp\/v2\/product_cat?post=2619"},{"taxonomy":"product_tag","embeddable":true,"href":"https:\/\/elcomercioenlinea.com\/index.php\/wp-json\/wp\/v2\/product_tag?post=2619"}],"curies":[{"name":"wp","href":"https:\/\/api.w.org\/{rel}","templated":true}]}}