{"id":2626,"date":"2024-07-10T11:35:56","date_gmt":"2024-07-10T16:35:56","guid":{"rendered":"https:\/\/elcomercioenlinea.com\/index.php\/producto\/lampara-luna-astronauta-cohete-2\/"},"modified":"2024-07-17T08:20:31","modified_gmt":"2024-07-17T13:20:31","slug":"lampara-luna-astronauta-cohete-2","status":"publish","type":"product","link":"https:\/\/elcomercioenlinea.com\/index.php\/producto\/lampara-luna-astronauta-cohete-2\/","title":{"rendered":"Lampara Luna Astronauta Cohete"},"content":{"rendered":"<p>En la actualidad, las hermosas figuras decorativas est\u00e1n marcando tendencia, especialmente las l\u00e1mparas de luna con astronauta en 3D. Estos dise\u00f1os innovadores pueden destacar en cualquier espacio de tu hogar. Adem\u00e1s, estas l\u00e1mparas est\u00e1n equipadas con un sistema de iluminaci\u00f3n LED que crea un agradable efecto de luz blanca.<\/p>\n<p>\/\/\/ La lampara incluye cable para recargar\/\/\/<\/p>\n<p>Ficha T\u00e9cnica:<br \/>\nMaterial de la lampara: PVC libre de BPA<br \/>\nPosee su interruptor de encendido y apagado<br \/>\nAlimentaci\u00f3n : Recargable por medio de cable<br \/>\nColor de Luz : Blanca<br \/>\nAplicaci\u00f3n : Habitaci\u00f3n, uso interior, Decoraci\u00f3n en fiestas y m\u00e1s.<br \/>\nDimensiones : 13 cm x 22.5 cm x 9 cm<\/p>\n<p>&nbsp;<\/p>\n","protected":false},"excerpt":{"rendered":"<p>En la actualidad, las hermosas figuras decorativas est\u00e1n marcando tendencia, especialmente las l\u00e1mparas de luna con astronauta en 3D. Estos dise\u00f1os innovadores pueden destacar en cualquier espacio de tu hogar. Adem\u00e1s, estas l\u00e1mparas est\u00e1n equipadas con un sistema de iluminaci\u00f3n LED que crea un agradable efecto de luz blanca. \/\/\/ La lampara incluye cable para [&hellip;]<\/p>\n","protected":false},"featured_media":2629,"template":"","meta":[],"product_brand":[],"product_cat":[17,18],"product_tag":[],"class_list":{"0":"post-2626","1":"product","2":"type-product","3":"status-publish","4":"has-post-thumbnail","6":"product_cat-hogar","7":"product_cat-tecnologia","9":"first","10":"instock","11":"shipping-taxable","12":"purchasable","13":"product-type-simple"},"featured_image_urls":{"full":["https:\/\/elcomercioenlinea.com\/wp-content\/uploads\/2024\/07\/940055-1.png",1300,1300,false],"thumbnail":["https:\/\/elcomercioenlinea.com\/wp-content\/uploads\/2024\/07\/940055-1-150x150.png",150,150,true],"medium":["https:\/\/elcomercioenlinea.com\/wp-content\/uploads\/2024\/07\/940055-1-300x300.png",300,300,true],"medium_large":["https:\/\/elcomercioenlinea.com\/wp-content\/uploads\/2024\/07\/940055-1-768x768.png",768,768,true],"large":["https:\/\/elcomercioenlinea.com\/wp-content\/uploads\/2024\/07\/940055-1-1024x1024.png",1024,1024,true],"1536x1536":["https:\/\/elcomercioenlinea.com\/wp-content\/uploads\/2024\/07\/940055-1.png",1300,1300,false],"2048x2048":["https:\/\/elcomercioenlinea.com\/wp-content\/uploads\/2024\/07\/940055-1.png",1300,1300,false],"woocommerce_archive_thumbnail":["https:\/\/elcomercioenlinea.com\/wp-content\/uploads\/2024\/07\/940055-1-300x300.png",300,300,true],"woocommerce_thumbnail":["https:\/\/elcomercioenlinea.com\/wp-content\/uploads\/2024\/07\/940055-1-300x300.png",300,300,true],"woocommerce_single":["https:\/\/elcomercioenlinea.com\/wp-content\/uploads\/2024\/07\/940055-1-600x600.png",600,600,true],"woocommerce_gallery_thumbnail":["https:\/\/elcomercioenlinea.com\/wp-content\/uploads\/2024\/07\/940055-1-100x100.png",100,100,true]},"post_excerpt_stackable":"<p>En la actualidad, las hermosas figuras decorativas est\u00e1n marcando tendencia, especialmente las l\u00e1mparas de luna con astronauta en 3D. Estos dise\u00f1os innovadores pueden destacar en cualquier espacio de tu hogar. Adem\u00e1s, estas l\u00e1mparas est\u00e1n equipadas con un sistema de iluminaci\u00f3n LED que crea un agradable efecto de luz blanca. \/\/\/ La lampara incluye cable para recargar\/\/\/ Ficha T\u00e9cnica: Material de la lampara: PVC libre de BPA Posee su interruptor de encendido y apagado Alimentaci\u00f3n : Recargable por medio de cable Color de Luz : Blanca Aplicaci\u00f3n : Habitaci\u00f3n, uso interior, Decoraci\u00f3n en fiestas y m\u00e1s. Dimensiones : 13 cm x&hellip;<\/p>\n","category_list":"","author_info":{"name":"","url":""},"comments_num":"0 comentarios","jetpack_sharing_enabled":true,"_links":{"self":[{"href":"https:\/\/elcomercioenlinea.com\/index.php\/wp-json\/wp\/v2\/product\/2626","targetHints":{"allow":["GET"]}}],"collection":[{"href":"https:\/\/elcomercioenlinea.com\/index.php\/wp-json\/wp\/v2\/product"}],"about":[{"href":"https:\/\/elcomercioenlinea.com\/index.php\/wp-json\/wp\/v2\/types\/product"}],"wp:featuredmedia":[{"embeddable":true,"href":"https:\/\/elcomercioenlinea.com\/index.php\/wp-json\/wp\/v2\/media\/2629"}],"wp:attachment":[{"href":"https:\/\/elcomercioenlinea.com\/index.php\/wp-json\/wp\/v2\/media?parent=2626"}],"wp:term":[{"taxonomy":"product_brand","embeddable":true,"href":"https:\/\/elcomercioenlinea.com\/index.php\/wp-json\/wp\/v2\/product_brand?post=2626"},{"taxonomy":"product_cat","embeddable":true,"href":"https:\/\/elcomercioenlinea.com\/index.php\/wp-json\/wp\/v2\/product_cat?post=2626"},{"taxonomy":"product_tag","embeddable":true,"href":"https:\/\/elcomercioenlinea.com\/index.php\/wp-json\/wp\/v2\/product_tag?post=2626"}],"curies":[{"name":"wp","href":"https:\/\/api.w.org\/{rel}","templated":true}]}}