{"id":2634,"date":"2024-07-10T11:39:44","date_gmt":"2024-07-10T16:39:44","guid":{"rendered":"https:\/\/elcomercioenlinea.com\/index.php\/producto\/humificador-oso-y-conejo\/"},"modified":"2024-07-18T13:56:49","modified_gmt":"2024-07-18T18:56:49","slug":"humificador-oso-y-conejo","status":"publish","type":"product","link":"https:\/\/elcomercioenlinea.com\/index.php\/producto\/humificador-oso-y-conejo\/","title":{"rendered":"HUMIFICADOR OSO Y CONEJO"},"content":{"rendered":"<p>Mini humidificador adecuado para la habitaci\u00f3n de los ni\u00f1os, la sala de estudio, la sala de estar, el dormitorio, el comedor, el hotel, la biblioteca, etc.<\/p>\n<p>Purifica el aire: Un difusor de aroma interior para cafeter\u00eda, hogar, hotel, etc. Muy pr\u00e1ctico.<\/p>\n<p>Difusor de aroma dom\u00e9stico: Este producto puede crear un entorno de vida c\u00f3modo, refrescar la mente y aliviar el estr\u00e9s.<\/p>\n<p>Humidificador port\u00e1til: Tambi\u00e9n ayuda a reducir la electricidad est\u00e1tica causada por el aire seco y le brinda aire fresco y natural.<\/p>\n","protected":false},"excerpt":{"rendered":"<p>Mini humidificador adecuado para la habitaci\u00f3n de los ni\u00f1os, la sala de estudio, la sala de estar, el dormitorio, el comedor, el hotel, la biblioteca, etc. Purifica el aire: Un difusor de aroma interior para cafeter\u00eda, hogar, hotel, etc. Muy pr\u00e1ctico. Difusor de aroma dom\u00e9stico: Este producto puede crear un entorno de vida c\u00f3modo, refrescar [&hellip;]<\/p>\n","protected":false},"featured_media":2635,"template":"","meta":[],"product_brand":[],"product_cat":[100,17,18],"product_tag":[],"class_list":{"0":"post-2634","1":"product","2":"type-product","3":"status-publish","4":"has-post-thumbnail","6":"product_cat-bienestar","7":"product_cat-hogar","8":"product_cat-tecnologia","10":"first","11":"instock","12":"shipping-taxable","13":"purchasable","14":"product-type-simple"},"featured_image_urls":{"full":["https:\/\/elcomercioenlinea.com\/wp-content\/uploads\/2024\/07\/934598.png",500,500,false],"thumbnail":["https:\/\/elcomercioenlinea.com\/wp-content\/uploads\/2024\/07\/934598-150x150.png",150,150,true],"medium":["https:\/\/elcomercioenlinea.com\/wp-content\/uploads\/2024\/07\/934598-300x300.png",300,300,true],"medium_large":["https:\/\/elcomercioenlinea.com\/wp-content\/uploads\/2024\/07\/934598.png",500,500,false],"large":["https:\/\/elcomercioenlinea.com\/wp-content\/uploads\/2024\/07\/934598.png",500,500,false],"1536x1536":["https:\/\/elcomercioenlinea.com\/wp-content\/uploads\/2024\/07\/934598.png",500,500,false],"2048x2048":["https:\/\/elcomercioenlinea.com\/wp-content\/uploads\/2024\/07\/934598.png",500,500,false],"woocommerce_archive_thumbnail":["https:\/\/elcomercioenlinea.com\/wp-content\/uploads\/2024\/07\/934598-300x300.png",300,300,true],"woocommerce_thumbnail":["https:\/\/elcomercioenlinea.com\/wp-content\/uploads\/2024\/07\/934598-300x300.png",300,300,true],"woocommerce_single":["https:\/\/elcomercioenlinea.com\/wp-content\/uploads\/2024\/07\/934598.png",500,500,false],"woocommerce_gallery_thumbnail":["https:\/\/elcomercioenlinea.com\/wp-content\/uploads\/2024\/07\/934598-100x100.png",100,100,true]},"post_excerpt_stackable":"<p>Mini humidificador adecuado para la habitaci\u00f3n de los ni\u00f1os, la sala de estudio, la sala de estar, el dormitorio, el comedor, el hotel, la biblioteca, etc. Purifica el aire: Un difusor de aroma interior para cafeter\u00eda, hogar, hotel, etc. Muy pr\u00e1ctico. Difusor de aroma dom\u00e9stico: Este producto puede crear un entorno de vida c\u00f3modo, refrescar la mente y aliviar el estr\u00e9s. Humidificador port\u00e1til: Tambi\u00e9n ayuda a reducir la electricidad est\u00e1tica causada por el aire seco y le brinda aire fresco y natural.<\/p>\n","category_list":"","author_info":{"name":"","url":""},"comments_num":"0 comentarios","jetpack_sharing_enabled":true,"_links":{"self":[{"href":"https:\/\/elcomercioenlinea.com\/index.php\/wp-json\/wp\/v2\/product\/2634","targetHints":{"allow":["GET"]}}],"collection":[{"href":"https:\/\/elcomercioenlinea.com\/index.php\/wp-json\/wp\/v2\/product"}],"about":[{"href":"https:\/\/elcomercioenlinea.com\/index.php\/wp-json\/wp\/v2\/types\/product"}],"wp:featuredmedia":[{"embeddable":true,"href":"https:\/\/elcomercioenlinea.com\/index.php\/wp-json\/wp\/v2\/media\/2635"}],"wp:attachment":[{"href":"https:\/\/elcomercioenlinea.com\/index.php\/wp-json\/wp\/v2\/media?parent=2634"}],"wp:term":[{"taxonomy":"product_brand","embeddable":true,"href":"https:\/\/elcomercioenlinea.com\/index.php\/wp-json\/wp\/v2\/product_brand?post=2634"},{"taxonomy":"product_cat","embeddable":true,"href":"https:\/\/elcomercioenlinea.com\/index.php\/wp-json\/wp\/v2\/product_cat?post=2634"},{"taxonomy":"product_tag","embeddable":true,"href":"https:\/\/elcomercioenlinea.com\/index.php\/wp-json\/wp\/v2\/product_tag?post=2634"}],"curies":[{"name":"wp","href":"https:\/\/api.w.org\/{rel}","templated":true}]}}