{"id":2661,"date":"2024-07-10T14:59:35","date_gmt":"2024-07-10T19:59:35","guid":{"rendered":"https:\/\/elcomercioenlinea.com\/index.php\/producto\/mini-linterna-llavero-led-recargable-usb\/"},"modified":"2024-07-10T15:04:23","modified_gmt":"2024-07-10T20:04:23","slug":"mini-linterna-llavero-led-recargable-usb","status":"publish","type":"product","link":"https:\/\/elcomercioenlinea.com\/index.php\/producto\/mini-linterna-llavero-led-recargable-usb\/","title":{"rendered":"MINI LINTERNA LLAVERO LED RECARGABLE"},"content":{"rendered":"<p>La luz del llavero es mini y port\u00e1til para funcionar como luz de emergencia y luz de trabajo, fuente de luz COB, cuatro modos, carga r\u00e1pida. Tiene un im\u00e1n fuerte, dise\u00f1o de bloqueo de gancho, soporte plegable, abrebotellas y orificio de soporte, uso multifuncional.<\/p>\n<p>Caracter\u00edsticas:<br \/>\nSolo 40 g de peso, tama\u00f1o peque\u00f1o, cuerpo delgado, f\u00e1cil de transportar.<br \/>\nIm\u00e1n fuerte, manos libres, m\u00e1s conveniente. Dise\u00f1o de bloqueo de gancho, hace que el uso sea m\u00e1s conveniente.<br \/>\nBater\u00eda de pol\u00edmero de litio incorporada, larga duraci\u00f3n. Chip de carga r\u00e1pida incorporado, carga m\u00e1s r\u00e1pida.<br \/>\nFuente de luz COB, panel de cuentas de l\u00e1mpara ampliado, \u00e1rea de iluminaci\u00f3n m\u00e1s amplia.<\/p>\n<p>Especificaciones:<br \/>\nMaterial: aleaci\u00f3n de aluminio + policarbonato.<br \/>\nDe color negro<br \/>\nFuente de luz: cuentas de l\u00e1mpara COB de 6W<br \/>\nFuente de alimentaci\u00f3n: bater\u00eda de litio de 500MAH (incluida)<br \/>\nModo de funci\u00f3n: pulsaci\u00f3n larga s\u00faper brillante\/60% brillante\/30% brillante\/parpadeante<br \/>\nTama\u00f1o del art\u00edculo: 61 * 45 * 20 mm \/ 2,4 * 1,77 * 0,79 pulgadas<br \/>\nPeso del paquete: 60 g\/2,12 onzas<br \/>\nTama\u00f1o del paquete: 85 * 55 * 28 mm \/ 3,35 * 2,17 * 1,1 pulg.<\/p>\n<p>Lista de empaque:<br \/>\n1 * luz de llavero<br \/>\n1 cable USB.<br \/>\n1 * instrucci\u00f3n<\/p>\n","protected":false},"excerpt":{"rendered":"<p>La luz del llavero es mini y port\u00e1til para funcionar como luz de emergencia y luz de trabajo, fuente de luz COB, cuatro modos, carga r\u00e1pida. Tiene un im\u00e1n fuerte, dise\u00f1o de bloqueo de gancho, soporte plegable, abrebotellas y orificio de soporte, uso multifuncional. Caracter\u00edsticas: Solo 40 g de peso, tama\u00f1o peque\u00f1o, cuerpo delgado, f\u00e1cil [&hellip;]<\/p>\n","protected":false},"featured_media":2664,"template":"","meta":[],"product_brand":[],"product_cat":[18,19],"product_tag":[],"class_list":{"0":"post-2661","1":"product","2":"type-product","3":"status-publish","4":"has-post-thumbnail","6":"product_cat-tecnologia","7":"product_cat-vehiculos","9":"first","10":"instock","11":"shipping-taxable","12":"purchasable","13":"product-type-simple"},"featured_image_urls":{"full":["https:\/\/elcomercioenlinea.com\/wp-content\/uploads\/2024\/07\/426533.png",385,396,false],"thumbnail":["https:\/\/elcomercioenlinea.com\/wp-content\/uploads\/2024\/07\/426533-150x150.png",150,150,true],"medium":["https:\/\/elcomercioenlinea.com\/wp-content\/uploads\/2024\/07\/426533-292x300.png",292,300,true],"medium_large":["https:\/\/elcomercioenlinea.com\/wp-content\/uploads\/2024\/07\/426533.png",385,396,false],"large":["https:\/\/elcomercioenlinea.com\/wp-content\/uploads\/2024\/07\/426533.png",385,396,false],"1536x1536":["https:\/\/elcomercioenlinea.com\/wp-content\/uploads\/2024\/07\/426533.png",385,396,false],"2048x2048":["https:\/\/elcomercioenlinea.com\/wp-content\/uploads\/2024\/07\/426533.png",385,396,false],"woocommerce_archive_thumbnail":["https:\/\/elcomercioenlinea.com\/wp-content\/uploads\/2024\/07\/426533-300x309.png",300,309,true],"woocommerce_thumbnail":["https:\/\/elcomercioenlinea.com\/wp-content\/uploads\/2024\/07\/426533-300x300.png",300,300,true],"woocommerce_single":["https:\/\/elcomercioenlinea.com\/wp-content\/uploads\/2024\/07\/426533.png",385,396,false],"woocommerce_gallery_thumbnail":["https:\/\/elcomercioenlinea.com\/wp-content\/uploads\/2024\/07\/426533-100x100.png",100,100,true]},"post_excerpt_stackable":"<p>La luz del llavero es mini y port\u00e1til para funcionar como luz de emergencia y luz de trabajo, fuente de luz COB, cuatro modos, carga r\u00e1pida. Tiene un im\u00e1n fuerte, dise\u00f1o de bloqueo de gancho, soporte plegable, abrebotellas y orificio de soporte, uso multifuncional. Caracter\u00edsticas: Solo 40 g de peso, tama\u00f1o peque\u00f1o, cuerpo delgado, f\u00e1cil de transportar. Im\u00e1n fuerte, manos libres, m\u00e1s conveniente. Dise\u00f1o de bloqueo de gancho, hace que el uso sea m\u00e1s conveniente. Bater\u00eda de pol\u00edmero de litio incorporada, larga duraci\u00f3n. Chip de carga r\u00e1pida incorporado, carga m\u00e1s r\u00e1pida. Fuente de luz COB, panel de cuentas de l\u00e1mpara&hellip;<\/p>\n","category_list":"","author_info":{"name":"","url":""},"comments_num":"0 comentarios","jetpack_sharing_enabled":true,"_links":{"self":[{"href":"https:\/\/elcomercioenlinea.com\/index.php\/wp-json\/wp\/v2\/product\/2661","targetHints":{"allow":["GET"]}}],"collection":[{"href":"https:\/\/elcomercioenlinea.com\/index.php\/wp-json\/wp\/v2\/product"}],"about":[{"href":"https:\/\/elcomercioenlinea.com\/index.php\/wp-json\/wp\/v2\/types\/product"}],"wp:featuredmedia":[{"embeddable":true,"href":"https:\/\/elcomercioenlinea.com\/index.php\/wp-json\/wp\/v2\/media\/2664"}],"wp:attachment":[{"href":"https:\/\/elcomercioenlinea.com\/index.php\/wp-json\/wp\/v2\/media?parent=2661"}],"wp:term":[{"taxonomy":"product_brand","embeddable":true,"href":"https:\/\/elcomercioenlinea.com\/index.php\/wp-json\/wp\/v2\/product_brand?post=2661"},{"taxonomy":"product_cat","embeddable":true,"href":"https:\/\/elcomercioenlinea.com\/index.php\/wp-json\/wp\/v2\/product_cat?post=2661"},{"taxonomy":"product_tag","embeddable":true,"href":"https:\/\/elcomercioenlinea.com\/index.php\/wp-json\/wp\/v2\/product_tag?post=2661"}],"curies":[{"name":"wp","href":"https:\/\/api.w.org\/{rel}","templated":true}]}}