{"id":2674,"date":"2024-07-10T15:21:45","date_gmt":"2024-07-10T20:21:45","guid":{"rendered":"https:\/\/elcomercioenlinea.com\/index.php\/producto\/rodillera-ortopedica-deportiva\/"},"modified":"2024-07-10T15:25:54","modified_gmt":"2024-07-10T20:25:54","slug":"rodillera-ortopedica-deportiva","status":"publish","type":"product","link":"https:\/\/elcomercioenlinea.com\/index.php\/producto\/rodillera-ortopedica-deportiva\/","title":{"rendered":"Rodillera ortop\u00e9dica deportiva"},"content":{"rendered":"<p>Descripci\u00f3n<\/p>\n<p>Rodillera Deportiva Con Mangas De Soporte Ortop\u00e9dica Jingba La caracter\u00edstica principal es su protecci\u00f3n y soporte a lo largo de la articulaci\u00f3n del muslo, la pierna y la rodilla mejorando la movilidad en la extremidad inferior cuando tengas algo de dolor. Asegura la estabilidad de los movimientos continuos en las actividades deportivas, te da mejor soporte a tu rodilla para que puedas disfrutar de tu rutina deportiva *CARACTER\u00cdSTICAS: -De especial uso para artritis, esguince de rodilla, tensi\u00f3n de rodilla, debilidad en rodillas, inestabilidad en rodillas. -F\u00e1cil de usar, discreto y se puede utilizar en cualquier lugar en cualquier tiempo. -Se adapta f\u00e1cilmente a las rodillas gracias a su material el\u00e1stico. -Ayuda en el mejoramiento de los dolores ocasionados en actividades deportivas *<\/p>\n<p>INCLUYE:<\/p>\n<p>-1 Rodillera<\/p>\n<p>-Caja empaque<\/p>\n","protected":false},"excerpt":{"rendered":"<p>Descripci\u00f3n Rodillera Deportiva Con Mangas De Soporte Ortop\u00e9dica Jingba La caracter\u00edstica principal es su protecci\u00f3n y soporte a lo largo de la articulaci\u00f3n del muslo, la pierna y la rodilla mejorando la movilidad en la extremidad inferior cuando tengas algo de dolor. Asegura la estabilidad de los movimientos continuos en las actividades deportivas, te da [&hellip;]<\/p>\n","protected":false},"featured_media":2676,"template":"","meta":[],"product_brand":[],"product_cat":[101],"product_tag":[],"class_list":{"0":"post-2674","1":"product","2":"type-product","3":"status-publish","4":"has-post-thumbnail","6":"product_cat-deportivo","8":"first","9":"instock","10":"shipping-taxable","11":"purchasable","12":"product-type-simple"},"featured_image_urls":{"full":["https:\/\/elcomercioenlinea.com\/wp-content\/uploads\/2024\/07\/463463.png",720,652,false],"thumbnail":["https:\/\/elcomercioenlinea.com\/wp-content\/uploads\/2024\/07\/463463-150x150.png",150,150,true],"medium":["https:\/\/elcomercioenlinea.com\/wp-content\/uploads\/2024\/07\/463463-300x272.png",300,272,true],"medium_large":["https:\/\/elcomercioenlinea.com\/wp-content\/uploads\/2024\/07\/463463.png",720,652,false],"large":["https:\/\/elcomercioenlinea.com\/wp-content\/uploads\/2024\/07\/463463.png",720,652,false],"1536x1536":["https:\/\/elcomercioenlinea.com\/wp-content\/uploads\/2024\/07\/463463.png",720,652,false],"2048x2048":["https:\/\/elcomercioenlinea.com\/wp-content\/uploads\/2024\/07\/463463.png",720,652,false],"woocommerce_archive_thumbnail":["https:\/\/elcomercioenlinea.com\/wp-content\/uploads\/2024\/07\/463463-300x272.png",300,272,true],"woocommerce_thumbnail":["https:\/\/elcomercioenlinea.com\/wp-content\/uploads\/2024\/07\/463463-300x300.png",300,300,true],"woocommerce_single":["https:\/\/elcomercioenlinea.com\/wp-content\/uploads\/2024\/07\/463463-600x543.png",600,543,true],"woocommerce_gallery_thumbnail":["https:\/\/elcomercioenlinea.com\/wp-content\/uploads\/2024\/07\/463463-100x100.png",100,100,true]},"post_excerpt_stackable":"<p>Descripci\u00f3n Rodillera Deportiva Con Mangas De Soporte Ortop\u00e9dica Jingba La caracter\u00edstica principal es su protecci\u00f3n y soporte a lo largo de la articulaci\u00f3n del muslo, la pierna y la rodilla mejorando la movilidad en la extremidad inferior cuando tengas algo de dolor. Asegura la estabilidad de los movimientos continuos en las actividades deportivas, te da mejor soporte a tu rodilla para que puedas disfrutar de tu rutina deportiva *CARACTER\u00cdSTICAS: -De especial uso para artritis, esguince de rodilla, tensi\u00f3n de rodilla, debilidad en rodillas, inestabilidad en rodillas. -F\u00e1cil de usar, discreto y se puede utilizar en cualquier lugar en cualquier tiempo.&hellip;<\/p>\n","category_list":"","author_info":{"name":"","url":""},"comments_num":"0 comentarios","jetpack_sharing_enabled":true,"_links":{"self":[{"href":"https:\/\/elcomercioenlinea.com\/index.php\/wp-json\/wp\/v2\/product\/2674","targetHints":{"allow":["GET"]}}],"collection":[{"href":"https:\/\/elcomercioenlinea.com\/index.php\/wp-json\/wp\/v2\/product"}],"about":[{"href":"https:\/\/elcomercioenlinea.com\/index.php\/wp-json\/wp\/v2\/types\/product"}],"wp:featuredmedia":[{"embeddable":true,"href":"https:\/\/elcomercioenlinea.com\/index.php\/wp-json\/wp\/v2\/media\/2676"}],"wp:attachment":[{"href":"https:\/\/elcomercioenlinea.com\/index.php\/wp-json\/wp\/v2\/media?parent=2674"}],"wp:term":[{"taxonomy":"product_brand","embeddable":true,"href":"https:\/\/elcomercioenlinea.com\/index.php\/wp-json\/wp\/v2\/product_brand?post=2674"},{"taxonomy":"product_cat","embeddable":true,"href":"https:\/\/elcomercioenlinea.com\/index.php\/wp-json\/wp\/v2\/product_cat?post=2674"},{"taxonomy":"product_tag","embeddable":true,"href":"https:\/\/elcomercioenlinea.com\/index.php\/wp-json\/wp\/v2\/product_tag?post=2674"}],"curies":[{"name":"wp","href":"https:\/\/api.w.org\/{rel}","templated":true}]}}