{"id":2683,"date":"2024-07-10T16:55:25","date_gmt":"2024-07-10T21:55:25","guid":{"rendered":"https:\/\/elcomercioenlinea.com\/index.php\/producto\/combo-d2o-pareja\/"},"modified":"2024-07-17T08:31:07","modified_gmt":"2024-07-17T13:31:07","slug":"combo-d2o-pareja","status":"publish","type":"product","link":"https:\/\/elcomercioenlinea.com\/index.php\/producto\/combo-d2o-pareja\/","title":{"rendered":"d\u00fao de relojes inteligentes"},"content":{"rendered":"<p>Descubre la simplicidad y la funcionalidad con nuestro d\u00fao de relojes inteligentes. Dise\u00f1ados para parejas activas y conectadas, estos relojes ofrecen todas las funciones b\u00e1sicas que necesitas: seguimiento de actividad f\u00edsica, monitoreo de la frecuencia card\u00edaca, notificaciones de llamadas y mensajes, y una bater\u00eda de larga duraci\u00f3n. Con un dise\u00f1o elegante y moderno, estos relojes son el complemento perfecto para cualquier ocasi\u00f3n. \u00a1Con\u00e9ctate y mantente activo con estilo!<\/p>\n","protected":false},"excerpt":{"rendered":"<p>Descubre la simplicidad y la funcionalidad con nuestro d\u00fao de relojes inteligentes. Dise\u00f1ados para parejas activas y conectadas, estos relojes ofrecen todas las funciones b\u00e1sicas que necesitas: seguimiento de actividad f\u00edsica, monitoreo de la frecuencia card\u00edaca, notificaciones de llamadas y mensajes, y una bater\u00eda de larga duraci\u00f3n. Con un dise\u00f1o elegante y moderno, estos relojes [&hellip;]<\/p>\n","protected":false},"featured_media":2684,"template":"","meta":[],"product_brand":[],"product_cat":[18],"product_tag":[],"class_list":{"0":"post-2683","1":"product","2":"type-product","3":"status-publish","4":"has-post-thumbnail","6":"product_cat-tecnologia","8":"first","9":"instock","10":"sale","11":"shipping-taxable","12":"purchasable","13":"product-type-simple"},"featured_image_urls":{"full":["https:\/\/elcomercioenlinea.com\/wp-content\/uploads\/2024\/07\/303557.png",500,294,false],"thumbnail":["https:\/\/elcomercioenlinea.com\/wp-content\/uploads\/2024\/07\/303557-150x150.png",150,150,true],"medium":["https:\/\/elcomercioenlinea.com\/wp-content\/uploads\/2024\/07\/303557-300x176.png",300,176,true],"medium_large":["https:\/\/elcomercioenlinea.com\/wp-content\/uploads\/2024\/07\/303557.png",500,294,false],"large":["https:\/\/elcomercioenlinea.com\/wp-content\/uploads\/2024\/07\/303557.png",500,294,false],"1536x1536":["https:\/\/elcomercioenlinea.com\/wp-content\/uploads\/2024\/07\/303557.png",500,294,false],"2048x2048":["https:\/\/elcomercioenlinea.com\/wp-content\/uploads\/2024\/07\/303557.png",500,294,false],"woocommerce_archive_thumbnail":["https:\/\/elcomercioenlinea.com\/wp-content\/uploads\/2024\/07\/303557-300x176.png",300,176,true],"woocommerce_thumbnail":["https:\/\/elcomercioenlinea.com\/wp-content\/uploads\/2024\/07\/303557-300x294.png",300,294,true],"woocommerce_single":["https:\/\/elcomercioenlinea.com\/wp-content\/uploads\/2024\/07\/303557.png",500,294,false],"woocommerce_gallery_thumbnail":["https:\/\/elcomercioenlinea.com\/wp-content\/uploads\/2024\/07\/303557-100x100.png",100,100,true]},"post_excerpt_stackable":"<p>Descubre la simplicidad y la funcionalidad con nuestro d\u00fao de relojes inteligentes. Dise\u00f1ados para parejas activas y conectadas, estos relojes ofrecen todas las funciones b\u00e1sicas que necesitas: seguimiento de actividad f\u00edsica, monitoreo de la frecuencia card\u00edaca, notificaciones de llamadas y mensajes, y una bater\u00eda de larga duraci\u00f3n. Con un dise\u00f1o elegante y moderno, estos relojes son el complemento perfecto para cualquier ocasi\u00f3n. \u00a1Con\u00e9ctate y mantente activo con estilo!<\/p>\n","category_list":"","author_info":{"name":"","url":""},"comments_num":"0 comentarios","jetpack_sharing_enabled":true,"_links":{"self":[{"href":"https:\/\/elcomercioenlinea.com\/index.php\/wp-json\/wp\/v2\/product\/2683","targetHints":{"allow":["GET"]}}],"collection":[{"href":"https:\/\/elcomercioenlinea.com\/index.php\/wp-json\/wp\/v2\/product"}],"about":[{"href":"https:\/\/elcomercioenlinea.com\/index.php\/wp-json\/wp\/v2\/types\/product"}],"wp:featuredmedia":[{"embeddable":true,"href":"https:\/\/elcomercioenlinea.com\/index.php\/wp-json\/wp\/v2\/media\/2684"}],"wp:attachment":[{"href":"https:\/\/elcomercioenlinea.com\/index.php\/wp-json\/wp\/v2\/media?parent=2683"}],"wp:term":[{"taxonomy":"product_brand","embeddable":true,"href":"https:\/\/elcomercioenlinea.com\/index.php\/wp-json\/wp\/v2\/product_brand?post=2683"},{"taxonomy":"product_cat","embeddable":true,"href":"https:\/\/elcomercioenlinea.com\/index.php\/wp-json\/wp\/v2\/product_cat?post=2683"},{"taxonomy":"product_tag","embeddable":true,"href":"https:\/\/elcomercioenlinea.com\/index.php\/wp-json\/wp\/v2\/product_tag?post=2683"}],"curies":[{"name":"wp","href":"https:\/\/api.w.org\/{rel}","templated":true}]}}