{"id":2694,"date":"2024-07-10T18:34:53","date_gmt":"2024-07-10T23:34:53","guid":{"rendered":"https:\/\/elcomercioenlinea.com\/index.php\/producto\/protector-de-talon\/"},"modified":"2024-07-10T18:38:21","modified_gmt":"2024-07-10T23:38:21","slug":"protector-de-talon","status":"publish","type":"product","link":"https:\/\/elcomercioenlinea.com\/index.php\/producto\/protector-de-talon\/","title":{"rendered":"PROTECTOR DE TALON"},"content":{"rendered":"<p>\u00a1Mant\u00e9n tus talones c\u00f3modos y protegidos con nuestros protectores de tal\u00f3n! Fabricados con materiales suaves y duraderos, estos protectores alivian la presi\u00f3n y previenen rozaduras y ampollas. Son ideales para todo tipo de calzado y perfectos para usar a diario o en ocasiones especiales. Su dise\u00f1o discreto asegura que se adapten perfectamente sin alterar la est\u00e9tica de tus zapatos. \u00a1Di adi\u00f3s al dolor de tal\u00f3n y disfruta de cada paso con total confort!<\/p>\n<p>Silicona m\u00e9dica suave y lavable, no t\u00f3xica, evita la piel seca.<br \/>\nProtege la piel contra peladuras y grietas. Reutilizable, lavar a mano con agua tibia y jab\u00f3n, luego secar al aire.<br \/>\nEn una base altamente concentrada, hidratante y emoliente para mantener el tal\u00f3n suave y la piel.<\/p>\n<p>Para ayudar activamente a reparar la piel agrietada con una combinaci\u00f3n nutritiva de propiedades hidratantes.<br \/>\nPerfecto para personas que caminan de pie o mucho tiempo al d\u00eda como seguridad, profesores, enfermeras, salemen, etc.<\/p>\n<p>&nbsp;<\/p>\n<p>DETALLES:<br \/>\nMaterial: silicona<br \/>\nEl paquete incluye: 1 par de herramientas de cuidado de pie agrietado<\/p>\n<p>Material: silicona<\/p>\n<p>TALLA : UNICA<\/p>\n","protected":false},"excerpt":{"rendered":"<p>\u00a1Mant\u00e9n tus talones c\u00f3modos y protegidos con nuestros protectores de tal\u00f3n! Fabricados con materiales suaves y duraderos, estos protectores alivian la presi\u00f3n y previenen rozaduras y ampollas. Son ideales para todo tipo de calzado y perfectos para usar a diario o en ocasiones especiales. Su dise\u00f1o discreto asegura que se adapten perfectamente sin alterar la [&hellip;]<\/p>\n","protected":false},"featured_media":2695,"template":"","meta":[],"product_brand":[],"product_cat":[102,100],"product_tag":[],"class_list":{"0":"post-2694","1":"product","2":"type-product","3":"status-publish","4":"has-post-thumbnail","6":"product_cat-belleza","7":"product_cat-bienestar","9":"first","10":"instock","11":"sale","12":"shipping-taxable","13":"purchasable","14":"product-type-simple"},"featured_image_urls":{"full":["https:\/\/elcomercioenlinea.com\/wp-content\/uploads\/2024\/07\/87733.png",800,800,false],"thumbnail":["https:\/\/elcomercioenlinea.com\/wp-content\/uploads\/2024\/07\/87733-150x150.png",150,150,true],"medium":["https:\/\/elcomercioenlinea.com\/wp-content\/uploads\/2024\/07\/87733-300x300.png",300,300,true],"medium_large":["https:\/\/elcomercioenlinea.com\/wp-content\/uploads\/2024\/07\/87733-768x768.png",768,768,true],"large":["https:\/\/elcomercioenlinea.com\/wp-content\/uploads\/2024\/07\/87733.png",800,800,false],"1536x1536":["https:\/\/elcomercioenlinea.com\/wp-content\/uploads\/2024\/07\/87733.png",800,800,false],"2048x2048":["https:\/\/elcomercioenlinea.com\/wp-content\/uploads\/2024\/07\/87733.png",800,800,false],"woocommerce_archive_thumbnail":["https:\/\/elcomercioenlinea.com\/wp-content\/uploads\/2024\/07\/87733-300x300.png",300,300,true],"woocommerce_thumbnail":["https:\/\/elcomercioenlinea.com\/wp-content\/uploads\/2024\/07\/87733-300x300.png",300,300,true],"woocommerce_single":["https:\/\/elcomercioenlinea.com\/wp-content\/uploads\/2024\/07\/87733-600x600.png",600,600,true],"woocommerce_gallery_thumbnail":["https:\/\/elcomercioenlinea.com\/wp-content\/uploads\/2024\/07\/87733-100x100.png",100,100,true]},"post_excerpt_stackable":"<p>\u00a1Mant\u00e9n tus talones c\u00f3modos y protegidos con nuestros protectores de tal\u00f3n! Fabricados con materiales suaves y duraderos, estos protectores alivian la presi\u00f3n y previenen rozaduras y ampollas. Son ideales para todo tipo de calzado y perfectos para usar a diario o en ocasiones especiales. Su dise\u00f1o discreto asegura que se adapten perfectamente sin alterar la est\u00e9tica de tus zapatos. \u00a1Di adi\u00f3s al dolor de tal\u00f3n y disfruta de cada paso con total confort! Silicona m\u00e9dica suave y lavable, no t\u00f3xica, evita la piel seca. Protege la piel contra peladuras y grietas. Reutilizable, lavar a mano con agua tibia y jab\u00f3n,&hellip;<\/p>\n","category_list":"","author_info":{"name":"","url":""},"comments_num":"0 comentarios","jetpack_sharing_enabled":true,"_links":{"self":[{"href":"https:\/\/elcomercioenlinea.com\/index.php\/wp-json\/wp\/v2\/product\/2694","targetHints":{"allow":["GET"]}}],"collection":[{"href":"https:\/\/elcomercioenlinea.com\/index.php\/wp-json\/wp\/v2\/product"}],"about":[{"href":"https:\/\/elcomercioenlinea.com\/index.php\/wp-json\/wp\/v2\/types\/product"}],"wp:featuredmedia":[{"embeddable":true,"href":"https:\/\/elcomercioenlinea.com\/index.php\/wp-json\/wp\/v2\/media\/2695"}],"wp:attachment":[{"href":"https:\/\/elcomercioenlinea.com\/index.php\/wp-json\/wp\/v2\/media?parent=2694"}],"wp:term":[{"taxonomy":"product_brand","embeddable":true,"href":"https:\/\/elcomercioenlinea.com\/index.php\/wp-json\/wp\/v2\/product_brand?post=2694"},{"taxonomy":"product_cat","embeddable":true,"href":"https:\/\/elcomercioenlinea.com\/index.php\/wp-json\/wp\/v2\/product_cat?post=2694"},{"taxonomy":"product_tag","embeddable":true,"href":"https:\/\/elcomercioenlinea.com\/index.php\/wp-json\/wp\/v2\/product_tag?post=2694"}],"curies":[{"name":"wp","href":"https:\/\/api.w.org\/{rel}","templated":true}]}}