{"id":2705,"date":"2024-07-10T18:43:04","date_gmt":"2024-07-10T23:43:04","guid":{"rendered":"https:\/\/elcomercioenlinea.com\/index.php\/producto\/cargador-inalambrico-3-en-1\/"},"modified":"2024-07-10T18:46:14","modified_gmt":"2024-07-10T23:46:14","slug":"cargador-inalambrico-3-en-1","status":"publish","type":"product","link":"https:\/\/elcomercioenlinea.com\/index.php\/producto\/cargador-inalambrico-3-en-1\/","title":{"rendered":"Cargador Inal\u00e1mbrico 3 en 1"},"content":{"rendered":"<p>Carga f\u00e1cilmente tu tel\u00e9fono, reloj inteligente y tus aud\u00edfonos inal\u00e1mbricos sin cables. Un cargador plegable viajero, con una estaci\u00f3n de carga r\u00e1pida para el tel\u00e9fono, una convencional de uso doble (tel\u00e9fono o aud\u00edfonos inal\u00e1mbricos) y una estaci\u00f3n para el reloj inteligente.<\/p>\n<ul>\n<li><strong>IMPORTANTE: <\/strong>Verifica que tus dispositivos inteligentes cuenten con el sistema Qi (Transferencia de energ\u00eda el\u00e9ctrica por inducci\u00f3n).<\/li>\n<li><strong>Compatibilidad: <\/strong>El dispositivo funciona tanto con dispositivos Apple y Android, la condici\u00f3n particular es verificar que el dispositivo tenga sistema Qi (Carga Inal\u00e1mbrica por inducci\u00f3n) aplica para los 3 tipos de dispositivos que se pueden cargar (tel\u00e9fono, aud\u00edfonos y reloj).<\/li>\n<li>Para verificar si tu dispositivo cuenta con sistema Qi debes ir a la configuraci\u00f3n de la bater\u00eda, verificar que est\u00e9 disponible el servicio y de ser necesario activarlo.<\/li>\n<li>Las cajas de los dispositivos y las instrucciones muestran si cuenta con el sistema de carga inal\u00e1mbrica.<\/li>\n<li><strong>Material:<\/strong> Silicona y Pl\u00e1stico.<\/li>\n<li><strong>Tama\u00f1o Aprox. Producto:<\/strong> Desplegado: 25 x 8 x 0,5 cm \/ Plegado: 8,5 x 7,5 x 2,2 cm<\/li>\n<li><strong>Tama\u00f1o Paquete:<\/strong> 11 x 11 x 5 cm.<\/li>\n<li><strong>Peso:<\/strong> 177 g.<\/li>\n<li>La estaci\u00f3n de carga inal\u00e1mbrica 3 en 1 integra tres m\u00f3dulos de carga para tel\u00e9fonos celulares, Air Pods y iWatch, puede cargar tres dispositivos al mismo tiempo, conveniente y eficiente, resolviendo perfectamente el problema de cargar varios dispositivos.<\/li>\n<li>El cargador de por inducci\u00f3n se puede plegar y es f\u00e1cil de llevar. Esta almohadilla de carga inal\u00e1mbrica no solo es adecuada para tu hogar, oficina, si est\u00e1s de vacaciones o en un viaje de negocios, trae este cargador tres en uno, que puede cargar varios dispositivos a la vez.<\/li>\n<li>Se puede plegar 180\u00b0, se convierte f\u00e1cilmente en un soporte de tel\u00e9fono. Al mismo tiempo, tambi\u00e9n se puede plegar en una almohadilla de carga inal\u00e1mbrica, simplemente coloca el tel\u00e9fono en \u00e9l para cargar, ahorrando espacio. La placa de carga est\u00e1 cubierta con un dispositivo magn\u00e9tico, y el tel\u00e9fono se puede colocar horizontal o verticalmente sin deslizarse.<\/li>\n<li>Carga inal\u00e1mbrica segura: el dise\u00f1o del cargador de tel\u00e9fono inal\u00e1mbrico de doble bobina garantiza un \u00e1rea de carga m\u00e1s amplia en orientaci\u00f3n horizontal o vertical. Con protecci\u00f3n contra sobrecorriente, protecci\u00f3n contra sobretensi\u00f3n y protecci\u00f3n contra sobrecalentamiento.<\/li>\n<li>Se puede plegar 180 grados y se convierte f\u00e1cilmente en un soporte de tel\u00e9fono.<\/li>\n<li><strong>Contenido del paquete:<\/strong><\/li>\n<li>1 Cargador 3 en 1.<\/li>\n<li>1 Cargador USB.<\/li>\n<li>1 Manual en ingl\u00e9s.<\/li>\n<li><strong>100 % Nuevo.<\/strong><\/li>\n<\/ul>\n","protected":false},"excerpt":{"rendered":"<p>Carga f\u00e1cilmente tu tel\u00e9fono, reloj inteligente y tus aud\u00edfonos inal\u00e1mbricos sin cables. Un cargador plegable viajero, con una estaci\u00f3n de carga r\u00e1pida para el tel\u00e9fono, una convencional de uso doble (tel\u00e9fono o aud\u00edfonos inal\u00e1mbricos) y una estaci\u00f3n para el reloj inteligente. IMPORTANTE: Verifica que tus dispositivos inteligentes cuenten con el sistema Qi (Transferencia de energ\u00eda [&hellip;]<\/p>\n","protected":false},"featured_media":2706,"template":"","meta":[],"product_brand":[],"product_cat":[18],"product_tag":[],"class_list":{"0":"post-2705","1":"product","2":"type-product","3":"status-publish","4":"has-post-thumbnail","6":"product_cat-tecnologia","8":"first","9":"instock","10":"sale","11":"shipping-taxable","12":"purchasable","13":"product-type-simple"},"featured_image_urls":{"full":["https:\/\/elcomercioenlinea.com\/wp-content\/uploads\/2024\/07\/804875.png",1200,1200,false],"thumbnail":["https:\/\/elcomercioenlinea.com\/wp-content\/uploads\/2024\/07\/804875-150x150.png",150,150,true],"medium":["https:\/\/elcomercioenlinea.com\/wp-content\/uploads\/2024\/07\/804875-300x300.png",300,300,true],"medium_large":["https:\/\/elcomercioenlinea.com\/wp-content\/uploads\/2024\/07\/804875-768x768.png",768,768,true],"large":["https:\/\/elcomercioenlinea.com\/wp-content\/uploads\/2024\/07\/804875-1024x1024.png",1024,1024,true],"1536x1536":["https:\/\/elcomercioenlinea.com\/wp-content\/uploads\/2024\/07\/804875.png",1200,1200,false],"2048x2048":["https:\/\/elcomercioenlinea.com\/wp-content\/uploads\/2024\/07\/804875.png",1200,1200,false],"woocommerce_archive_thumbnail":["https:\/\/elcomercioenlinea.com\/wp-content\/uploads\/2024\/07\/804875-300x300.png",300,300,true],"woocommerce_thumbnail":["https:\/\/elcomercioenlinea.com\/wp-content\/uploads\/2024\/07\/804875-300x300.png",300,300,true],"woocommerce_single":["https:\/\/elcomercioenlinea.com\/wp-content\/uploads\/2024\/07\/804875-600x600.png",600,600,true],"woocommerce_gallery_thumbnail":["https:\/\/elcomercioenlinea.com\/wp-content\/uploads\/2024\/07\/804875-100x100.png",100,100,true]},"post_excerpt_stackable":"<p>Carga f\u00e1cilmente tu tel\u00e9fono, reloj inteligente y tus aud\u00edfonos inal\u00e1mbricos sin cables. Un cargador plegable viajero, con una estaci\u00f3n de carga r\u00e1pida para el tel\u00e9fono, una convencional de uso doble (tel\u00e9fono o aud\u00edfonos inal\u00e1mbricos) y una estaci\u00f3n para el reloj inteligente. IMPORTANTE: Verifica que tus dispositivos inteligentes cuenten con el sistema Qi (Transferencia de energ\u00eda el\u00e9ctrica por inducci\u00f3n). Compatibilidad: El dispositivo funciona tanto con dispositivos Apple y Android, la condici\u00f3n particular es verificar que el dispositivo tenga sistema Qi (Carga Inal\u00e1mbrica por inducci\u00f3n) aplica para los 3 tipos de dispositivos que se pueden cargar (tel\u00e9fono, aud\u00edfonos y reloj). Para verificar&hellip;<\/p>\n","category_list":"","author_info":{"name":"","url":""},"comments_num":"0 comentarios","jetpack_sharing_enabled":true,"_links":{"self":[{"href":"https:\/\/elcomercioenlinea.com\/index.php\/wp-json\/wp\/v2\/product\/2705","targetHints":{"allow":["GET"]}}],"collection":[{"href":"https:\/\/elcomercioenlinea.com\/index.php\/wp-json\/wp\/v2\/product"}],"about":[{"href":"https:\/\/elcomercioenlinea.com\/index.php\/wp-json\/wp\/v2\/types\/product"}],"wp:featuredmedia":[{"embeddable":true,"href":"https:\/\/elcomercioenlinea.com\/index.php\/wp-json\/wp\/v2\/media\/2706"}],"wp:attachment":[{"href":"https:\/\/elcomercioenlinea.com\/index.php\/wp-json\/wp\/v2\/media?parent=2705"}],"wp:term":[{"taxonomy":"product_brand","embeddable":true,"href":"https:\/\/elcomercioenlinea.com\/index.php\/wp-json\/wp\/v2\/product_brand?post=2705"},{"taxonomy":"product_cat","embeddable":true,"href":"https:\/\/elcomercioenlinea.com\/index.php\/wp-json\/wp\/v2\/product_cat?post=2705"},{"taxonomy":"product_tag","embeddable":true,"href":"https:\/\/elcomercioenlinea.com\/index.php\/wp-json\/wp\/v2\/product_tag?post=2705"}],"curies":[{"name":"wp","href":"https:\/\/api.w.org\/{rel}","templated":true}]}}