{"id":2719,"date":"2024-07-10T18:51:46","date_gmt":"2024-07-10T23:51:46","guid":{"rendered":"https:\/\/elcomercioenlinea.com\/index.php\/producto\/mini-ventilador-de-mano\/"},"modified":"2024-07-10T18:57:30","modified_gmt":"2024-07-10T23:57:30","slug":"mini-ventilador-de-mano","status":"publish","type":"product","link":"https:\/\/elcomercioenlinea.com\/index.php\/producto\/mini-ventilador-de-mano\/","title":{"rendered":"MINI VENTILADOR DE MANO"},"content":{"rendered":"<h2>\u00a1Descubre la comodidad y frescura port\u00e1til con nuestro mini ventilador de mano! Compacto, ligero y recargable, este ventilador es el compa\u00f1ero perfecto para esos d\u00edas calurosos. Con un dise\u00f1o ergon\u00f3mico y tres velocidades ajustables, podr\u00e1s disfrutar de una brisa refrescante en cualquier momento y lugar. Ideal para llevar en el bolso, de viaje, o simplemente tenerlo en el escritorio. \u00a1Mantente fresco y c\u00f3modo con estilo!<\/h2>\n<figure class=\"table\"><\/figure>\n","protected":false},"excerpt":{"rendered":"<p>\u00a1Descubre la comodidad y frescura port\u00e1til con nuestro mini ventilador de mano! Compacto, ligero y recargable, este ventilador es el compa\u00f1ero perfecto para esos d\u00edas calurosos. Con un dise\u00f1o ergon\u00f3mico y tres velocidades ajustables, podr\u00e1s disfrutar de una brisa refrescante en cualquier momento y lugar. Ideal para llevar en el bolso, de viaje, o simplemente [&hellip;]<\/p>\n","protected":false},"featured_media":2720,"template":"","meta":[],"product_brand":[],"product_cat":[18],"product_tag":[],"class_list":{"0":"post-2719","1":"product","2":"type-product","3":"status-publish","4":"has-post-thumbnail","6":"product_cat-tecnologia","8":"first","9":"instock","10":"shipping-taxable","11":"purchasable","12":"product-type-simple"},"featured_image_urls":{"full":["https:\/\/elcomercioenlinea.com\/wp-content\/uploads\/2024\/07\/522668.png",500,500,false],"thumbnail":["https:\/\/elcomercioenlinea.com\/wp-content\/uploads\/2024\/07\/522668-150x150.png",150,150,true],"medium":["https:\/\/elcomercioenlinea.com\/wp-content\/uploads\/2024\/07\/522668-300x300.png",300,300,true],"medium_large":["https:\/\/elcomercioenlinea.com\/wp-content\/uploads\/2024\/07\/522668.png",500,500,false],"large":["https:\/\/elcomercioenlinea.com\/wp-content\/uploads\/2024\/07\/522668.png",500,500,false],"1536x1536":["https:\/\/elcomercioenlinea.com\/wp-content\/uploads\/2024\/07\/522668.png",500,500,false],"2048x2048":["https:\/\/elcomercioenlinea.com\/wp-content\/uploads\/2024\/07\/522668.png",500,500,false],"woocommerce_archive_thumbnail":["https:\/\/elcomercioenlinea.com\/wp-content\/uploads\/2024\/07\/522668-300x300.png",300,300,true],"woocommerce_thumbnail":["https:\/\/elcomercioenlinea.com\/wp-content\/uploads\/2024\/07\/522668-300x300.png",300,300,true],"woocommerce_single":["https:\/\/elcomercioenlinea.com\/wp-content\/uploads\/2024\/07\/522668.png",500,500,false],"woocommerce_gallery_thumbnail":["https:\/\/elcomercioenlinea.com\/wp-content\/uploads\/2024\/07\/522668-100x100.png",100,100,true]},"post_excerpt_stackable":"<p>\u00a1Descubre la comodidad y frescura port\u00e1til con nuestro mini ventilador de mano! Compacto, ligero y recargable, este ventilador es el compa\u00f1ero perfecto para esos d\u00edas calurosos. Con un dise\u00f1o ergon\u00f3mico y tres velocidades ajustables, podr\u00e1s disfrutar de una brisa refrescante en cualquier momento y lugar. Ideal para llevar en el bolso, de viaje, o simplemente tenerlo en el escritorio. \u00a1Mantente fresco y c\u00f3modo con estilo!<\/p>\n","category_list":"","author_info":{"name":"","url":""},"comments_num":"0 comentarios","jetpack_sharing_enabled":true,"_links":{"self":[{"href":"https:\/\/elcomercioenlinea.com\/index.php\/wp-json\/wp\/v2\/product\/2719","targetHints":{"allow":["GET"]}}],"collection":[{"href":"https:\/\/elcomercioenlinea.com\/index.php\/wp-json\/wp\/v2\/product"}],"about":[{"href":"https:\/\/elcomercioenlinea.com\/index.php\/wp-json\/wp\/v2\/types\/product"}],"wp:featuredmedia":[{"embeddable":true,"href":"https:\/\/elcomercioenlinea.com\/index.php\/wp-json\/wp\/v2\/media\/2720"}],"wp:attachment":[{"href":"https:\/\/elcomercioenlinea.com\/index.php\/wp-json\/wp\/v2\/media?parent=2719"}],"wp:term":[{"taxonomy":"product_brand","embeddable":true,"href":"https:\/\/elcomercioenlinea.com\/index.php\/wp-json\/wp\/v2\/product_brand?post=2719"},{"taxonomy":"product_cat","embeddable":true,"href":"https:\/\/elcomercioenlinea.com\/index.php\/wp-json\/wp\/v2\/product_cat?post=2719"},{"taxonomy":"product_tag","embeddable":true,"href":"https:\/\/elcomercioenlinea.com\/index.php\/wp-json\/wp\/v2\/product_tag?post=2719"}],"curies":[{"name":"wp","href":"https:\/\/api.w.org\/{rel}","templated":true}]}}