{"id":2730,"date":"2024-07-10T19:02:28","date_gmt":"2024-07-11T00:02:28","guid":{"rendered":"https:\/\/elcomercioenlinea.com\/index.php\/producto\/protector-de-puerta-tira-sellado\/"},"modified":"2024-07-10T19:03:30","modified_gmt":"2024-07-11T00:03:30","slug":"protector-de-puerta-tira-sellado","status":"publish","type":"product","link":"https:\/\/elcomercioenlinea.com\/index.php\/producto\/protector-de-puerta-tira-sellado\/","title":{"rendered":"PROTECTOR DE PUERTA  SELLADO"},"content":{"rendered":"<p><strong>Caracter\u00edsticas:\u00a0<\/strong><\/p>\n<ul>\n<li>Se mueven c\u00f3modamente con tu puerta, no hay necesidad de agacharse constantemente para reposicionar. Tiene una cubierta de vinilo que es f\u00e1cil de cortar a la longitud y muy f\u00e1cil de limpiar.<\/li>\n<li>Es ideal para bloquear el ruido y los humos.<\/li>\n<\/ul>\n<p><strong>Especificaciones:<\/strong><\/p>\n<ul>\n<li>Material: Espuma<\/li>\n<li>Tama\u00f1o: aproximadamente 94 cms<\/li>\n<li>Color Negro y Cafe<\/li>\n<\/ul>\n<p><strong>Tu compra Incluye:<\/strong><\/p>\n<ul>\n<li>1 Protector Para Puerta<\/li>\n<\/ul>\n","protected":false},"excerpt":{"rendered":"<p>Caracter\u00edsticas:\u00a0 Se mueven c\u00f3modamente con tu puerta, no hay necesidad de agacharse constantemente para reposicionar. Tiene una cubierta de vinilo que es f\u00e1cil de cortar a la longitud y muy f\u00e1cil de limpiar. Es ideal para bloquear el ruido y los humos. Especificaciones: Material: Espuma Tama\u00f1o: aproximadamente 94 cms Color Negro y Cafe Tu compra [&hellip;]<\/p>\n","protected":false},"featured_media":2731,"template":"","meta":[],"product_brand":[],"product_cat":[15,17],"product_tag":[],"class_list":{"0":"post-2730","1":"product","2":"type-product","3":"status-publish","4":"has-post-thumbnail","6":"product_cat-sin-categoria","7":"product_cat-hogar","9":"first","10":"instock","11":"sale","12":"shipping-taxable","13":"purchasable","14":"product-type-simple"},"featured_image_urls":{"full":["https:\/\/elcomercioenlinea.com\/wp-content\/uploads\/2024\/07\/346317.png",1500,1500,false],"thumbnail":["https:\/\/elcomercioenlinea.com\/wp-content\/uploads\/2024\/07\/346317-150x150.png",150,150,true],"medium":["https:\/\/elcomercioenlinea.com\/wp-content\/uploads\/2024\/07\/346317-300x300.png",300,300,true],"medium_large":["https:\/\/elcomercioenlinea.com\/wp-content\/uploads\/2024\/07\/346317-768x768.png",768,768,true],"large":["https:\/\/elcomercioenlinea.com\/wp-content\/uploads\/2024\/07\/346317-1024x1024.png",1024,1024,true],"1536x1536":["https:\/\/elcomercioenlinea.com\/wp-content\/uploads\/2024\/07\/346317.png",1500,1500,false],"2048x2048":["https:\/\/elcomercioenlinea.com\/wp-content\/uploads\/2024\/07\/346317.png",1500,1500,false],"woocommerce_archive_thumbnail":["https:\/\/elcomercioenlinea.com\/wp-content\/uploads\/2024\/07\/346317-300x300.png",300,300,true],"woocommerce_thumbnail":["https:\/\/elcomercioenlinea.com\/wp-content\/uploads\/2024\/07\/346317-300x300.png",300,300,true],"woocommerce_single":["https:\/\/elcomercioenlinea.com\/wp-content\/uploads\/2024\/07\/346317-600x600.png",600,600,true],"woocommerce_gallery_thumbnail":["https:\/\/elcomercioenlinea.com\/wp-content\/uploads\/2024\/07\/346317-100x100.png",100,100,true]},"post_excerpt_stackable":"<p>Caracter\u00edsticas:\u00a0 Se mueven c\u00f3modamente con tu puerta, no hay necesidad de agacharse constantemente para reposicionar. Tiene una cubierta de vinilo que es f\u00e1cil de cortar a la longitud y muy f\u00e1cil de limpiar. Es ideal para bloquear el ruido y los humos. Especificaciones: Material: Espuma Tama\u00f1o: aproximadamente 94 cms Color Negro y Cafe Tu compra Incluye: 1 Protector Para Puerta<\/p>\n","category_list":"","author_info":{"name":"","url":""},"comments_num":"0 comentarios","jetpack_sharing_enabled":true,"_links":{"self":[{"href":"https:\/\/elcomercioenlinea.com\/index.php\/wp-json\/wp\/v2\/product\/2730","targetHints":{"allow":["GET"]}}],"collection":[{"href":"https:\/\/elcomercioenlinea.com\/index.php\/wp-json\/wp\/v2\/product"}],"about":[{"href":"https:\/\/elcomercioenlinea.com\/index.php\/wp-json\/wp\/v2\/types\/product"}],"wp:featuredmedia":[{"embeddable":true,"href":"https:\/\/elcomercioenlinea.com\/index.php\/wp-json\/wp\/v2\/media\/2731"}],"wp:attachment":[{"href":"https:\/\/elcomercioenlinea.com\/index.php\/wp-json\/wp\/v2\/media?parent=2730"}],"wp:term":[{"taxonomy":"product_brand","embeddable":true,"href":"https:\/\/elcomercioenlinea.com\/index.php\/wp-json\/wp\/v2\/product_brand?post=2730"},{"taxonomy":"product_cat","embeddable":true,"href":"https:\/\/elcomercioenlinea.com\/index.php\/wp-json\/wp\/v2\/product_cat?post=2730"},{"taxonomy":"product_tag","embeddable":true,"href":"https:\/\/elcomercioenlinea.com\/index.php\/wp-json\/wp\/v2\/product_tag?post=2730"}],"curies":[{"name":"wp","href":"https:\/\/api.w.org\/{rel}","templated":true}]}}