{"id":2733,"date":"2024-07-11T09:00:14","date_gmt":"2024-07-11T14:00:14","guid":{"rendered":"https:\/\/elcomercioenlinea.com\/index.php\/producto\/set-de-cuchillos-zepter\/"},"modified":"2024-07-11T09:07:44","modified_gmt":"2024-07-11T14:07:44","slug":"set-de-cuchillos-zepter","status":"publish","type":"product","link":"https:\/\/elcomercioenlinea.com\/index.php\/producto\/set-de-cuchillos-zepter\/","title":{"rendered":"Set de cuchillos Zepter"},"content":{"rendered":"<p>Set Cuchillos Zepter X 6 Recubierto Cer\u00e1mica Volc\u00e1nica<\/p>\n<p>Descripci\u00f3n<br \/>\nSet De Cocina Cuchillos en Acero Recubiertos en Cer\u00e1mica Volc\u00e1nica x 6 Piezas<\/p>\n<p>cuchillos en acero recubiertos en cer\u00e1mica volc\u00e1nica x 6 piezas, acero de alta calidad con mangos antideslizante en pl\u00e1stico reforzado para optimizar el trabajo en la cocina, disponibles en color blanco<\/p>\n<p>Mango ergon\u00f3mico antideslizante, c\u00f3modo de agarrar.<br \/>\nMaterial de primera calidad, a prueba de \u00f3xido, f\u00e1cil de usar y limpiar.<br \/>\nAlta dureza y robustez, se desempe\u00f1a bien en rebanar, cortar en cubitos, picar, picar y m\u00e1s.<br \/>\nIncluye cuchillo de chef, cuchillo de trinchar, cuchillo peque\u00f1o, cuchillo de cocina, tijeras y pelador de cer\u00e1mica.<\/p>\n<p>Tu compra Incluye<\/p>\n<p>1 Cuchillo de chef<br \/>\n1 Cuchillo de trinchar<br \/>\n1 Cuchillo peque\u00f1o<br \/>\n1 Cuchillo de cocina<br \/>\n1 Tijeras<br \/>\n1 Pelador<\/p>\n","protected":false},"excerpt":{"rendered":"<p>Set Cuchillos Zepter X 6 Recubierto Cer\u00e1mica Volc\u00e1nica Descripci\u00f3n Set De Cocina Cuchillos en Acero Recubiertos en Cer\u00e1mica Volc\u00e1nica x 6 Piezas cuchillos en acero recubiertos en cer\u00e1mica volc\u00e1nica x 6 piezas, acero de alta calidad con mangos antideslizante en pl\u00e1stico reforzado para optimizar el trabajo en la cocina, disponibles en color blanco Mango ergon\u00f3mico [&hellip;]<\/p>\n","protected":false},"featured_media":2736,"template":"","meta":[],"product_brand":[],"product_cat":[25],"product_tag":[],"class_list":{"0":"post-2733","1":"product","2":"type-product","3":"status-publish","4":"has-post-thumbnail","6":"product_cat-cocina","8":"first","9":"instock","10":"shipping-taxable","11":"purchasable","12":"product-type-simple"},"featured_image_urls":{"full":["https:\/\/elcomercioenlinea.com\/wp-content\/uploads\/2024\/07\/619253.png",1086,1085,false],"thumbnail":["https:\/\/elcomercioenlinea.com\/wp-content\/uploads\/2024\/07\/619253-150x150.png",150,150,true],"medium":["https:\/\/elcomercioenlinea.com\/wp-content\/uploads\/2024\/07\/619253-300x300.png",300,300,true],"medium_large":["https:\/\/elcomercioenlinea.com\/wp-content\/uploads\/2024\/07\/619253-768x767.png",768,767,true],"large":["https:\/\/elcomercioenlinea.com\/wp-content\/uploads\/2024\/07\/619253-1024x1024.png",1024,1024,true],"1536x1536":["https:\/\/elcomercioenlinea.com\/wp-content\/uploads\/2024\/07\/619253.png",1086,1085,false],"2048x2048":["https:\/\/elcomercioenlinea.com\/wp-content\/uploads\/2024\/07\/619253.png",1086,1085,false],"woocommerce_archive_thumbnail":["https:\/\/elcomercioenlinea.com\/wp-content\/uploads\/2024\/07\/619253-300x300.png",300,300,true],"woocommerce_thumbnail":["https:\/\/elcomercioenlinea.com\/wp-content\/uploads\/2024\/07\/619253-300x300.png",300,300,true],"woocommerce_single":["https:\/\/elcomercioenlinea.com\/wp-content\/uploads\/2024\/07\/619253-600x599.png",600,599,true],"woocommerce_gallery_thumbnail":["https:\/\/elcomercioenlinea.com\/wp-content\/uploads\/2024\/07\/619253-100x100.png",100,100,true]},"post_excerpt_stackable":"<p>Set Cuchillos Zepter X 6 Recubierto Cer\u00e1mica Volc\u00e1nica Descripci\u00f3n Set De Cocina Cuchillos en Acero Recubiertos en Cer\u00e1mica Volc\u00e1nica x 6 Piezas cuchillos en acero recubiertos en cer\u00e1mica volc\u00e1nica x 6 piezas, acero de alta calidad con mangos antideslizante en pl\u00e1stico reforzado para optimizar el trabajo en la cocina, disponibles en color blanco Mango ergon\u00f3mico antideslizante, c\u00f3modo de agarrar. Material de primera calidad, a prueba de \u00f3xido, f\u00e1cil de usar y limpiar. Alta dureza y robustez, se desempe\u00f1a bien en rebanar, cortar en cubitos, picar, picar y m\u00e1s. Incluye cuchillo de chef, cuchillo de trinchar, cuchillo peque\u00f1o, cuchillo de cocina,&hellip;<\/p>\n","category_list":"","author_info":{"name":"","url":""},"comments_num":"0 comentarios","jetpack_sharing_enabled":true,"_links":{"self":[{"href":"https:\/\/elcomercioenlinea.com\/index.php\/wp-json\/wp\/v2\/product\/2733","targetHints":{"allow":["GET"]}}],"collection":[{"href":"https:\/\/elcomercioenlinea.com\/index.php\/wp-json\/wp\/v2\/product"}],"about":[{"href":"https:\/\/elcomercioenlinea.com\/index.php\/wp-json\/wp\/v2\/types\/product"}],"wp:featuredmedia":[{"embeddable":true,"href":"https:\/\/elcomercioenlinea.com\/index.php\/wp-json\/wp\/v2\/media\/2736"}],"wp:attachment":[{"href":"https:\/\/elcomercioenlinea.com\/index.php\/wp-json\/wp\/v2\/media?parent=2733"}],"wp:term":[{"taxonomy":"product_brand","embeddable":true,"href":"https:\/\/elcomercioenlinea.com\/index.php\/wp-json\/wp\/v2\/product_brand?post=2733"},{"taxonomy":"product_cat","embeddable":true,"href":"https:\/\/elcomercioenlinea.com\/index.php\/wp-json\/wp\/v2\/product_cat?post=2733"},{"taxonomy":"product_tag","embeddable":true,"href":"https:\/\/elcomercioenlinea.com\/index.php\/wp-json\/wp\/v2\/product_tag?post=2733"}],"curies":[{"name":"wp","href":"https:\/\/api.w.org\/{rel}","templated":true}]}}