{"id":2766,"date":"2024-07-11T10:38:42","date_gmt":"2024-07-11T15:38:42","guid":{"rendered":"https:\/\/elcomercioenlinea.com\/index.php\/producto\/malla-mosquitera\/"},"modified":"2024-07-17T09:00:08","modified_gmt":"2024-07-17T14:00:08","slug":"malla-mosquitera","status":"publish","type":"product","link":"https:\/\/elcomercioenlinea.com\/index.php\/producto\/malla-mosquitera\/","title":{"rendered":"Malla mosquitera"},"content":{"rendered":"<p>Caracter\u00edsticas<\/p>\n<ul>\n<li>La mosquitera para ventanas proporciona una protecci\u00f3n fiable contra los molestos mosquitos, avispas y otros insectos no deseados que pueden entrar en la casa &#8211; los insectos se quedan fuera, el aire fresco puede entrar, adem\u00e1s es adecuada para casi todas las ventanas, son sus diversos tama\u00f1os y en caso contrario simplemente corte la mosquitera al tama\u00f1o deseado.<\/li>\n<li>Fije los m\u00f3dulos magn\u00e9ticos al marco de la ventana y las contrapartes a la mosquitera, sin necesidad de taladrar y atornillar. Ahora la mosquitera se puede fijar muy f\u00e1cilmente gracias a la fijaci\u00f3n magn\u00e9tica &#8211; simplemente y r\u00e1pidamente haga clic en.<\/li>\n<li>Con la mosquitera, las ventanas se pueden seguir abriendo completamente. Adem\u00e1s, la mosquitera puede desprenderse de los imanes despu\u00e9s de la temporada sin dejar residuos y retirarse sin dejar restos de adhesivo.<\/li>\n<li>El material negro es permeable al aire y semitransparente. As\u00ed que con la mosquitera no tienes que renunciar a la hermosa vista exterior para protegerte de insectos y animales voladores no deseados.<\/li>\n<li><\/li>\n<\/ul>\n<p>Recomendaciones<\/p>\n<p>1. Limpia el marco de la ventana, haz que la cinta de gancho adhesiva se adhiera a la solidez del marco.<\/p>\n<p>2. Mida el tama\u00f1o de la ventana con una regla y luego mida la longitud de la ventana de proyecci\u00f3n.<\/p>\n<p>3. Use unas tijeras para cortar el tama\u00f1o apropiado de acuerdo con la longitud medida.<\/p>\n<p>4. De acuerdo con la longitud correspondiente del gancho y la cinta adhesiva en la ventana de detecci\u00f3n.<\/p>\n<p>5. Retire las pegatinas de la parte posterior del gancho y la cinta adhesiva.<\/p>\n<p>6. Adjunto a la ventana directamente.<\/p>\n<p>&nbsp;<\/p>\n<p>Especificaciones<\/p>\n<p>Material: Fibra de poli\u00e9ster<\/p>\n<p>Tu compra incluye<\/p>\n<p>1 Malla mosquitera para ventana<\/p>\n","protected":false},"excerpt":{"rendered":"<p>Caracter\u00edsticas La mosquitera para ventanas proporciona una protecci\u00f3n fiable contra los molestos mosquitos, avispas y otros insectos no deseados que pueden entrar en la casa &#8211; los insectos se quedan fuera, el aire fresco puede entrar, adem\u00e1s es adecuada para casi todas las ventanas, son sus diversos tama\u00f1os y en caso contrario simplemente corte la [&hellip;]<\/p>\n","protected":false},"featured_media":2771,"template":"","meta":[],"product_brand":[],"product_cat":[17,49],"product_tag":[],"class_list":{"0":"post-2766","1":"product","2":"type-product","3":"status-publish","4":"has-post-thumbnail","6":"product_cat-hogar","7":"product_cat-salud","9":"first","10":"instock","11":"shipping-taxable","12":"purchasable","13":"product-type-simple"},"featured_image_urls":{"full":["https:\/\/elcomercioenlinea.com\/wp-content\/uploads\/2024\/07\/469771.png",1032,906,false],"thumbnail":["https:\/\/elcomercioenlinea.com\/wp-content\/uploads\/2024\/07\/469771-150x150.png",150,150,true],"medium":["https:\/\/elcomercioenlinea.com\/wp-content\/uploads\/2024\/07\/469771-300x263.png",300,263,true],"medium_large":["https:\/\/elcomercioenlinea.com\/wp-content\/uploads\/2024\/07\/469771-768x674.png",768,674,true],"large":["https:\/\/elcomercioenlinea.com\/wp-content\/uploads\/2024\/07\/469771-1024x899.png",1024,899,true],"1536x1536":["https:\/\/elcomercioenlinea.com\/wp-content\/uploads\/2024\/07\/469771.png",1032,906,false],"2048x2048":["https:\/\/elcomercioenlinea.com\/wp-content\/uploads\/2024\/07\/469771.png",1032,906,false],"woocommerce_archive_thumbnail":["https:\/\/elcomercioenlinea.com\/wp-content\/uploads\/2024\/07\/469771-300x263.png",300,263,true],"woocommerce_thumbnail":["https:\/\/elcomercioenlinea.com\/wp-content\/uploads\/2024\/07\/469771-300x300.png",300,300,true],"woocommerce_single":["https:\/\/elcomercioenlinea.com\/wp-content\/uploads\/2024\/07\/469771-600x527.png",600,527,true],"woocommerce_gallery_thumbnail":["https:\/\/elcomercioenlinea.com\/wp-content\/uploads\/2024\/07\/469771-100x100.png",100,100,true]},"post_excerpt_stackable":"<p>Caracter\u00edsticas La mosquitera para ventanas proporciona una protecci\u00f3n fiable contra los molestos mosquitos, avispas y otros insectos no deseados que pueden entrar en la casa &#8211; los insectos se quedan fuera, el aire fresco puede entrar, adem\u00e1s es adecuada para casi todas las ventanas, son sus diversos tama\u00f1os y en caso contrario simplemente corte la mosquitera al tama\u00f1o deseado. Fije los m\u00f3dulos magn\u00e9ticos al marco de la ventana y las contrapartes a la mosquitera, sin necesidad de taladrar y atornillar. Ahora la mosquitera se puede fijar muy f\u00e1cilmente gracias a la fijaci\u00f3n magn\u00e9tica &#8211; simplemente y r\u00e1pidamente haga clic en.&hellip;<\/p>\n","category_list":"","author_info":{"name":"","url":""},"comments_num":"0 comentarios","jetpack_sharing_enabled":true,"_links":{"self":[{"href":"https:\/\/elcomercioenlinea.com\/index.php\/wp-json\/wp\/v2\/product\/2766","targetHints":{"allow":["GET"]}}],"collection":[{"href":"https:\/\/elcomercioenlinea.com\/index.php\/wp-json\/wp\/v2\/product"}],"about":[{"href":"https:\/\/elcomercioenlinea.com\/index.php\/wp-json\/wp\/v2\/types\/product"}],"wp:featuredmedia":[{"embeddable":true,"href":"https:\/\/elcomercioenlinea.com\/index.php\/wp-json\/wp\/v2\/media\/2771"}],"wp:attachment":[{"href":"https:\/\/elcomercioenlinea.com\/index.php\/wp-json\/wp\/v2\/media?parent=2766"}],"wp:term":[{"taxonomy":"product_brand","embeddable":true,"href":"https:\/\/elcomercioenlinea.com\/index.php\/wp-json\/wp\/v2\/product_brand?post=2766"},{"taxonomy":"product_cat","embeddable":true,"href":"https:\/\/elcomercioenlinea.com\/index.php\/wp-json\/wp\/v2\/product_cat?post=2766"},{"taxonomy":"product_tag","embeddable":true,"href":"https:\/\/elcomercioenlinea.com\/index.php\/wp-json\/wp\/v2\/product_tag?post=2766"}],"curies":[{"name":"wp","href":"https:\/\/api.w.org\/{rel}","templated":true}]}}