{"id":2774,"date":"2024-07-11T10:41:41","date_gmt":"2024-07-11T15:41:41","guid":{"rendered":"https:\/\/elcomercioenlinea.com\/index.php\/producto\/base-soporte-para-lavadora\/"},"modified":"2024-08-17T11:54:16","modified_gmt":"2024-08-17T16:54:16","slug":"base-soporte-para-lavadora","status":"publish","type":"product","link":"https:\/\/elcomercioenlinea.com\/index.php\/producto\/base-soporte-para-lavadora\/","title":{"rendered":"Base Soporte Para Lavadora"},"content":{"rendered":"<p>Una base soporte para lavadora es una plataforma ajustable dise\u00f1ada para sostener y elevar una lavadora o secadora del suelo. La principal funci\u00f3n de una base soporte es proporcionar una base firme y nivelada para los electrodom\u00e9sticos, lo que puede ayudar a mejorar su rendimiento y durabilidad.<\/p>\n<p><strong>Protecci\u00f3n del Suelo<\/strong>:<\/p>\n<ul>\n<li><strong>Prevenci\u00f3n de Da\u00f1os<\/strong>: Elevar la lavadora del suelo ayuda a prevenir da\u00f1os en pisos de madera, baldosas u otros tipos de superficies que pueden ser afectados por vibraciones o fugas de agua.<\/li>\n<li><strong>Reducci\u00f3n del Ruido<\/strong>: La base puede ayudar a amortiguar las vibraciones, reduciendo el ruido durante el ciclo de lavado.<\/li>\n<\/ul>\n<p><strong>Facilidad de Limpieza<\/strong>:<\/p>\n<ul>\n<li><strong>Acceso Bajo la Lavadora<\/strong>: Elevar la lavadora facilita la limpieza debajo de ella, ayudando a mantener un ambiente m\u00e1s higi\u00e9nico y libre de polvo y residuos.<\/li>\n<li><strong>Prevenci\u00f3n de Humedad<\/strong>: Al mantener la lavadora elevada, se reduce el riesgo de acumulaci\u00f3n de humedad y moho en el \u00e1rea donde se encuentra.<\/li>\n<\/ul>\n<p><strong>VIENEN X4 UNIDADES.<\/strong><\/p>\n<p>&nbsp;<\/p>\n","protected":false},"excerpt":{"rendered":"<p>Una base soporte para lavadora es una plataforma ajustable dise\u00f1ada para sostener y elevar una lavadora o secadora del suelo. La principal funci\u00f3n de una base soporte es proporcionar una base firme y nivelada para los electrodom\u00e9sticos, lo que puede ayudar a mejorar su rendimiento y durabilidad. Protecci\u00f3n del Suelo: Prevenci\u00f3n de Da\u00f1os: Elevar la [&hellip;]<\/p>\n","protected":false},"featured_media":2775,"template":"","meta":[],"product_brand":[],"product_cat":[17],"product_tag":[],"class_list":{"0":"post-2774","1":"product","2":"type-product","3":"status-publish","4":"has-post-thumbnail","6":"product_cat-hogar","8":"first","9":"instock","10":"shipping-taxable","11":"purchasable","12":"product-type-simple"},"featured_image_urls":{"full":["https:\/\/elcomercioenlinea.com\/wp-content\/uploads\/2024\/07\/900206.png",1080,1080,false],"thumbnail":["https:\/\/elcomercioenlinea.com\/wp-content\/uploads\/2024\/07\/900206-150x150.png",150,150,true],"medium":["https:\/\/elcomercioenlinea.com\/wp-content\/uploads\/2024\/07\/900206-300x300.png",300,300,true],"medium_large":["https:\/\/elcomercioenlinea.com\/wp-content\/uploads\/2024\/07\/900206-768x768.png",768,768,true],"large":["https:\/\/elcomercioenlinea.com\/wp-content\/uploads\/2024\/07\/900206-1024x1024.png",1024,1024,true],"1536x1536":["https:\/\/elcomercioenlinea.com\/wp-content\/uploads\/2024\/07\/900206.png",1080,1080,false],"2048x2048":["https:\/\/elcomercioenlinea.com\/wp-content\/uploads\/2024\/07\/900206.png",1080,1080,false],"woocommerce_archive_thumbnail":["https:\/\/elcomercioenlinea.com\/wp-content\/uploads\/2024\/07\/900206-300x300.png",300,300,true],"woocommerce_thumbnail":["https:\/\/elcomercioenlinea.com\/wp-content\/uploads\/2024\/07\/900206-300x300.png",300,300,true],"woocommerce_single":["https:\/\/elcomercioenlinea.com\/wp-content\/uploads\/2024\/07\/900206-600x600.png",600,600,true],"woocommerce_gallery_thumbnail":["https:\/\/elcomercioenlinea.com\/wp-content\/uploads\/2024\/07\/900206-100x100.png",100,100,true]},"post_excerpt_stackable":"<p>Una base soporte para lavadora es una plataforma ajustable dise\u00f1ada para sostener y elevar una lavadora o secadora del suelo. La principal funci\u00f3n de una base soporte es proporcionar una base firme y nivelada para los electrodom\u00e9sticos, lo que puede ayudar a mejorar su rendimiento y durabilidad. Protecci\u00f3n del Suelo: Prevenci\u00f3n de Da\u00f1os: Elevar la lavadora del suelo ayuda a prevenir da\u00f1os en pisos de madera, baldosas u otros tipos de superficies que pueden ser afectados por vibraciones o fugas de agua. Reducci\u00f3n del Ruido: La base puede ayudar a amortiguar las vibraciones, reduciendo el ruido durante el ciclo de&hellip;<\/p>\n","category_list":"","author_info":{"name":"","url":""},"comments_num":"0 comentarios","jetpack_sharing_enabled":true,"_links":{"self":[{"href":"https:\/\/elcomercioenlinea.com\/index.php\/wp-json\/wp\/v2\/product\/2774","targetHints":{"allow":["GET"]}}],"collection":[{"href":"https:\/\/elcomercioenlinea.com\/index.php\/wp-json\/wp\/v2\/product"}],"about":[{"href":"https:\/\/elcomercioenlinea.com\/index.php\/wp-json\/wp\/v2\/types\/product"}],"wp:featuredmedia":[{"embeddable":true,"href":"https:\/\/elcomercioenlinea.com\/index.php\/wp-json\/wp\/v2\/media\/2775"}],"wp:attachment":[{"href":"https:\/\/elcomercioenlinea.com\/index.php\/wp-json\/wp\/v2\/media?parent=2774"}],"wp:term":[{"taxonomy":"product_brand","embeddable":true,"href":"https:\/\/elcomercioenlinea.com\/index.php\/wp-json\/wp\/v2\/product_brand?post=2774"},{"taxonomy":"product_cat","embeddable":true,"href":"https:\/\/elcomercioenlinea.com\/index.php\/wp-json\/wp\/v2\/product_cat?post=2774"},{"taxonomy":"product_tag","embeddable":true,"href":"https:\/\/elcomercioenlinea.com\/index.php\/wp-json\/wp\/v2\/product_tag?post=2774"}],"curies":[{"name":"wp","href":"https:\/\/api.w.org\/{rel}","templated":true}]}}