{"id":2817,"date":"2024-07-11T12:52:43","date_gmt":"2024-07-11T17:52:43","guid":{"rendered":"https:\/\/elcomercioenlinea.com\/index.php\/producto\/audifonos-samsung-buds\/"},"modified":"2024-07-11T12:54:54","modified_gmt":"2024-07-11T17:54:54","slug":"audifonos-samsung-buds","status":"publish","type":"product","link":"https:\/\/elcomercioenlinea.com\/index.php\/producto\/audifonos-samsung-buds\/","title":{"rendered":"AUDIFONOS SAMSUNG BUDS"},"content":{"rendered":"<p>\u00a1Descubre la libertad del sonido con los Samsung Galaxy Buds! Estos auriculares inal\u00e1mbricos ofrecen una calidad de audio superior con tecnolog\u00eda de cancelaci\u00f3n de ruido activa, permiti\u00e9ndote disfrutar de tu m\u00fasica y llamadas sin distracciones. Con un dise\u00f1o ergon\u00f3mico y ligero, los Galaxy Buds se ajustan c\u00f3modamente a tus o\u00eddos, brind\u00e1ndote hasta 9 horas de reproducci\u00f3n continua con una sola carga. Adem\u00e1s, su estuche de carga compacto te proporciona energ\u00eda extra sobre la marcha. Conectividad Bluetooth avanzada y controles t\u00e1ctiles intuitivos hacen de estos auriculares el compa\u00f1ero perfecto para tu d\u00eda a d\u00eda. \u00a1Experimenta la mejor calidad de sonido con los Samsung Galaxy Buds!<\/p>\n<p>&nbsp;<\/p>\n","protected":false},"excerpt":{"rendered":"<p>\u00a1Descubre la libertad del sonido con los Samsung Galaxy Buds! Estos auriculares inal\u00e1mbricos ofrecen una calidad de audio superior con tecnolog\u00eda de cancelaci\u00f3n de ruido activa, permiti\u00e9ndote disfrutar de tu m\u00fasica y llamadas sin distracciones. Con un dise\u00f1o ergon\u00f3mico y ligero, los Galaxy Buds se ajustan c\u00f3modamente a tus o\u00eddos, brind\u00e1ndote hasta 9 horas de [&hellip;]<\/p>\n","protected":false},"featured_media":2818,"template":"","meta":[],"product_brand":[],"product_cat":[18],"product_tag":[],"class_list":{"0":"post-2817","1":"product","2":"type-product","3":"status-publish","4":"has-post-thumbnail","6":"product_cat-tecnologia","8":"first","9":"instock","10":"sale","11":"shipping-taxable","12":"purchasable","13":"product-type-simple"},"featured_image_urls":{"full":["https:\/\/elcomercioenlinea.com\/wp-content\/uploads\/2024\/07\/247644.png",640,655,false],"thumbnail":["https:\/\/elcomercioenlinea.com\/wp-content\/uploads\/2024\/07\/247644-150x150.png",150,150,true],"medium":["https:\/\/elcomercioenlinea.com\/wp-content\/uploads\/2024\/07\/247644-293x300.png",293,300,true],"medium_large":["https:\/\/elcomercioenlinea.com\/wp-content\/uploads\/2024\/07\/247644.png",640,655,false],"large":["https:\/\/elcomercioenlinea.com\/wp-content\/uploads\/2024\/07\/247644.png",640,655,false],"1536x1536":["https:\/\/elcomercioenlinea.com\/wp-content\/uploads\/2024\/07\/247644.png",640,655,false],"2048x2048":["https:\/\/elcomercioenlinea.com\/wp-content\/uploads\/2024\/07\/247644.png",640,655,false],"woocommerce_archive_thumbnail":["https:\/\/elcomercioenlinea.com\/wp-content\/uploads\/2024\/07\/247644-300x307.png",300,307,true],"woocommerce_thumbnail":["https:\/\/elcomercioenlinea.com\/wp-content\/uploads\/2024\/07\/247644-300x300.png",300,300,true],"woocommerce_single":["https:\/\/elcomercioenlinea.com\/wp-content\/uploads\/2024\/07\/247644-600x614.png",600,614,true],"woocommerce_gallery_thumbnail":["https:\/\/elcomercioenlinea.com\/wp-content\/uploads\/2024\/07\/247644-100x100.png",100,100,true]},"post_excerpt_stackable":"<p>\u00a1Descubre la libertad del sonido con los Samsung Galaxy Buds! Estos auriculares inal\u00e1mbricos ofrecen una calidad de audio superior con tecnolog\u00eda de cancelaci\u00f3n de ruido activa, permiti\u00e9ndote disfrutar de tu m\u00fasica y llamadas sin distracciones. Con un dise\u00f1o ergon\u00f3mico y ligero, los Galaxy Buds se ajustan c\u00f3modamente a tus o\u00eddos, brind\u00e1ndote hasta 9 horas de reproducci\u00f3n continua con una sola carga. Adem\u00e1s, su estuche de carga compacto te proporciona energ\u00eda extra sobre la marcha. Conectividad Bluetooth avanzada y controles t\u00e1ctiles intuitivos hacen de estos auriculares el compa\u00f1ero perfecto para tu d\u00eda a d\u00eda. \u00a1Experimenta la mejor calidad de sonido con&hellip;<\/p>\n","category_list":"","author_info":{"name":"","url":""},"comments_num":"0 comentarios","jetpack_sharing_enabled":true,"_links":{"self":[{"href":"https:\/\/elcomercioenlinea.com\/index.php\/wp-json\/wp\/v2\/product\/2817","targetHints":{"allow":["GET"]}}],"collection":[{"href":"https:\/\/elcomercioenlinea.com\/index.php\/wp-json\/wp\/v2\/product"}],"about":[{"href":"https:\/\/elcomercioenlinea.com\/index.php\/wp-json\/wp\/v2\/types\/product"}],"wp:featuredmedia":[{"embeddable":true,"href":"https:\/\/elcomercioenlinea.com\/index.php\/wp-json\/wp\/v2\/media\/2818"}],"wp:attachment":[{"href":"https:\/\/elcomercioenlinea.com\/index.php\/wp-json\/wp\/v2\/media?parent=2817"}],"wp:term":[{"taxonomy":"product_brand","embeddable":true,"href":"https:\/\/elcomercioenlinea.com\/index.php\/wp-json\/wp\/v2\/product_brand?post=2817"},{"taxonomy":"product_cat","embeddable":true,"href":"https:\/\/elcomercioenlinea.com\/index.php\/wp-json\/wp\/v2\/product_cat?post=2817"},{"taxonomy":"product_tag","embeddable":true,"href":"https:\/\/elcomercioenlinea.com\/index.php\/wp-json\/wp\/v2\/product_tag?post=2817"}],"curies":[{"name":"wp","href":"https:\/\/api.w.org\/{rel}","templated":true}]}}