{"id":2827,"date":"2024-07-11T13:09:35","date_gmt":"2024-07-11T18:09:35","guid":{"rendered":"https:\/\/elcomercioenlinea.com\/index.php\/producto\/organizador-de-ropa-divisor-set-3-piezas\/"},"modified":"2024-07-11T13:15:19","modified_gmt":"2024-07-11T18:15:19","slug":"organizador-de-ropa-divisor-set-3-piezas","status":"publish","type":"product","link":"https:\/\/elcomercioenlinea.com\/index.php\/producto\/organizador-de-ropa-divisor-set-3-piezas\/","title":{"rendered":"Organizador de Ropa Divisor Set 3 Piezas"},"content":{"rendered":"<p>SET ORGANIZADOR DE ROPA 3 PIEZAS DE DIVERSOS TAMA\u00d1OS.<\/p>\n<p>Bueno para organizar todo tipo de ropa como pantalones, calcetines, ropa interior cuando termines de lavar y de f\u00e1cil acceso a ellos mientras lo necesitas.<br \/>\nOrganizador de Caj\u00f3n, se adapta a todo tipo de cajon y armario<br \/>\nFabricado con tela que es a prueba de moho, lavable y resistente.<\/p>\n<p>Podr\u00e1s guardar:<\/p>\n<p>Bufandas y corbatas.<br \/>\nRopa interior<br \/>\nPantalones.<br \/>\nCamisas.<br \/>\nToallas, sabanas, cobijas.<\/p>\n<p>Garant\u00eda sobre Defectos de Fabricaci\u00f3n.<\/p>\n","protected":false},"excerpt":{"rendered":"<p>SET ORGANIZADOR DE ROPA 3 PIEZAS DE DIVERSOS TAMA\u00d1OS. Bueno para organizar todo tipo de ropa como pantalones, calcetines, ropa interior cuando termines de lavar y de f\u00e1cil acceso a ellos mientras lo necesitas. Organizador de Caj\u00f3n, se adapta a todo tipo de cajon y armario Fabricado con tela que es a prueba de moho, [&hellip;]<\/p>\n","protected":false},"featured_media":2832,"template":"","meta":[],"product_brand":[],"product_cat":[17],"product_tag":[],"class_list":{"0":"post-2827","1":"product","2":"type-product","3":"status-publish","4":"has-post-thumbnail","6":"product_cat-hogar","8":"first","9":"instock","10":"shipping-taxable","11":"purchasable","12":"product-type-simple"},"featured_image_urls":{"full":["https:\/\/elcomercioenlinea.com\/wp-content\/uploads\/2024\/07\/930048.png",1900,1900,false],"thumbnail":["https:\/\/elcomercioenlinea.com\/wp-content\/uploads\/2024\/07\/930048-150x150.png",150,150,true],"medium":["https:\/\/elcomercioenlinea.com\/wp-content\/uploads\/2024\/07\/930048-300x300.png",300,300,true],"medium_large":["https:\/\/elcomercioenlinea.com\/wp-content\/uploads\/2024\/07\/930048-768x768.png",768,768,true],"large":["https:\/\/elcomercioenlinea.com\/wp-content\/uploads\/2024\/07\/930048-1024x1024.png",1024,1024,true],"1536x1536":["https:\/\/elcomercioenlinea.com\/wp-content\/uploads\/2024\/07\/930048-1536x1536.png",1536,1536,true],"2048x2048":["https:\/\/elcomercioenlinea.com\/wp-content\/uploads\/2024\/07\/930048.png",1900,1900,false],"woocommerce_archive_thumbnail":["https:\/\/elcomercioenlinea.com\/wp-content\/uploads\/2024\/07\/930048-300x300.png",300,300,true],"woocommerce_thumbnail":["https:\/\/elcomercioenlinea.com\/wp-content\/uploads\/2024\/07\/930048-300x300.png",300,300,true],"woocommerce_single":["https:\/\/elcomercioenlinea.com\/wp-content\/uploads\/2024\/07\/930048-600x600.png",600,600,true],"woocommerce_gallery_thumbnail":["https:\/\/elcomercioenlinea.com\/wp-content\/uploads\/2024\/07\/930048-100x100.png",100,100,true]},"post_excerpt_stackable":"<p>SET ORGANIZADOR DE ROPA 3 PIEZAS DE DIVERSOS TAMA\u00d1OS. Bueno para organizar todo tipo de ropa como pantalones, calcetines, ropa interior cuando termines de lavar y de f\u00e1cil acceso a ellos mientras lo necesitas. Organizador de Caj\u00f3n, se adapta a todo tipo de cajon y armario Fabricado con tela que es a prueba de moho, lavable y resistente. Podr\u00e1s guardar: Bufandas y corbatas. Ropa interior Pantalones. Camisas. Toallas, sabanas, cobijas. Garant\u00eda sobre Defectos de Fabricaci\u00f3n.<\/p>\n","category_list":"","author_info":{"name":"","url":""},"comments_num":"0 comentarios","jetpack_sharing_enabled":true,"_links":{"self":[{"href":"https:\/\/elcomercioenlinea.com\/index.php\/wp-json\/wp\/v2\/product\/2827","targetHints":{"allow":["GET"]}}],"collection":[{"href":"https:\/\/elcomercioenlinea.com\/index.php\/wp-json\/wp\/v2\/product"}],"about":[{"href":"https:\/\/elcomercioenlinea.com\/index.php\/wp-json\/wp\/v2\/types\/product"}],"wp:featuredmedia":[{"embeddable":true,"href":"https:\/\/elcomercioenlinea.com\/index.php\/wp-json\/wp\/v2\/media\/2832"}],"wp:attachment":[{"href":"https:\/\/elcomercioenlinea.com\/index.php\/wp-json\/wp\/v2\/media?parent=2827"}],"wp:term":[{"taxonomy":"product_brand","embeddable":true,"href":"https:\/\/elcomercioenlinea.com\/index.php\/wp-json\/wp\/v2\/product_brand?post=2827"},{"taxonomy":"product_cat","embeddable":true,"href":"https:\/\/elcomercioenlinea.com\/index.php\/wp-json\/wp\/v2\/product_cat?post=2827"},{"taxonomy":"product_tag","embeddable":true,"href":"https:\/\/elcomercioenlinea.com\/index.php\/wp-json\/wp\/v2\/product_tag?post=2827"}],"curies":[{"name":"wp","href":"https:\/\/api.w.org\/{rel}","templated":true}]}}