{"id":2843,"date":"2024-07-11T13:22:33","date_gmt":"2024-07-11T18:22:33","guid":{"rendered":"https:\/\/elcomercioenlinea.com\/index.php\/producto\/monedero-organizador-llaves\/"},"modified":"2024-07-11T13:25:26","modified_gmt":"2024-07-11T18:25:26","slug":"monedero-organizador-llaves","status":"publish","type":"product","link":"https:\/\/elcomercioenlinea.com\/index.php\/producto\/monedero-organizador-llaves\/","title":{"rendered":"Monedero Organizador Llaves con dise\u00f1o de granada"},"content":{"rendered":"<p>\u00a1Descubre el Monedero Organizador Llaves con dise\u00f1o de granada, la combinaci\u00f3n perfecta de estilo y funcionalidad! Este innovador accesorio no solo mantiene tus llaves y monedas organizadas, sino que tambi\u00e9n a\u00f1ade un toque audaz a tu d\u00eda a d\u00eda. Con un dise\u00f1o compacto y resistente, este monedero es ideal para quienes buscan practicidad sin sacrificar el estilo. Su cierre seguro y compartimentos internos te permiten llevar todo lo esencial de manera ordenada y accesible. \u00a1Haz de tu rutina una explosi\u00f3n de eficiencia y personalidad con este monedero \u00fanico!<\/p>\n<ul>\n<li><strong>Material:<\/strong> Pl\u00e1stico PU, nylon.<\/li>\n<li><strong>Tama\u00f1o Aprox. Producto:<\/strong> 10,5 x 8 x 6 cm<\/li>\n<li><strong>Peso:<\/strong> 57 g.<\/li>\n<li>Hermoso estuche con forma de granada el cual podr\u00e1s llevar f\u00e1cilmente colgado de tu pantal\u00f3n, bolso, morral o ri\u00f1onera.<\/li>\n<li>Cuenta con un bolsillo interno con cierre para guardar monedas o billetes. Un bolsillo con malla para guardar llaves, peque\u00f1as herramientas, aud\u00edfonos o una navaja y un aro met\u00e1lico con ganchos peque\u00f1os para llevar hasta 6 llaves por separado y usarlas con mayor facilidad.<\/li>\n<li>Su estructura es r\u00edgida y protege los objetos en su interior evitando que se deforme o se presionen entre s\u00ed.<\/li>\n<li>Dise\u00f1o innovador de granada el cual se ver\u00e1 supremamente atractivo a los ojos de todos.<\/li>\n<li>Lleva con estilo tus objetos personales peque\u00f1os.<\/li>\n<li><strong>Contenido del paquete:<\/strong><\/li>\n<li>1 Monedero granada.<\/li>\n<li><strong>100 % Nuevo.<\/strong><\/li>\n<\/ul>\n","protected":false},"excerpt":{"rendered":"<p>\u00a1Descubre el Monedero Organizador Llaves con dise\u00f1o de granada, la combinaci\u00f3n perfecta de estilo y funcionalidad! Este innovador accesorio no solo mantiene tus llaves y monedas organizadas, sino que tambi\u00e9n a\u00f1ade un toque audaz a tu d\u00eda a d\u00eda. Con un dise\u00f1o compacto y resistente, este monedero es ideal para quienes buscan practicidad sin sacrificar [&hellip;]<\/p>\n","protected":false},"featured_media":2844,"template":"","meta":[],"product_brand":[],"product_cat":[19],"product_tag":[],"class_list":{"0":"post-2843","1":"product","2":"type-product","3":"status-publish","4":"has-post-thumbnail","6":"product_cat-vehiculos","8":"first","9":"instock","10":"shipping-taxable","11":"purchasable","12":"product-type-simple"},"featured_image_urls":{"full":["https:\/\/elcomercioenlinea.com\/wp-content\/uploads\/2024\/07\/253929.png",1200,1200,false],"thumbnail":["https:\/\/elcomercioenlinea.com\/wp-content\/uploads\/2024\/07\/253929-150x150.png",150,150,true],"medium":["https:\/\/elcomercioenlinea.com\/wp-content\/uploads\/2024\/07\/253929-300x300.png",300,300,true],"medium_large":["https:\/\/elcomercioenlinea.com\/wp-content\/uploads\/2024\/07\/253929-768x768.png",768,768,true],"large":["https:\/\/elcomercioenlinea.com\/wp-content\/uploads\/2024\/07\/253929-1024x1024.png",1024,1024,true],"1536x1536":["https:\/\/elcomercioenlinea.com\/wp-content\/uploads\/2024\/07\/253929.png",1200,1200,false],"2048x2048":["https:\/\/elcomercioenlinea.com\/wp-content\/uploads\/2024\/07\/253929.png",1200,1200,false],"woocommerce_archive_thumbnail":["https:\/\/elcomercioenlinea.com\/wp-content\/uploads\/2024\/07\/253929-300x300.png",300,300,true],"woocommerce_thumbnail":["https:\/\/elcomercioenlinea.com\/wp-content\/uploads\/2024\/07\/253929-300x300.png",300,300,true],"woocommerce_single":["https:\/\/elcomercioenlinea.com\/wp-content\/uploads\/2024\/07\/253929-600x600.png",600,600,true],"woocommerce_gallery_thumbnail":["https:\/\/elcomercioenlinea.com\/wp-content\/uploads\/2024\/07\/253929-100x100.png",100,100,true]},"post_excerpt_stackable":"<p>\u00a1Descubre el Monedero Organizador Llaves con dise\u00f1o de granada, la combinaci\u00f3n perfecta de estilo y funcionalidad! Este innovador accesorio no solo mantiene tus llaves y monedas organizadas, sino que tambi\u00e9n a\u00f1ade un toque audaz a tu d\u00eda a d\u00eda. Con un dise\u00f1o compacto y resistente, este monedero es ideal para quienes buscan practicidad sin sacrificar el estilo. Su cierre seguro y compartimentos internos te permiten llevar todo lo esencial de manera ordenada y accesible. \u00a1Haz de tu rutina una explosi\u00f3n de eficiencia y personalidad con este monedero \u00fanico! Material: Pl\u00e1stico PU, nylon. Tama\u00f1o Aprox. Producto: 10,5 x 8 x 6&hellip;<\/p>\n","category_list":"","author_info":{"name":"","url":""},"comments_num":"0 comentarios","jetpack_sharing_enabled":true,"_links":{"self":[{"href":"https:\/\/elcomercioenlinea.com\/index.php\/wp-json\/wp\/v2\/product\/2843","targetHints":{"allow":["GET"]}}],"collection":[{"href":"https:\/\/elcomercioenlinea.com\/index.php\/wp-json\/wp\/v2\/product"}],"about":[{"href":"https:\/\/elcomercioenlinea.com\/index.php\/wp-json\/wp\/v2\/types\/product"}],"wp:featuredmedia":[{"embeddable":true,"href":"https:\/\/elcomercioenlinea.com\/index.php\/wp-json\/wp\/v2\/media\/2844"}],"wp:attachment":[{"href":"https:\/\/elcomercioenlinea.com\/index.php\/wp-json\/wp\/v2\/media?parent=2843"}],"wp:term":[{"taxonomy":"product_brand","embeddable":true,"href":"https:\/\/elcomercioenlinea.com\/index.php\/wp-json\/wp\/v2\/product_brand?post=2843"},{"taxonomy":"product_cat","embeddable":true,"href":"https:\/\/elcomercioenlinea.com\/index.php\/wp-json\/wp\/v2\/product_cat?post=2843"},{"taxonomy":"product_tag","embeddable":true,"href":"https:\/\/elcomercioenlinea.com\/index.php\/wp-json\/wp\/v2\/product_tag?post=2843"}],"curies":[{"name":"wp","href":"https:\/\/api.w.org\/{rel}","templated":true}]}}