{"id":2860,"date":"2024-07-11T13:30:17","date_gmt":"2024-07-11T18:30:17","guid":{"rendered":"https:\/\/elcomercioenlinea.com\/index.php\/producto\/organizador-maquillaje-con-espejo\/"},"modified":"2024-07-11T13:34:48","modified_gmt":"2024-07-11T18:34:48","slug":"organizador-maquillaje-con-espejo","status":"publish","type":"product","link":"https:\/\/elcomercioenlinea.com\/index.php\/producto\/organizador-maquillaje-con-espejo\/","title":{"rendered":"Organizador maquillaje con espejo"},"content":{"rendered":"<p><strong>\u00a1Descubre la elegancia y funcionalidad en un solo producto con nuestro organizador de maquillaje con espejo! Dise\u00f1ado para simplificar tu rutina diaria, este organizador cuenta con m\u00faltiples compartimentos para almacenar tus productos de belleza de manera ordenada y accesible. El espejo integrado, de alta calidad, proporciona una vista clara y brillante para que apliques tu maquillaje con precisi\u00f3n. Fabricado con materiales duraderos y de dise\u00f1o moderno, este organizador no solo optimiza tu espacio, sino que tambi\u00e9n a\u00f1ade un toque de sofisticaci\u00f3n a tu tocador. \u00a1Haz de tu rutina de belleza una experiencia placentera y sin complicaciones con nuestro organizador de maquillaje con espejo!<\/strong><\/p>\n<p>&nbsp;<\/p>\n<p><strong>Elegante y duradero soporte para maquillaje transparente: Organiza todo tu maquillaje, cosm\u00e9ticos y accesorios en un deslumbrante mostrador de belleza personalizado o pantalla con un elegante soporte de cosm\u00e9ticos.<\/strong><\/p>\n<p><strong>Espejo desmontable a mano: verte en tu mejor luz durante el vestido y confecci\u00f3n con el espejo de tocador de aspecto elegante. Reflexi\u00f3n clara y sin distorsiones de ti mismo, refleja la luz de forma constante y uniforme.<\/strong><\/p>\n<p>&nbsp;<\/p>\n","protected":false},"excerpt":{"rendered":"<p>\u00a1Descubre la elegancia y funcionalidad en un solo producto con nuestro organizador de maquillaje con espejo! Dise\u00f1ado para simplificar tu rutina diaria, este organizador cuenta con m\u00faltiples compartimentos para almacenar tus productos de belleza de manera ordenada y accesible. El espejo integrado, de alta calidad, proporciona una vista clara y brillante para que apliques tu [&hellip;]<\/p>\n","protected":false},"featured_media":2861,"template":"","meta":[],"product_brand":[],"product_cat":[102,17],"product_tag":[],"class_list":{"0":"post-2860","1":"product","2":"type-product","3":"status-publish","4":"has-post-thumbnail","6":"product_cat-belleza","7":"product_cat-hogar","9":"first","10":"instock","11":"shipping-taxable","12":"purchasable","13":"product-type-simple"},"featured_image_urls":{"full":["https:\/\/elcomercioenlinea.com\/wp-content\/uploads\/2024\/07\/904696.png",1200,1200,false],"thumbnail":["https:\/\/elcomercioenlinea.com\/wp-content\/uploads\/2024\/07\/904696-150x150.png",150,150,true],"medium":["https:\/\/elcomercioenlinea.com\/wp-content\/uploads\/2024\/07\/904696-300x300.png",300,300,true],"medium_large":["https:\/\/elcomercioenlinea.com\/wp-content\/uploads\/2024\/07\/904696-768x768.png",768,768,true],"large":["https:\/\/elcomercioenlinea.com\/wp-content\/uploads\/2024\/07\/904696-1024x1024.png",1024,1024,true],"1536x1536":["https:\/\/elcomercioenlinea.com\/wp-content\/uploads\/2024\/07\/904696.png",1200,1200,false],"2048x2048":["https:\/\/elcomercioenlinea.com\/wp-content\/uploads\/2024\/07\/904696.png",1200,1200,false],"woocommerce_archive_thumbnail":["https:\/\/elcomercioenlinea.com\/wp-content\/uploads\/2024\/07\/904696-300x300.png",300,300,true],"woocommerce_thumbnail":["https:\/\/elcomercioenlinea.com\/wp-content\/uploads\/2024\/07\/904696-300x300.png",300,300,true],"woocommerce_single":["https:\/\/elcomercioenlinea.com\/wp-content\/uploads\/2024\/07\/904696-600x600.png",600,600,true],"woocommerce_gallery_thumbnail":["https:\/\/elcomercioenlinea.com\/wp-content\/uploads\/2024\/07\/904696-100x100.png",100,100,true]},"post_excerpt_stackable":"<p>\u00a1Descubre la elegancia y funcionalidad en un solo producto con nuestro organizador de maquillaje con espejo! Dise\u00f1ado para simplificar tu rutina diaria, este organizador cuenta con m\u00faltiples compartimentos para almacenar tus productos de belleza de manera ordenada y accesible. El espejo integrado, de alta calidad, proporciona una vista clara y brillante para que apliques tu maquillaje con precisi\u00f3n. Fabricado con materiales duraderos y de dise\u00f1o moderno, este organizador no solo optimiza tu espacio, sino que tambi\u00e9n a\u00f1ade un toque de sofisticaci\u00f3n a tu tocador. \u00a1Haz de tu rutina de belleza una experiencia placentera y sin complicaciones con nuestro organizador de&hellip;<\/p>\n","category_list":"","author_info":{"name":"","url":""},"comments_num":"0 comentarios","jetpack_sharing_enabled":true,"_links":{"self":[{"href":"https:\/\/elcomercioenlinea.com\/index.php\/wp-json\/wp\/v2\/product\/2860","targetHints":{"allow":["GET"]}}],"collection":[{"href":"https:\/\/elcomercioenlinea.com\/index.php\/wp-json\/wp\/v2\/product"}],"about":[{"href":"https:\/\/elcomercioenlinea.com\/index.php\/wp-json\/wp\/v2\/types\/product"}],"wp:featuredmedia":[{"embeddable":true,"href":"https:\/\/elcomercioenlinea.com\/index.php\/wp-json\/wp\/v2\/media\/2861"}],"wp:attachment":[{"href":"https:\/\/elcomercioenlinea.com\/index.php\/wp-json\/wp\/v2\/media?parent=2860"}],"wp:term":[{"taxonomy":"product_brand","embeddable":true,"href":"https:\/\/elcomercioenlinea.com\/index.php\/wp-json\/wp\/v2\/product_brand?post=2860"},{"taxonomy":"product_cat","embeddable":true,"href":"https:\/\/elcomercioenlinea.com\/index.php\/wp-json\/wp\/v2\/product_cat?post=2860"},{"taxonomy":"product_tag","embeddable":true,"href":"https:\/\/elcomercioenlinea.com\/index.php\/wp-json\/wp\/v2\/product_tag?post=2860"}],"curies":[{"name":"wp","href":"https:\/\/api.w.org\/{rel}","templated":true}]}}