{"id":2885,"date":"2024-07-11T13:59:01","date_gmt":"2024-07-11T18:59:01","guid":{"rendered":"https:\/\/elcomercioenlinea.com\/index.php\/producto\/organizador-plegable-cubrelechos-rigido\/"},"modified":"2024-07-11T14:01:00","modified_gmt":"2024-07-11T19:01:00","slug":"organizador-plegable-cubrelechos-rigido","status":"publish","type":"product","link":"https:\/\/elcomercioenlinea.com\/index.php\/producto\/organizador-plegable-cubrelechos-rigido\/","title":{"rendered":"ORGANIZADOR PLEGABLE CUBRELECHOS RIGIDO"},"content":{"rendered":"<p>&lt;&gt; Tela de alta calidad: las cajas de almacenamiento est\u00e1n hechas de material de nailon de alta calidad, telas duraderas y no tienen olor. Se pueden cepillar con agua cuando se ensucian, son resistentes al agua.<\/p>\n<p>&lt;&gt; Ahorro de espacio: dise\u00f1o plegable, la caja de almacenamiento se puede plegar cuando no est\u00e1 en uso, lo que te ayuda a ahorrar espacio y aprovechar al m\u00e1ximo el estante de tu armario<\/p>\n<p>&lt;&gt; Mango pr\u00e1ctico: cubos de almacenamiento con correas de transporte en ambos lados para un f\u00e1cil transporte al mover art\u00edculos. Dise\u00f1o transparente para una f\u00e1cil identificaci\u00f3n<\/p>\n<p>&lt;&gt; Multiusos: organizador de almacenamiento ideal para toallas, mantas, ropa, edredones y m\u00e1s en el hogar, sala de estar, estudio u oficina<\/p>\n<p>Dimensiones m\u00e1s grandes: capacidad de 80 L, varios tama\u00f1os para elegir.<\/p>\n<p>Caracteristicas:<\/p>\n<p>Materiale: Tela de Nailon\/PVC<br \/>\nColor: gris<br \/>\ntama\u00f1o:80L (50 * 40 * 40cm)<br \/>\npeso: 120g<\/p>\n<p>Contenido de la entrega:<br \/>\n1 * Organizador Cobijas<\/p>\n<p><i><strong>Garantia sobre defectos de fabrica<\/strong><\/i><\/p>\n<p>&nbsp;<\/p>\n","protected":false},"excerpt":{"rendered":"<p>&lt;&gt; Tela de alta calidad: las cajas de almacenamiento est\u00e1n hechas de material de nailon de alta calidad, telas duraderas y no tienen olor. Se pueden cepillar con agua cuando se ensucian, son resistentes al agua. &lt;&gt; Ahorro de espacio: dise\u00f1o plegable, la caja de almacenamiento se puede plegar cuando no est\u00e1 en uso, lo [&hellip;]<\/p>\n","protected":false},"featured_media":2890,"template":"","meta":[],"product_brand":[],"product_cat":[17],"product_tag":[],"class_list":{"0":"post-2885","1":"product","2":"type-product","3":"status-publish","4":"has-post-thumbnail","6":"product_cat-hogar","8":"first","9":"instock","10":"shipping-taxable","11":"purchasable","12":"product-type-simple"},"featured_image_urls":{"full":["https:\/\/elcomercioenlinea.com\/wp-content\/uploads\/2024\/07\/607210.png",1200,1196,false],"thumbnail":["https:\/\/elcomercioenlinea.com\/wp-content\/uploads\/2024\/07\/607210-150x150.png",150,150,true],"medium":["https:\/\/elcomercioenlinea.com\/wp-content\/uploads\/2024\/07\/607210-300x300.png",300,300,true],"medium_large":["https:\/\/elcomercioenlinea.com\/wp-content\/uploads\/2024\/07\/607210-768x765.png",768,765,true],"large":["https:\/\/elcomercioenlinea.com\/wp-content\/uploads\/2024\/07\/607210-1024x1021.png",1024,1021,true],"1536x1536":["https:\/\/elcomercioenlinea.com\/wp-content\/uploads\/2024\/07\/607210.png",1200,1196,false],"2048x2048":["https:\/\/elcomercioenlinea.com\/wp-content\/uploads\/2024\/07\/607210.png",1200,1196,false],"woocommerce_archive_thumbnail":["https:\/\/elcomercioenlinea.com\/wp-content\/uploads\/2024\/07\/607210-300x299.png",300,299,true],"woocommerce_thumbnail":["https:\/\/elcomercioenlinea.com\/wp-content\/uploads\/2024\/07\/607210-300x300.png",300,300,true],"woocommerce_single":["https:\/\/elcomercioenlinea.com\/wp-content\/uploads\/2024\/07\/607210-600x598.png",600,598,true],"woocommerce_gallery_thumbnail":["https:\/\/elcomercioenlinea.com\/wp-content\/uploads\/2024\/07\/607210-100x100.png",100,100,true]},"post_excerpt_stackable":"<p>&lt;&gt; Tela de alta calidad: las cajas de almacenamiento est\u00e1n hechas de material de nailon de alta calidad, telas duraderas y no tienen olor. Se pueden cepillar con agua cuando se ensucian, son resistentes al agua. &lt;&gt; Ahorro de espacio: dise\u00f1o plegable, la caja de almacenamiento se puede plegar cuando no est\u00e1 en uso, lo que te ayuda a ahorrar espacio y aprovechar al m\u00e1ximo el estante de tu armario &lt;&gt; Mango pr\u00e1ctico: cubos de almacenamiento con correas de transporte en ambos lados para un f\u00e1cil transporte al mover art\u00edculos. Dise\u00f1o transparente para una f\u00e1cil identificaci\u00f3n &lt;&gt; Multiusos: organizador de&hellip;<\/p>\n","category_list":"","author_info":{"name":"","url":""},"comments_num":"0 comentarios","jetpack_sharing_enabled":true,"_links":{"self":[{"href":"https:\/\/elcomercioenlinea.com\/index.php\/wp-json\/wp\/v2\/product\/2885","targetHints":{"allow":["GET"]}}],"collection":[{"href":"https:\/\/elcomercioenlinea.com\/index.php\/wp-json\/wp\/v2\/product"}],"about":[{"href":"https:\/\/elcomercioenlinea.com\/index.php\/wp-json\/wp\/v2\/types\/product"}],"wp:featuredmedia":[{"embeddable":true,"href":"https:\/\/elcomercioenlinea.com\/index.php\/wp-json\/wp\/v2\/media\/2890"}],"wp:attachment":[{"href":"https:\/\/elcomercioenlinea.com\/index.php\/wp-json\/wp\/v2\/media?parent=2885"}],"wp:term":[{"taxonomy":"product_brand","embeddable":true,"href":"https:\/\/elcomercioenlinea.com\/index.php\/wp-json\/wp\/v2\/product_brand?post=2885"},{"taxonomy":"product_cat","embeddable":true,"href":"https:\/\/elcomercioenlinea.com\/index.php\/wp-json\/wp\/v2\/product_cat?post=2885"},{"taxonomy":"product_tag","embeddable":true,"href":"https:\/\/elcomercioenlinea.com\/index.php\/wp-json\/wp\/v2\/product_tag?post=2885"}],"curies":[{"name":"wp","href":"https:\/\/api.w.org\/{rel}","templated":true}]}}