{"id":2904,"date":"2024-07-11T14:18:35","date_gmt":"2024-07-11T19:18:35","guid":{"rendered":"https:\/\/elcomercioenlinea.com\/index.php\/producto\/maquina-patillera-vgr-071\/"},"modified":"2024-07-17T10:04:47","modified_gmt":"2024-07-17T15:04:47","slug":"maquina-patillera-vgr-071","status":"publish","type":"product","link":"https:\/\/elcomercioenlinea.com\/index.php\/producto\/maquina-patillera-vgr-071\/","title":{"rendered":"Maquina patillera vgr-071"},"content":{"rendered":"<p>&nbsp;<\/p>\n<p>**Patillera vgr : Precisi\u00f3n y Estilo en Cada Corte**<\/p>\n<p>Descubre la Patillera vgr, la herramienta definitiva para conseguir un acabado perfecto. Dise\u00f1ada con tecnolog\u00eda de \u00faltima generaci\u00f3n, esta patillera ofrece cortes precisos y uniformes, ideal para definir patillas, contornos y detalles. Con cuchillas de acero inoxidable de alta calidad y una bater\u00eda de larga duraci\u00f3n, podr\u00e1s disfrutar de un rendimiento profesional en la comodidad de tu hogar. F\u00e1cil de usar y limpiar, la vgr es tu aliada perfecta para mantener un estilo impecable d\u00eda tras d\u00eda.<\/p>\n<p>&nbsp;<\/p>\n","protected":false},"excerpt":{"rendered":"<p>&nbsp; **Patillera vgr : Precisi\u00f3n y Estilo en Cada Corte** Descubre la Patillera vgr, la herramienta definitiva para conseguir un acabado perfecto. Dise\u00f1ada con tecnolog\u00eda de \u00faltima generaci\u00f3n, esta patillera ofrece cortes precisos y uniformes, ideal para definir patillas, contornos y detalles. Con cuchillas de acero inoxidable de alta calidad y una bater\u00eda de larga [&hellip;]<\/p>\n","protected":false},"featured_media":2905,"template":"","meta":[],"product_brand":[],"product_cat":[102,18],"product_tag":[],"class_list":{"0":"post-2904","1":"product","2":"type-product","3":"status-publish","4":"has-post-thumbnail","6":"product_cat-belleza","7":"product_cat-tecnologia","9":"first","10":"instock","11":"shipping-taxable","12":"purchasable","13":"product-type-simple"},"featured_image_urls":{"full":["https:\/\/elcomercioenlinea.com\/wp-content\/uploads\/2024\/07\/393717.png",465,483,false],"thumbnail":["https:\/\/elcomercioenlinea.com\/wp-content\/uploads\/2024\/07\/393717-150x150.png",150,150,true],"medium":["https:\/\/elcomercioenlinea.com\/wp-content\/uploads\/2024\/07\/393717-289x300.png",289,300,true],"medium_large":["https:\/\/elcomercioenlinea.com\/wp-content\/uploads\/2024\/07\/393717.png",465,483,false],"large":["https:\/\/elcomercioenlinea.com\/wp-content\/uploads\/2024\/07\/393717.png",465,483,false],"1536x1536":["https:\/\/elcomercioenlinea.com\/wp-content\/uploads\/2024\/07\/393717.png",465,483,false],"2048x2048":["https:\/\/elcomercioenlinea.com\/wp-content\/uploads\/2024\/07\/393717.png",465,483,false],"woocommerce_archive_thumbnail":["https:\/\/elcomercioenlinea.com\/wp-content\/uploads\/2024\/07\/393717-300x312.png",300,312,true],"woocommerce_thumbnail":["https:\/\/elcomercioenlinea.com\/wp-content\/uploads\/2024\/07\/393717-300x300.png",300,300,true],"woocommerce_single":["https:\/\/elcomercioenlinea.com\/wp-content\/uploads\/2024\/07\/393717.png",465,483,false],"woocommerce_gallery_thumbnail":["https:\/\/elcomercioenlinea.com\/wp-content\/uploads\/2024\/07\/393717-100x100.png",100,100,true]},"post_excerpt_stackable":"<p>&nbsp; **Patillera vgr : Precisi\u00f3n y Estilo en Cada Corte** Descubre la Patillera vgr, la herramienta definitiva para conseguir un acabado perfecto. Dise\u00f1ada con tecnolog\u00eda de \u00faltima generaci\u00f3n, esta patillera ofrece cortes precisos y uniformes, ideal para definir patillas, contornos y detalles. Con cuchillas de acero inoxidable de alta calidad y una bater\u00eda de larga duraci\u00f3n, podr\u00e1s disfrutar de un rendimiento profesional en la comodidad de tu hogar. F\u00e1cil de usar y limpiar, la vgr es tu aliada perfecta para mantener un estilo impecable d\u00eda tras d\u00eda. &nbsp;<\/p>\n","category_list":"","author_info":{"name":"","url":""},"comments_num":"0 comentarios","jetpack_sharing_enabled":true,"_links":{"self":[{"href":"https:\/\/elcomercioenlinea.com\/index.php\/wp-json\/wp\/v2\/product\/2904","targetHints":{"allow":["GET"]}}],"collection":[{"href":"https:\/\/elcomercioenlinea.com\/index.php\/wp-json\/wp\/v2\/product"}],"about":[{"href":"https:\/\/elcomercioenlinea.com\/index.php\/wp-json\/wp\/v2\/types\/product"}],"wp:featuredmedia":[{"embeddable":true,"href":"https:\/\/elcomercioenlinea.com\/index.php\/wp-json\/wp\/v2\/media\/2905"}],"wp:attachment":[{"href":"https:\/\/elcomercioenlinea.com\/index.php\/wp-json\/wp\/v2\/media?parent=2904"}],"wp:term":[{"taxonomy":"product_brand","embeddable":true,"href":"https:\/\/elcomercioenlinea.com\/index.php\/wp-json\/wp\/v2\/product_brand?post=2904"},{"taxonomy":"product_cat","embeddable":true,"href":"https:\/\/elcomercioenlinea.com\/index.php\/wp-json\/wp\/v2\/product_cat?post=2904"},{"taxonomy":"product_tag","embeddable":true,"href":"https:\/\/elcomercioenlinea.com\/index.php\/wp-json\/wp\/v2\/product_tag?post=2904"}],"curies":[{"name":"wp","href":"https:\/\/api.w.org\/{rel}","templated":true}]}}