{"id":2910,"date":"2024-07-11T14:25:59","date_gmt":"2024-07-11T19:25:59","guid":{"rendered":"https:\/\/elcomercioenlinea.com\/index.php\/producto\/toalla-para-secado-del-cabello-sin-friz\/"},"modified":"2024-07-17T10:08:56","modified_gmt":"2024-07-17T15:08:56","slug":"toalla-para-secado-del-cabello-sin-friz","status":"publish","type":"product","link":"https:\/\/elcomercioenlinea.com\/index.php\/producto\/toalla-para-secado-del-cabello-sin-friz\/","title":{"rendered":"Toalla Para Secado Del Cabello Sin Friz"},"content":{"rendered":"<p>\u00bfC\u00d3MO PROTEGE TU CABELLO CUANDO ES D\u00c9BIL? El cabello es m\u00e1s d\u00e9bil cuando est\u00e1 mojado. Aproximadamente un 60% m\u00e1s d\u00e9bil para ser exactos. El cabello se ensucia cuando se moja. La cut\u00edcula se hincha con una sobredosis de agua-m\u00e1s r\u00e1pidamente si el cabello es de color o tratado qu\u00edmicamente-haciendo que el cabello pierda su fuerza. Conseguir que el cabello est\u00e9 h\u00famedo lo m\u00e1s r\u00e1pido posible, sin calor ni fricci\u00f3n, ayuda a minimizar el da\u00f1o y la rotura.<\/p>\n<p><strong>\u25cf \u3010Absorbe la humedad r\u00e1pidamente\u3011<\/strong>En lugar de arreglar el da\u00f1o del cabello, cambiar sus h\u00e1bitos de secado del cabello har\u00e1 una gran diferencia. Simplemente invirtiendo en un turbante y a\u00f1adi\u00e9ndolo a su rutina de lavado de cabello, pronto notar\u00e1 que el cabello se comporta mejor a medida que recupera fuerza. Secar el cabello de forma natural sin un soplador de pelo el\u00e9ctrico que evita que se produzcan da\u00f1os en primer lugar.<\/p>\n<p><strong>\u25cf \u3010MICROFIBRO\u3011E<\/strong>st\u00e1 hecho de material de microfibra , que tiene una suavidad extremadamente alta y una absorci\u00f3n de alto rendimiento. Lo que es diferente es que hemos a\u00f1adido fibra de carbono. Dise\u00f1ado cuidadosamente para que el cabello se seque de h\u00famedo a h\u00famedo correctamente 50% m\u00e1s r\u00e1pido que el calor da\u00f1ino de los gorros de algod\u00f3n o los secadores de cabello, mientras seca el cabello de manera uniforme y suave y restaura su fuerza.<\/p>\n<p><strong>\u25cf \u3010F\u00c1CIL DE USAR\u3011<\/strong>Despu\u00e9s de ba\u00f1arse o ducharse, desl\u00edcese sobre el cabello y gire en un turbante como una toalla normal, enganche el lazo sobre el bot\u00f3n para bloquearlo en su posici\u00f3n. Apl\u00edcate maquillaje y v\u00edstete mientras Ahorras tiempo en secar tu cabello.<\/p>\n<p><strong>\u25cf \u3010CALIDAD DURADERO\u3011<\/strong>-Ligero y duradero, cabello de secado r\u00e1pido, esta toalla de microfibra para el cabello es compacta, por lo que es ideal para el hogar, los viajes, el gimnasio o la piscina.<\/p>\n<p><strong>Material<\/strong>: Microficabra<\/p>\n<p><strong>Medida<\/strong>: 66cm x 21 cm<\/p>\n<p><strong>Colores: <\/strong>Rosa<strong>( se envia segun disponibilidad)<\/strong><\/p>\n<p>&nbsp;<\/p>\n","protected":false},"excerpt":{"rendered":"<p>\u00bfC\u00d3MO PROTEGE TU CABELLO CUANDO ES D\u00c9BIL? El cabello es m\u00e1s d\u00e9bil cuando est\u00e1 mojado. Aproximadamente un 60% m\u00e1s d\u00e9bil para ser exactos. El cabello se ensucia cuando se moja. La cut\u00edcula se hincha con una sobredosis de agua-m\u00e1s r\u00e1pidamente si el cabello es de color o tratado qu\u00edmicamente-haciendo que el cabello pierda su fuerza. [&hellip;]<\/p>\n","protected":false},"featured_media":2918,"template":"","meta":[],"product_brand":[],"product_cat":[102,49],"product_tag":[],"class_list":{"0":"post-2910","1":"product","2":"type-product","3":"status-publish","4":"has-post-thumbnail","6":"product_cat-belleza","7":"product_cat-salud","9":"first","10":"instock","11":"shipping-taxable","12":"purchasable","13":"product-type-simple"},"featured_image_urls":{"full":["https:\/\/elcomercioenlinea.com\/wp-content\/uploads\/2024\/07\/900235.png",1200,1201,false],"thumbnail":["https:\/\/elcomercioenlinea.com\/wp-content\/uploads\/2024\/07\/900235-150x150.png",150,150,true],"medium":["https:\/\/elcomercioenlinea.com\/wp-content\/uploads\/2024\/07\/900235-300x300.png",300,300,true],"medium_large":["https:\/\/elcomercioenlinea.com\/wp-content\/uploads\/2024\/07\/900235-768x769.png",768,769,true],"large":["https:\/\/elcomercioenlinea.com\/wp-content\/uploads\/2024\/07\/900235-1024x1024.png",1024,1024,true],"1536x1536":["https:\/\/elcomercioenlinea.com\/wp-content\/uploads\/2024\/07\/900235.png",1200,1201,false],"2048x2048":["https:\/\/elcomercioenlinea.com\/wp-content\/uploads\/2024\/07\/900235.png",1200,1201,false],"woocommerce_archive_thumbnail":["https:\/\/elcomercioenlinea.com\/wp-content\/uploads\/2024\/07\/900235-300x300.png",300,300,true],"woocommerce_thumbnail":["https:\/\/elcomercioenlinea.com\/wp-content\/uploads\/2024\/07\/900235-300x300.png",300,300,true],"woocommerce_single":["https:\/\/elcomercioenlinea.com\/wp-content\/uploads\/2024\/07\/900235-600x601.png",600,601,true],"woocommerce_gallery_thumbnail":["https:\/\/elcomercioenlinea.com\/wp-content\/uploads\/2024\/07\/900235-100x100.png",100,100,true]},"post_excerpt_stackable":"<p>\u00bfC\u00d3MO PROTEGE TU CABELLO CUANDO ES D\u00c9BIL? El cabello es m\u00e1s d\u00e9bil cuando est\u00e1 mojado. Aproximadamente un 60% m\u00e1s d\u00e9bil para ser exactos. El cabello se ensucia cuando se moja. La cut\u00edcula se hincha con una sobredosis de agua-m\u00e1s r\u00e1pidamente si el cabello es de color o tratado qu\u00edmicamente-haciendo que el cabello pierda su fuerza. Conseguir que el cabello est\u00e9 h\u00famedo lo m\u00e1s r\u00e1pido posible, sin calor ni fricci\u00f3n, ayuda a minimizar el da\u00f1o y la rotura. \u25cf \u3010Absorbe la humedad r\u00e1pidamente\u3011En lugar de arreglar el da\u00f1o del cabello, cambiar sus h\u00e1bitos de secado del cabello har\u00e1 una gran diferencia.&hellip;<\/p>\n","category_list":"","author_info":{"name":"","url":""},"comments_num":"0 comentarios","jetpack_sharing_enabled":true,"_links":{"self":[{"href":"https:\/\/elcomercioenlinea.com\/index.php\/wp-json\/wp\/v2\/product\/2910","targetHints":{"allow":["GET"]}}],"collection":[{"href":"https:\/\/elcomercioenlinea.com\/index.php\/wp-json\/wp\/v2\/product"}],"about":[{"href":"https:\/\/elcomercioenlinea.com\/index.php\/wp-json\/wp\/v2\/types\/product"}],"wp:featuredmedia":[{"embeddable":true,"href":"https:\/\/elcomercioenlinea.com\/index.php\/wp-json\/wp\/v2\/media\/2918"}],"wp:attachment":[{"href":"https:\/\/elcomercioenlinea.com\/index.php\/wp-json\/wp\/v2\/media?parent=2910"}],"wp:term":[{"taxonomy":"product_brand","embeddable":true,"href":"https:\/\/elcomercioenlinea.com\/index.php\/wp-json\/wp\/v2\/product_brand?post=2910"},{"taxonomy":"product_cat","embeddable":true,"href":"https:\/\/elcomercioenlinea.com\/index.php\/wp-json\/wp\/v2\/product_cat?post=2910"},{"taxonomy":"product_tag","embeddable":true,"href":"https:\/\/elcomercioenlinea.com\/index.php\/wp-json\/wp\/v2\/product_tag?post=2910"}],"curies":[{"name":"wp","href":"https:\/\/api.w.org\/{rel}","templated":true}]}}