{"id":2965,"date":"2024-07-11T16:13:25","date_gmt":"2024-07-11T21:13:25","guid":{"rendered":"https:\/\/elcomercioenlinea.com\/index.php\/producto\/shampoo-con-minoxidil-kirkland-500-ml\/"},"modified":"2025-03-15T15:31:49","modified_gmt":"2025-03-15T20:31:49","slug":"shampoo-con-minoxidil-kirkland-500-ml","status":"publish","type":"product","link":"https:\/\/elcomercioenlinea.com\/index.php\/producto\/shampoo-con-minoxidil-kirkland-500-ml\/","title":{"rendered":"Shampoo Con Minoxidil Kirkland"},"content":{"rendered":"<p>Transforma tu rutina de cuidado capilar con el Shampoo con Minoxidil Kirkland! Especialmente formulado para combatir la ca\u00edda del cabello, este shampoo combina los beneficios del Minoxidil, un ingrediente cl\u00ednicamente probado para estimular el crecimiento del cabello, con una f\u00f3rmula suave que limpia y nutre tu cuero cabelludo. Ideal para hombres y mujeres que buscan una soluci\u00f3n efectiva para fortalecer y densificar su melena, el Shampoo con Minoxidil Kirkland te ayudar\u00e1 a recuperar la confianza y lucir un cabello m\u00e1s saludable y abundante. \u00a1Atr\u00e9vete a descubrir el secreto de un cabello renovado con Kirkland!<\/p>\n<p>&nbsp;<\/p>\n","protected":false},"excerpt":{"rendered":"<p>Transforma tu rutina de cuidado capilar con el Shampoo con Minoxidil Kirkland! Especialmente formulado para combatir la ca\u00edda del cabello, este shampoo combina los beneficios del Minoxidil, un ingrediente cl\u00ednicamente probado para estimular el crecimiento del cabello, con una f\u00f3rmula suave que limpia y nutre tu cuero cabelludo. Ideal para hombres y mujeres que buscan [&hellip;]<\/p>\n","protected":false},"featured_media":2966,"template":"","meta":[],"product_brand":[],"product_cat":[102,49],"product_tag":[],"class_list":{"0":"post-2965","1":"product","2":"type-product","3":"status-publish","4":"has-post-thumbnail","6":"product_cat-belleza","7":"product_cat-salud","9":"first","10":"instock","11":"shipping-taxable","12":"purchasable","13":"product-type-simple"},"featured_image_urls":{"full":["https:\/\/elcomercioenlinea.com\/wp-content\/uploads\/2024\/07\/445126.png",1600,1600,false],"thumbnail":["https:\/\/elcomercioenlinea.com\/wp-content\/uploads\/2024\/07\/445126-150x150.png",150,150,true],"medium":["https:\/\/elcomercioenlinea.com\/wp-content\/uploads\/2024\/07\/445126-300x300.png",300,300,true],"medium_large":["https:\/\/elcomercioenlinea.com\/wp-content\/uploads\/2024\/07\/445126-768x768.png",768,768,true],"large":["https:\/\/elcomercioenlinea.com\/wp-content\/uploads\/2024\/07\/445126-1024x1024.png",1024,1024,true],"1536x1536":["https:\/\/elcomercioenlinea.com\/wp-content\/uploads\/2024\/07\/445126-1536x1536.png",1536,1536,true],"2048x2048":["https:\/\/elcomercioenlinea.com\/wp-content\/uploads\/2024\/07\/445126.png",1600,1600,false],"woocommerce_archive_thumbnail":["https:\/\/elcomercioenlinea.com\/wp-content\/uploads\/2024\/07\/445126-300x300.png",300,300,true],"woocommerce_thumbnail":["https:\/\/elcomercioenlinea.com\/wp-content\/uploads\/2024\/07\/445126-300x300.png",300,300,true],"woocommerce_single":["https:\/\/elcomercioenlinea.com\/wp-content\/uploads\/2024\/07\/445126-600x600.png",600,600,true],"woocommerce_gallery_thumbnail":["https:\/\/elcomercioenlinea.com\/wp-content\/uploads\/2024\/07\/445126-100x100.png",100,100,true]},"post_excerpt_stackable":"<p>Transforma tu rutina de cuidado capilar con el Shampoo con Minoxidil Kirkland! Especialmente formulado para combatir la ca\u00edda del cabello, este shampoo combina los beneficios del Minoxidil, un ingrediente cl\u00ednicamente probado para estimular el crecimiento del cabello, con una f\u00f3rmula suave que limpia y nutre tu cuero cabelludo. Ideal para hombres y mujeres que buscan una soluci\u00f3n efectiva para fortalecer y densificar su melena, el Shampoo con Minoxidil Kirkland te ayudar\u00e1 a recuperar la confianza y lucir un cabello m\u00e1s saludable y abundante. \u00a1Atr\u00e9vete a descubrir el secreto de un cabello renovado con Kirkland! &nbsp;<\/p>\n","category_list":"","author_info":{"name":"","url":""},"comments_num":"0 comentarios","jetpack_sharing_enabled":true,"_links":{"self":[{"href":"https:\/\/elcomercioenlinea.com\/index.php\/wp-json\/wp\/v2\/product\/2965","targetHints":{"allow":["GET"]}}],"collection":[{"href":"https:\/\/elcomercioenlinea.com\/index.php\/wp-json\/wp\/v2\/product"}],"about":[{"href":"https:\/\/elcomercioenlinea.com\/index.php\/wp-json\/wp\/v2\/types\/product"}],"wp:featuredmedia":[{"embeddable":true,"href":"https:\/\/elcomercioenlinea.com\/index.php\/wp-json\/wp\/v2\/media\/2966"}],"wp:attachment":[{"href":"https:\/\/elcomercioenlinea.com\/index.php\/wp-json\/wp\/v2\/media?parent=2965"}],"wp:term":[{"taxonomy":"product_brand","embeddable":true,"href":"https:\/\/elcomercioenlinea.com\/index.php\/wp-json\/wp\/v2\/product_brand?post=2965"},{"taxonomy":"product_cat","embeddable":true,"href":"https:\/\/elcomercioenlinea.com\/index.php\/wp-json\/wp\/v2\/product_cat?post=2965"},{"taxonomy":"product_tag","embeddable":true,"href":"https:\/\/elcomercioenlinea.com\/index.php\/wp-json\/wp\/v2\/product_tag?post=2965"}],"curies":[{"name":"wp","href":"https:\/\/api.w.org\/{rel}","templated":true}]}}