{"id":2973,"date":"2024-07-11T16:25:45","date_gmt":"2024-07-11T21:25:45","guid":{"rendered":"https:\/\/elcomercioenlinea.com\/index.php\/producto\/depiladora-electrica-para-mujer\/"},"modified":"2024-07-11T16:35:16","modified_gmt":"2024-07-11T21:35:16","slug":"depiladora-electrica-para-mujer","status":"publish","type":"product","link":"https:\/\/elcomercioenlinea.com\/index.php\/producto\/depiladora-electrica-para-mujer\/","title":{"rendered":"Depiladora El\u00e9ctrica Para Mujer"},"content":{"rendered":"<p>Esta afeitadora el\u00e9ctrica 5 en 1 especialmente dise\u00f1ada para mujeres. 5 cabezas de corte que se pueden reemplazar en cualquier momento. Elimine efectivamente el exceso de pelos para diferentes partes del cuerpo.<br \/>\nEsta depiladora el\u00e9ctrica adopta cuchillas de acero inoxidable que pueden adaptarse a las curvas y contornos del cuerpo para afeitar el cabello de forma segura y suave.<br \/>\nEsta afeitadora facial para mujer viene con 5 cabezales de corte que pueden aplicarse a la cara, el vello de la nariz, las cejas, el vello de las sienes, los brazos, las piernas, la espalda, la l\u00ednea del bikini, las axilas y m\u00e1s.<br \/>\nEsta rasuradora el\u00e9ctrica para mujeres adopta la carga USB, por lo que se puede cargar a trav\u00e9s de PC, energ\u00eda m\u00f3vil o conexi\u00f3n directa de energ\u00eda.<br \/>\nEsta afeitadora el\u00e9ctrica para mujeres presenta un dise\u00f1o desmontable, la cabeza del cortador se puede lavar con agua y se puede limpiar f\u00e1cilmente con cepillo.<\/p>\n<p><strong>*\u00bfTu producto tiene alguna novedad que debamos reportar?*<\/strong> **Una vez recibas tu producto, cuentas con m\u00e1ximo 5 d\u00edas para reportar a Soporte: piezas faltantes, rotas o cualquier novedad que presente el producto. <strong>*\u00bfNo era lo que esperabas?*<\/strong> **Aplica Ley retracto Durante 5 d\u00edas, contados a partir de la recepci\u00f3n del producto, para la devoluci\u00f3n, ten en cuenta que debe estar en las condiciones que se recibi\u00f3, con su empaque original, con las etiquetas, sellos de seguridad, y contar con todas sus partes y\/o accesorios. Sin rayones ni manchas. Se recibir\u00e1 \u00fanicamente en \u00f3ptimas condiciones. Se anular\u00e1 autom\u00e1ticamente el derecho a retracto si el producto fue usado. <strong>*\u00bfTu producto est\u00e1 presentando fallas?*<\/strong> **Cuentas con 30 d\u00edas de garant\u00eda por funcionamiento y\/o da\u00f1os del producto que no est\u00e9n relacionados a su mal uso. Para hacer efectiva la devoluci\u00f3n, el producto debe entregarse debidamente protegido cuidando el estado del empaque original, incluir todos los documentos y\/o manuales (si aplica) y las partes completas.<\/p>\n","protected":false},"excerpt":{"rendered":"<p>Esta afeitadora el\u00e9ctrica 5 en 1 especialmente dise\u00f1ada para mujeres. 5 cabezas de corte que se pueden reemplazar en cualquier momento. Elimine efectivamente el exceso de pelos para diferentes partes del cuerpo. Esta depiladora el\u00e9ctrica adopta cuchillas de acero inoxidable que pueden adaptarse a las curvas y contornos del cuerpo para afeitar el cabello de [&hellip;]<\/p>\n","protected":false},"featured_media":2974,"template":"","meta":[],"product_brand":[],"product_cat":[102,49,18],"product_tag":[],"class_list":{"0":"post-2973","1":"product","2":"type-product","3":"status-publish","4":"has-post-thumbnail","6":"product_cat-belleza","7":"product_cat-salud","8":"product_cat-tecnologia","10":"first","11":"instock","12":"shipping-taxable","13":"purchasable","14":"product-type-simple"},"featured_image_urls":{"full":["https:\/\/elcomercioenlinea.com\/wp-content\/uploads\/2024\/07\/746092.png",1440,1440,false],"thumbnail":["https:\/\/elcomercioenlinea.com\/wp-content\/uploads\/2024\/07\/746092-150x150.png",150,150,true],"medium":["https:\/\/elcomercioenlinea.com\/wp-content\/uploads\/2024\/07\/746092-300x300.png",300,300,true],"medium_large":["https:\/\/elcomercioenlinea.com\/wp-content\/uploads\/2024\/07\/746092-768x768.png",768,768,true],"large":["https:\/\/elcomercioenlinea.com\/wp-content\/uploads\/2024\/07\/746092-1024x1024.png",1024,1024,true],"1536x1536":["https:\/\/elcomercioenlinea.com\/wp-content\/uploads\/2024\/07\/746092.png",1440,1440,false],"2048x2048":["https:\/\/elcomercioenlinea.com\/wp-content\/uploads\/2024\/07\/746092.png",1440,1440,false],"woocommerce_archive_thumbnail":["https:\/\/elcomercioenlinea.com\/wp-content\/uploads\/2024\/07\/746092-300x300.png",300,300,true],"woocommerce_thumbnail":["https:\/\/elcomercioenlinea.com\/wp-content\/uploads\/2024\/07\/746092-300x300.png",300,300,true],"woocommerce_single":["https:\/\/elcomercioenlinea.com\/wp-content\/uploads\/2024\/07\/746092-600x600.png",600,600,true],"woocommerce_gallery_thumbnail":["https:\/\/elcomercioenlinea.com\/wp-content\/uploads\/2024\/07\/746092-100x100.png",100,100,true]},"post_excerpt_stackable":"<p>Esta afeitadora el\u00e9ctrica 5 en 1 especialmente dise\u00f1ada para mujeres. 5 cabezas de corte que se pueden reemplazar en cualquier momento. Elimine efectivamente el exceso de pelos para diferentes partes del cuerpo. Esta depiladora el\u00e9ctrica adopta cuchillas de acero inoxidable que pueden adaptarse a las curvas y contornos del cuerpo para afeitar el cabello de forma segura y suave. Esta afeitadora facial para mujer viene con 5 cabezales de corte que pueden aplicarse a la cara, el vello de la nariz, las cejas, el vello de las sienes, los brazos, las piernas, la espalda, la l\u00ednea del bikini, las axilas&hellip;<\/p>\n","category_list":"","author_info":{"name":"","url":""},"comments_num":"0 comentarios","jetpack_sharing_enabled":true,"_links":{"self":[{"href":"https:\/\/elcomercioenlinea.com\/index.php\/wp-json\/wp\/v2\/product\/2973","targetHints":{"allow":["GET"]}}],"collection":[{"href":"https:\/\/elcomercioenlinea.com\/index.php\/wp-json\/wp\/v2\/product"}],"about":[{"href":"https:\/\/elcomercioenlinea.com\/index.php\/wp-json\/wp\/v2\/types\/product"}],"wp:featuredmedia":[{"embeddable":true,"href":"https:\/\/elcomercioenlinea.com\/index.php\/wp-json\/wp\/v2\/media\/2974"}],"wp:attachment":[{"href":"https:\/\/elcomercioenlinea.com\/index.php\/wp-json\/wp\/v2\/media?parent=2973"}],"wp:term":[{"taxonomy":"product_brand","embeddable":true,"href":"https:\/\/elcomercioenlinea.com\/index.php\/wp-json\/wp\/v2\/product_brand?post=2973"},{"taxonomy":"product_cat","embeddable":true,"href":"https:\/\/elcomercioenlinea.com\/index.php\/wp-json\/wp\/v2\/product_cat?post=2973"},{"taxonomy":"product_tag","embeddable":true,"href":"https:\/\/elcomercioenlinea.com\/index.php\/wp-json\/wp\/v2\/product_tag?post=2973"}],"curies":[{"name":"wp","href":"https:\/\/api.w.org\/{rel}","templated":true}]}}