{"id":2998,"date":"2024-07-11T17:33:50","date_gmt":"2024-07-11T22:33:50","guid":{"rendered":"https:\/\/elcomercioenlinea.com\/index.php\/producto\/rodillera-terapia-calor-rodillas-artritis\/"},"modified":"2024-07-11T17:36:45","modified_gmt":"2024-07-11T22:36:45","slug":"rodillera-terapia-calor-rodillas-artritis","status":"publish","type":"product","link":"https:\/\/elcomercioenlinea.com\/index.php\/producto\/rodillera-terapia-calor-rodillas-artritis\/","title":{"rendered":"Rodillera Terapia Calor Rodillas Artritis"},"content":{"rendered":"<p>Caracter\u00edsticas:<br \/>\n1. Dise\u00f1ado especialmente para la rodilla, pero tambi\u00e9n adaptable para la pantorrilla, el muslo y el brazo. Cuenta con cierre de correas de velcro ajustable.<br \/>\n2. Adecuado para una circunferencia de rodilla de no m\u00e1s de 21 pulgadas.<br \/>\n3. Ofrece varios ajustes de temperatura para satisfacer diversas necesidades de terapia de calor. Ideal para usar en casa mientras ves la televisi\u00f3n o lees libros, trabajas frente al ordenador o incluso durante un viaje.<\/p>\n<p>Funciones:<br \/>\n* Alivia los dolores de rodilla asociados con artritis, bursitis, distensiones, esguinces, ACL PCL MCL desgarro de menisco.<br \/>\n* Asiste en lesiones de rodilla o recuperaci\u00f3n de cirug\u00eda.<br \/>\n* Alivia el dolor muscular de fatiga en piernas o brazos y los calambres.<br \/>\n* Mantiene las rodillas calientes y otras situaciones que requieren compresas calientes.<br \/>\n* Incorpora una bolsa de malla (13,5*18cm) para colocar una bolsa de hielo si se requiere compresas fr\u00edas.<\/p>\n<p>M\u00e9todo de lavado:<br \/>\nLavar suavemente a mano en agua, no apto para lavado a m\u00e1quina. (Lavable pero no impermeable)<\/p>\n<p>Par\u00e1metros de temperatura de ajuste de calor para referencia:<br \/>\n1. Conexi\u00f3n a trav\u00e9s de cable USB a un puerto USB de ordenador de escritorio, la salida es de aproximadamente 5V\/CC:<\/p>\n<p>M\u00e1s alto (rojo): La temperatura es de 111,2 \u00b0F\/44 \u00b0C, caliente, para un uso prolongado.<br \/>\nMedio (blanco): La temperatura es de 105,8 \u00b0F\/41 \u00b0C, c\u00e1lido, para un uso prolongado.<br \/>\nM\u00e1s bajo (azul): la temperatura es 100,4 \u00b0F\/38 \u00b0C, tibia, no es necesario usar esta configuraci\u00f3n.<\/p>\n<p>Nota: si se conecta a un banco de energ\u00eda con una corriente de salida superior a 500mA, la temperatura puede ser m\u00e1s alta que las medidas anteriores, y puede obtener m\u00e1s calor.<\/p>\n<p>2. Con el uso del adaptador de CA, la salida fija es de 8,5 V\/CC:<\/p>\n<p>M\u00e1s alto (rojo): la temperatura es \u00b0F 158\/70 \u00b0C, s\u00faper caliente y se calienta en segundos, 10 minutos m\u00e1s tarde puede que necesite cambiar a un ajuste de calor m\u00e1s bajo.<br \/>\nMedio (blanco): La temperatura es de 131 \u00b0F\/55 \u00b0C, muy caliente, 30 minutos m\u00e1s tarde puede que necesite cambiar a la configuraci\u00f3n m\u00e1s baja.<br \/>\nM\u00e1s bajo (azul): La temperatura es de 113 \u00b0F\/45 \u00b0C, c\u00e1lido, para un uso prolongado y amortiguaci\u00f3n de temperatura.<\/p>\n","protected":false},"excerpt":{"rendered":"<p>Caracter\u00edsticas: 1. Dise\u00f1ado especialmente para la rodilla, pero tambi\u00e9n adaptable para la pantorrilla, el muslo y el brazo. Cuenta con cierre de correas de velcro ajustable. 2. Adecuado para una circunferencia de rodilla de no m\u00e1s de 21 pulgadas. 3. Ofrece varios ajustes de temperatura para satisfacer diversas necesidades de terapia de calor. Ideal para [&hellip;]<\/p>\n","protected":false},"featured_media":2999,"template":"","meta":[],"product_brand":[],"product_cat":[49,18],"product_tag":[],"class_list":{"0":"post-2998","1":"product","2":"type-product","3":"status-publish","4":"has-post-thumbnail","6":"product_cat-salud","7":"product_cat-tecnologia","9":"first","10":"instock","11":"shipping-taxable","12":"purchasable","13":"product-type-simple"},"featured_image_urls":{"full":["https:\/\/elcomercioenlinea.com\/wp-content\/uploads\/2024\/07\/957991.png",930,960,false],"thumbnail":["https:\/\/elcomercioenlinea.com\/wp-content\/uploads\/2024\/07\/957991-150x150.png",150,150,true],"medium":["https:\/\/elcomercioenlinea.com\/wp-content\/uploads\/2024\/07\/957991-291x300.png",291,300,true],"medium_large":["https:\/\/elcomercioenlinea.com\/wp-content\/uploads\/2024\/07\/957991-768x793.png",768,793,true],"large":["https:\/\/elcomercioenlinea.com\/wp-content\/uploads\/2024\/07\/957991.png",930,960,false],"1536x1536":["https:\/\/elcomercioenlinea.com\/wp-content\/uploads\/2024\/07\/957991.png",930,960,false],"2048x2048":["https:\/\/elcomercioenlinea.com\/wp-content\/uploads\/2024\/07\/957991.png",930,960,false],"woocommerce_archive_thumbnail":["https:\/\/elcomercioenlinea.com\/wp-content\/uploads\/2024\/07\/957991-300x310.png",300,310,true],"woocommerce_thumbnail":["https:\/\/elcomercioenlinea.com\/wp-content\/uploads\/2024\/07\/957991-300x300.png",300,300,true],"woocommerce_single":["https:\/\/elcomercioenlinea.com\/wp-content\/uploads\/2024\/07\/957991-600x619.png",600,619,true],"woocommerce_gallery_thumbnail":["https:\/\/elcomercioenlinea.com\/wp-content\/uploads\/2024\/07\/957991-100x100.png",100,100,true]},"post_excerpt_stackable":"<p>Caracter\u00edsticas: 1. Dise\u00f1ado especialmente para la rodilla, pero tambi\u00e9n adaptable para la pantorrilla, el muslo y el brazo. Cuenta con cierre de correas de velcro ajustable. 2. Adecuado para una circunferencia de rodilla de no m\u00e1s de 21 pulgadas. 3. Ofrece varios ajustes de temperatura para satisfacer diversas necesidades de terapia de calor. Ideal para usar en casa mientras ves la televisi\u00f3n o lees libros, trabajas frente al ordenador o incluso durante un viaje. Funciones: * Alivia los dolores de rodilla asociados con artritis, bursitis, distensiones, esguinces, ACL PCL MCL desgarro de menisco. * Asiste en lesiones de rodilla o&hellip;<\/p>\n","category_list":"","author_info":{"name":"","url":""},"comments_num":"0 comentarios","jetpack_sharing_enabled":true,"_links":{"self":[{"href":"https:\/\/elcomercioenlinea.com\/index.php\/wp-json\/wp\/v2\/product\/2998","targetHints":{"allow":["GET"]}}],"collection":[{"href":"https:\/\/elcomercioenlinea.com\/index.php\/wp-json\/wp\/v2\/product"}],"about":[{"href":"https:\/\/elcomercioenlinea.com\/index.php\/wp-json\/wp\/v2\/types\/product"}],"wp:featuredmedia":[{"embeddable":true,"href":"https:\/\/elcomercioenlinea.com\/index.php\/wp-json\/wp\/v2\/media\/2999"}],"wp:attachment":[{"href":"https:\/\/elcomercioenlinea.com\/index.php\/wp-json\/wp\/v2\/media?parent=2998"}],"wp:term":[{"taxonomy":"product_brand","embeddable":true,"href":"https:\/\/elcomercioenlinea.com\/index.php\/wp-json\/wp\/v2\/product_brand?post=2998"},{"taxonomy":"product_cat","embeddable":true,"href":"https:\/\/elcomercioenlinea.com\/index.php\/wp-json\/wp\/v2\/product_cat?post=2998"},{"taxonomy":"product_tag","embeddable":true,"href":"https:\/\/elcomercioenlinea.com\/index.php\/wp-json\/wp\/v2\/product_tag?post=2998"}],"curies":[{"name":"wp","href":"https:\/\/api.w.org\/{rel}","templated":true}]}}