{"id":3003,"date":"2024-07-11T17:38:00","date_gmt":"2024-07-11T22:38:00","guid":{"rendered":"https:\/\/elcomercioenlinea.com\/index.php\/producto\/limpiador-brochas-electrico\/"},"modified":"2024-07-11T17:39:33","modified_gmt":"2024-07-11T22:39:33","slug":"limpiador-brochas-electrico","status":"publish","type":"product","link":"https:\/\/elcomercioenlinea.com\/index.php\/producto\/limpiador-brochas-electrico\/","title":{"rendered":"Limpiador Brochas Electrico"},"content":{"rendered":"<p>\u3010Una m\u00e1quina tanto para limpieza, secado y almacenamiento\u3011El limpiador Brushy Pro 3 en 1 es compatible con una amplia gama de brochas de maquillaje, independientemente de su tama\u00f1o o forma. Desde peque\u00f1os pinceles de sombra de ojos hasta pinceles de polvo m\u00e1s grandes, los aborda todos con facilidad. No hay necesidad de preocuparse por da\u00f1ar tus cepillos o usar varios limpiadores para diferentes tipos de cepillos Limpieza profunda de alta potencia: limpia a fondo, promoviendo una higiene \u00f3ptima del cepillo. El potente pero suave motor gira y limpia cada cerda, eliminando residuos de maquillaje, aceite e impurezas. Cepillos limpios, piel m\u00e1s bonita: con la simple adici\u00f3n de limpiador a la mezcla de agua, elimina cepilladamente los residuos, el aceite y las impurezas, protegiendo tu piel y asegurando una tez brillante y saludable. Haz la elecci\u00f3n inteligente para tu belleza y simplifica tu rutina con Brushly. Suave: protege tus cerdas de cepillo de da\u00f1os, lo que permite que duren m\u00e1s tiempo. Mini y port\u00e1til: 3.54 x 3.54 x 6.29 pulgadas, el limpiador autom\u00e1tico de brochas funciona con USB, el proceso de funcionamiento es simple, puedes apagarlo o encenderlo, es f\u00e1cil de operar y transportar, puedes llevarlo contigo cuando viajas y juegues<\/p>\n","protected":false},"excerpt":{"rendered":"<p>\u3010Una m\u00e1quina tanto para limpieza, secado y almacenamiento\u3011El limpiador Brushy Pro 3 en 1 es compatible con una amplia gama de brochas de maquillaje, independientemente de su tama\u00f1o o forma. Desde peque\u00f1os pinceles de sombra de ojos hasta pinceles de polvo m\u00e1s grandes, los aborda todos con facilidad. No hay necesidad de preocuparse por da\u00f1ar [&hellip;]<\/p>\n","protected":false},"featured_media":3005,"template":"","meta":[],"product_brand":[],"product_cat":[102,18],"product_tag":[],"class_list":{"0":"post-3003","1":"product","2":"type-product","3":"status-publish","4":"has-post-thumbnail","6":"product_cat-belleza","7":"product_cat-tecnologia","9":"first","10":"instock","11":"shipping-taxable","12":"purchasable","13":"product-type-simple"},"featured_image_urls":{"full":["https:\/\/elcomercioenlinea.com\/wp-content\/uploads\/2024\/07\/957759.png",1280,1280,false],"thumbnail":["https:\/\/elcomercioenlinea.com\/wp-content\/uploads\/2024\/07\/957759-150x150.png",150,150,true],"medium":["https:\/\/elcomercioenlinea.com\/wp-content\/uploads\/2024\/07\/957759-300x300.png",300,300,true],"medium_large":["https:\/\/elcomercioenlinea.com\/wp-content\/uploads\/2024\/07\/957759-768x768.png",768,768,true],"large":["https:\/\/elcomercioenlinea.com\/wp-content\/uploads\/2024\/07\/957759-1024x1024.png",1024,1024,true],"1536x1536":["https:\/\/elcomercioenlinea.com\/wp-content\/uploads\/2024\/07\/957759.png",1280,1280,false],"2048x2048":["https:\/\/elcomercioenlinea.com\/wp-content\/uploads\/2024\/07\/957759.png",1280,1280,false],"woocommerce_archive_thumbnail":["https:\/\/elcomercioenlinea.com\/wp-content\/uploads\/2024\/07\/957759-300x300.png",300,300,true],"woocommerce_thumbnail":["https:\/\/elcomercioenlinea.com\/wp-content\/uploads\/2024\/07\/957759-300x300.png",300,300,true],"woocommerce_single":["https:\/\/elcomercioenlinea.com\/wp-content\/uploads\/2024\/07\/957759-600x600.png",600,600,true],"woocommerce_gallery_thumbnail":["https:\/\/elcomercioenlinea.com\/wp-content\/uploads\/2024\/07\/957759-100x100.png",100,100,true]},"post_excerpt_stackable":"<p>\u3010Una m\u00e1quina tanto para limpieza, secado y almacenamiento\u3011El limpiador Brushy Pro 3 en 1 es compatible con una amplia gama de brochas de maquillaje, independientemente de su tama\u00f1o o forma. Desde peque\u00f1os pinceles de sombra de ojos hasta pinceles de polvo m\u00e1s grandes, los aborda todos con facilidad. No hay necesidad de preocuparse por da\u00f1ar tus cepillos o usar varios limpiadores para diferentes tipos de cepillos Limpieza profunda de alta potencia: limpia a fondo, promoviendo una higiene \u00f3ptima del cepillo. El potente pero suave motor gira y limpia cada cerda, eliminando residuos de maquillaje, aceite e impurezas. Cepillos limpios, piel&hellip;<\/p>\n","category_list":"","author_info":{"name":"","url":""},"comments_num":"0 comentarios","jetpack_sharing_enabled":true,"_links":{"self":[{"href":"https:\/\/elcomercioenlinea.com\/index.php\/wp-json\/wp\/v2\/product\/3003","targetHints":{"allow":["GET"]}}],"collection":[{"href":"https:\/\/elcomercioenlinea.com\/index.php\/wp-json\/wp\/v2\/product"}],"about":[{"href":"https:\/\/elcomercioenlinea.com\/index.php\/wp-json\/wp\/v2\/types\/product"}],"wp:featuredmedia":[{"embeddable":true,"href":"https:\/\/elcomercioenlinea.com\/index.php\/wp-json\/wp\/v2\/media\/3005"}],"wp:attachment":[{"href":"https:\/\/elcomercioenlinea.com\/index.php\/wp-json\/wp\/v2\/media?parent=3003"}],"wp:term":[{"taxonomy":"product_brand","embeddable":true,"href":"https:\/\/elcomercioenlinea.com\/index.php\/wp-json\/wp\/v2\/product_brand?post=3003"},{"taxonomy":"product_cat","embeddable":true,"href":"https:\/\/elcomercioenlinea.com\/index.php\/wp-json\/wp\/v2\/product_cat?post=3003"},{"taxonomy":"product_tag","embeddable":true,"href":"https:\/\/elcomercioenlinea.com\/index.php\/wp-json\/wp\/v2\/product_tag?post=3003"}],"curies":[{"name":"wp","href":"https:\/\/api.w.org\/{rel}","templated":true}]}}