{"id":3041,"date":"2024-07-13T15:44:54","date_gmt":"2024-07-13T20:44:54","guid":{"rendered":"https:\/\/elcomercioenlinea.com\/index.php\/producto\/calentador-de-ambiente\/"},"modified":"2024-07-13T15:47:17","modified_gmt":"2024-07-13T20:47:17","slug":"calentador-de-ambiente","status":"publish","type":"product","link":"https:\/\/elcomercioenlinea.com\/index.php\/producto\/calentador-de-ambiente\/","title":{"rendered":"CALENTADOR DE AMBIENTE handy heater"},"content":{"rendered":"<p>\u00a1Transforma tu hogar en un oasis de confort con nuestro **Calentador de Ambiente con Control Remoto**! Este innovador dispositivo no solo ofrece un calentamiento r\u00e1pido y eficiente, sino que tambi\u00e9n te brinda la comodidad de ajustar la temperatura desde cualquier lugar de la habitaci\u00f3n. Con caracter\u00edsticas avanzadas como un dise\u00f1o elegante, ajuste de temperatura preciso y un modo de ahorro de energ\u00eda, nuestro calentador es la soluci\u00f3n perfecta para mantener tu hogar c\u00e1lido y acogedor durante todo el invierno. \u00a1No esperes m\u00e1s y disfruta del calor ideal con solo presionar un bot\u00f3n!<\/p>\n<p>CARACTER\u00cdSTICAS<\/p>\n<p>&#8211; Pantalla LED digital<br \/>\n&#8211; Temporizador de hasta 12 horas<br \/>\n&#8211; Temperatura de 15 a 32\u00bac<br \/>\n&#8211; Velocidad aire baja o alta<br \/>\n&#8211; Se conecta directo a la toma corriente<br \/>\n&#8211; Funciona con dos discos de cer\u00e1mica<br \/>\n&#8211; F\u00e1cil de usar<br \/>\n&#8211; Se puede conectar en posici\u00f3n vertical o horizontal<br \/>\n&#8211; Su tama\u00f1o permite llevar a todos lados, viajes y hasta a la oficina<br \/>\n&#8211; Funciones de seguridad incorporadas<br \/>\n&#8211; Apagado autom\u00e1tico<br \/>\n&#8211; Potencia de 400 Watts<\/p>\n","protected":false},"excerpt":{"rendered":"<p>\u00a1Transforma tu hogar en un oasis de confort con nuestro **Calentador de Ambiente con Control Remoto**! Este innovador dispositivo no solo ofrece un calentamiento r\u00e1pido y eficiente, sino que tambi\u00e9n te brinda la comodidad de ajustar la temperatura desde cualquier lugar de la habitaci\u00f3n. Con caracter\u00edsticas avanzadas como un dise\u00f1o elegante, ajuste de temperatura preciso [&hellip;]<\/p>\n","protected":false},"featured_media":3042,"template":"","meta":[],"product_brand":[],"product_cat":[17,18],"product_tag":[],"class_list":{"0":"post-3041","1":"product","2":"type-product","3":"status-publish","4":"has-post-thumbnail","6":"product_cat-hogar","7":"product_cat-tecnologia","9":"first","10":"instock","11":"sale","12":"shipping-taxable","13":"purchasable","14":"product-type-simple"},"featured_image_urls":{"full":["https:\/\/elcomercioenlinea.com\/wp-content\/uploads\/2024\/07\/700753.png",497,500,false],"thumbnail":["https:\/\/elcomercioenlinea.com\/wp-content\/uploads\/2024\/07\/700753-150x150.png",150,150,true],"medium":["https:\/\/elcomercioenlinea.com\/wp-content\/uploads\/2024\/07\/700753-298x300.png",298,300,true],"medium_large":["https:\/\/elcomercioenlinea.com\/wp-content\/uploads\/2024\/07\/700753.png",497,500,false],"large":["https:\/\/elcomercioenlinea.com\/wp-content\/uploads\/2024\/07\/700753.png",497,500,false],"1536x1536":["https:\/\/elcomercioenlinea.com\/wp-content\/uploads\/2024\/07\/700753.png",497,500,false],"2048x2048":["https:\/\/elcomercioenlinea.com\/wp-content\/uploads\/2024\/07\/700753.png",497,500,false],"woocommerce_archive_thumbnail":["https:\/\/elcomercioenlinea.com\/wp-content\/uploads\/2024\/07\/700753-300x302.png",300,302,true],"woocommerce_thumbnail":["https:\/\/elcomercioenlinea.com\/wp-content\/uploads\/2024\/07\/700753-300x300.png",300,300,true],"woocommerce_single":["https:\/\/elcomercioenlinea.com\/wp-content\/uploads\/2024\/07\/700753.png",497,500,false],"woocommerce_gallery_thumbnail":["https:\/\/elcomercioenlinea.com\/wp-content\/uploads\/2024\/07\/700753-100x100.png",100,100,true]},"post_excerpt_stackable":"<p>\u00a1Transforma tu hogar en un oasis de confort con nuestro **Calentador de Ambiente con Control Remoto**! Este innovador dispositivo no solo ofrece un calentamiento r\u00e1pido y eficiente, sino que tambi\u00e9n te brinda la comodidad de ajustar la temperatura desde cualquier lugar de la habitaci\u00f3n. Con caracter\u00edsticas avanzadas como un dise\u00f1o elegante, ajuste de temperatura preciso y un modo de ahorro de energ\u00eda, nuestro calentador es la soluci\u00f3n perfecta para mantener tu hogar c\u00e1lido y acogedor durante todo el invierno. \u00a1No esperes m\u00e1s y disfruta del calor ideal con solo presionar un bot\u00f3n! CARACTER\u00cdSTICAS &#8211; Pantalla LED digital &#8211; Temporizador de&hellip;<\/p>\n","category_list":"","author_info":{"name":"","url":""},"comments_num":"0 comentarios","jetpack_sharing_enabled":true,"_links":{"self":[{"href":"https:\/\/elcomercioenlinea.com\/index.php\/wp-json\/wp\/v2\/product\/3041","targetHints":{"allow":["GET"]}}],"collection":[{"href":"https:\/\/elcomercioenlinea.com\/index.php\/wp-json\/wp\/v2\/product"}],"about":[{"href":"https:\/\/elcomercioenlinea.com\/index.php\/wp-json\/wp\/v2\/types\/product"}],"wp:featuredmedia":[{"embeddable":true,"href":"https:\/\/elcomercioenlinea.com\/index.php\/wp-json\/wp\/v2\/media\/3042"}],"wp:attachment":[{"href":"https:\/\/elcomercioenlinea.com\/index.php\/wp-json\/wp\/v2\/media?parent=3041"}],"wp:term":[{"taxonomy":"product_brand","embeddable":true,"href":"https:\/\/elcomercioenlinea.com\/index.php\/wp-json\/wp\/v2\/product_brand?post=3041"},{"taxonomy":"product_cat","embeddable":true,"href":"https:\/\/elcomercioenlinea.com\/index.php\/wp-json\/wp\/v2\/product_cat?post=3041"},{"taxonomy":"product_tag","embeddable":true,"href":"https:\/\/elcomercioenlinea.com\/index.php\/wp-json\/wp\/v2\/product_tag?post=3041"}],"curies":[{"name":"wp","href":"https:\/\/api.w.org\/{rel}","templated":true}]}}