{"id":3054,"date":"2024-07-13T15:57:25","date_gmt":"2024-07-13T20:57:25","guid":{"rendered":"https:\/\/elcomercioenlinea.com\/index.php\/producto\/estufa-camping-mini-fogon\/"},"modified":"2024-07-13T16:04:06","modified_gmt":"2024-07-13T21:04:06","slug":"estufa-camping-mini-fogon","status":"publish","type":"product","link":"https:\/\/elcomercioenlinea.com\/index.php\/producto\/estufa-camping-mini-fogon\/","title":{"rendered":"Estufa Camping Mini"},"content":{"rendered":"<p>Estufa de camping a gas que es perfecta para entusiastas del camping. Con un dise\u00f1o nuevo y simple, es f\u00e1cil de usar y confiable para acampar. La potencia de fuego es muy eficiente y efectiva para calentar su comida en pocos minutos.<\/p>\n<p>Caracter\u00edsticas: Material: Acero inoxidable.<\/p>\n<p>\u2022 Tama\u00f1o Aprox.: 10 x 9 x 11 cm<\/p>\n<p>\u2022 Tama\u00f1o empaque: 14,5 x 14,5 x 12,0cm.<\/p>\n<p>\u2022 Peso producto: 470 g.<\/p>\n<p>\u2022 Peso empaque: 775 g.<\/p>\n<p>\u2022 Tipo de combustible: butano \/ propano.<\/p>\n<p>\u2022 La estufa est\u00e1 equipada con un encendedor pie zoel\u00e9ctrico, por lo que no necesita usar f\u00f3sforos o fuego adicional para encenderla.<\/p>\n<p>\u2022 Estufa con pies estables plegables.<\/p>\n<p>\u2022 Duraci\u00f3n aproximada del tanque: 2 horas aprox.<\/p>\n<p>Modo de uso: Inserte el gas en la estufa, abra la manija de color naranja. Luego acerque un encendedor a la parte superior y pr\u00e9ndala como una estufa com\u00fan y corriente<\/p>\n<p>&nbsp;<\/p>\n","protected":false},"excerpt":{"rendered":"<p>Estufa de camping a gas que es perfecta para entusiastas del camping. Con un dise\u00f1o nuevo y simple, es f\u00e1cil de usar y confiable para acampar. La potencia de fuego es muy eficiente y efectiva para calentar su comida en pocos minutos. Caracter\u00edsticas: Material: Acero inoxidable. \u2022 Tama\u00f1o Aprox.: 10 x 9 x 11 cm [&hellip;]<\/p>\n","protected":false},"featured_media":3056,"template":"","meta":[],"product_brand":[],"product_cat":[25],"product_tag":[],"class_list":{"0":"post-3054","1":"product","2":"type-product","3":"status-publish","4":"has-post-thumbnail","6":"product_cat-cocina","8":"first","9":"instock","10":"shipping-taxable","11":"purchasable","12":"product-type-simple"},"featured_image_urls":{"full":["https:\/\/elcomercioenlinea.com\/wp-content\/uploads\/2024\/07\/686116.png",500,492,false],"thumbnail":["https:\/\/elcomercioenlinea.com\/wp-content\/uploads\/2024\/07\/686116-150x150.png",150,150,true],"medium":["https:\/\/elcomercioenlinea.com\/wp-content\/uploads\/2024\/07\/686116-300x295.png",300,295,true],"medium_large":["https:\/\/elcomercioenlinea.com\/wp-content\/uploads\/2024\/07\/686116.png",500,492,false],"large":["https:\/\/elcomercioenlinea.com\/wp-content\/uploads\/2024\/07\/686116.png",500,492,false],"1536x1536":["https:\/\/elcomercioenlinea.com\/wp-content\/uploads\/2024\/07\/686116.png",500,492,false],"2048x2048":["https:\/\/elcomercioenlinea.com\/wp-content\/uploads\/2024\/07\/686116.png",500,492,false],"woocommerce_archive_thumbnail":["https:\/\/elcomercioenlinea.com\/wp-content\/uploads\/2024\/07\/686116-300x295.png",300,295,true],"woocommerce_thumbnail":["https:\/\/elcomercioenlinea.com\/wp-content\/uploads\/2024\/07\/686116-300x300.png",300,300,true],"woocommerce_single":["https:\/\/elcomercioenlinea.com\/wp-content\/uploads\/2024\/07\/686116.png",500,492,false],"woocommerce_gallery_thumbnail":["https:\/\/elcomercioenlinea.com\/wp-content\/uploads\/2024\/07\/686116-100x100.png",100,100,true]},"post_excerpt_stackable":"<p>Estufa de camping a gas que es perfecta para entusiastas del camping. Con un dise\u00f1o nuevo y simple, es f\u00e1cil de usar y confiable para acampar. La potencia de fuego es muy eficiente y efectiva para calentar su comida en pocos minutos. Caracter\u00edsticas: Material: Acero inoxidable. \u2022 Tama\u00f1o Aprox.: 10 x 9 x 11 cm \u2022 Tama\u00f1o empaque: 14,5 x 14,5 x 12,0cm. \u2022 Peso producto: 470 g. \u2022 Peso empaque: 775 g. \u2022 Tipo de combustible: butano \/ propano. \u2022 La estufa est\u00e1 equipada con un encendedor pie zoel\u00e9ctrico, por lo que no necesita usar f\u00f3sforos o fuego adicional&hellip;<\/p>\n","category_list":"","author_info":{"name":"","url":""},"comments_num":"0 comentarios","jetpack_sharing_enabled":true,"_links":{"self":[{"href":"https:\/\/elcomercioenlinea.com\/index.php\/wp-json\/wp\/v2\/product\/3054","targetHints":{"allow":["GET"]}}],"collection":[{"href":"https:\/\/elcomercioenlinea.com\/index.php\/wp-json\/wp\/v2\/product"}],"about":[{"href":"https:\/\/elcomercioenlinea.com\/index.php\/wp-json\/wp\/v2\/types\/product"}],"wp:featuredmedia":[{"embeddable":true,"href":"https:\/\/elcomercioenlinea.com\/index.php\/wp-json\/wp\/v2\/media\/3056"}],"wp:attachment":[{"href":"https:\/\/elcomercioenlinea.com\/index.php\/wp-json\/wp\/v2\/media?parent=3054"}],"wp:term":[{"taxonomy":"product_brand","embeddable":true,"href":"https:\/\/elcomercioenlinea.com\/index.php\/wp-json\/wp\/v2\/product_brand?post=3054"},{"taxonomy":"product_cat","embeddable":true,"href":"https:\/\/elcomercioenlinea.com\/index.php\/wp-json\/wp\/v2\/product_cat?post=3054"},{"taxonomy":"product_tag","embeddable":true,"href":"https:\/\/elcomercioenlinea.com\/index.php\/wp-json\/wp\/v2\/product_tag?post=3054"}],"curies":[{"name":"wp","href":"https:\/\/api.w.org\/{rel}","templated":true}]}}