{"id":3061,"date":"2024-07-13T16:05:22","date_gmt":"2024-07-13T21:05:22","guid":{"rendered":"https:\/\/elcomercioenlinea.com\/index.php\/producto\/mini-parche-masajeador-electrico\/"},"modified":"2024-07-13T16:08:01","modified_gmt":"2024-07-13T21:08:01","slug":"mini-parche-masajeador-electrico","status":"publish","type":"product","link":"https:\/\/elcomercioenlinea.com\/index.php\/producto\/mini-parche-masajeador-electrico\/","title":{"rendered":"Parche Masajeador Electrico a control remoto"},"content":{"rendered":"<p>&nbsp;<\/p>\n<p>\u00a1el Parche Masajeador El\u00e9ctrico con control remoto, tu aliado perfecto para aliviar tensiones y dolores musculares! Este innovador dispositivo ofrece 8 modos de masaje, adapt\u00e1ndose a tus necesidades espec\u00edficas, ya sea para relajar, aliviar el dolor o revitalizar tus m\u00fasculos. Su dise\u00f1o compacto y port\u00e1til te permite llevarlo contigo a cualquier lugar y disfrutar de un masaje personalizado en cualquier momento. Con su pr\u00e1ctico control remoto, ajustar la intensidad y el tipo de masaje es m\u00e1s f\u00e1cil que nunca. \u00a1Haz de tu bienestar una prioridad con el Parche Masajeador El\u00e9ctrico y siente la diferencia en tu d\u00eda a d\u00eda!<\/p>\n<p>&nbsp;<\/p>\n<p>Aplicable: el dise\u00f1o ergon\u00f3mico del coj\u00edn es muy adecuado para personas con molestias en el cuello, entumecimiento, dolor de cabeza y mareos. Se puede utilizar en el gimnasio, la oficina y el hogar, adecuado para hombros, cuello, manos, cintura, piernas y otras partes.<\/p>\n<p>&nbsp;<\/p>\n<p>Masaje con microcorriente: realiza inmediatamente un masaje de microcorriente, p\u00e9galo suavemente sobre la piel y masajea inmediatamente diferentes partes del cuerpo.<\/p>\n<p>Grado m\u00e1ximo: alivia la presi\u00f3n de todo el cuerpo, alivia las molestias musculares y si\u00e9ntete c\u00f3modo f\u00edsica y mentalmente. Ofrece un masaje de tejido profundo para el cuello, los hombros, la parte superior de la espalda, la parte inferior de la espalda, la cintura, los pies, las polainas, las pantorrillas, las piernas, los pies y los brazos<\/p>\n","protected":false},"excerpt":{"rendered":"<p>&nbsp; \u00a1el Parche Masajeador El\u00e9ctrico con control remoto, tu aliado perfecto para aliviar tensiones y dolores musculares! Este innovador dispositivo ofrece 8 modos de masaje, adapt\u00e1ndose a tus necesidades espec\u00edficas, ya sea para relajar, aliviar el dolor o revitalizar tus m\u00fasculos. Su dise\u00f1o compacto y port\u00e1til te permite llevarlo contigo a cualquier lugar y disfrutar [&hellip;]<\/p>\n","protected":false},"featured_media":3062,"template":"","meta":[],"product_brand":[],"product_cat":[102,49,18],"product_tag":[],"class_list":{"0":"post-3061","1":"product","2":"type-product","3":"status-publish","4":"has-post-thumbnail","6":"product_cat-belleza","7":"product_cat-salud","8":"product_cat-tecnologia","10":"first","11":"instock","12":"shipping-taxable","13":"purchasable","14":"product-type-simple"},"featured_image_urls":{"full":["https:\/\/elcomercioenlinea.com\/wp-content\/uploads\/2024\/07\/562530.png",1000,1000,false],"thumbnail":["https:\/\/elcomercioenlinea.com\/wp-content\/uploads\/2024\/07\/562530-150x150.png",150,150,true],"medium":["https:\/\/elcomercioenlinea.com\/wp-content\/uploads\/2024\/07\/562530-300x300.png",300,300,true],"medium_large":["https:\/\/elcomercioenlinea.com\/wp-content\/uploads\/2024\/07\/562530-768x768.png",768,768,true],"large":["https:\/\/elcomercioenlinea.com\/wp-content\/uploads\/2024\/07\/562530.png",1000,1000,false],"1536x1536":["https:\/\/elcomercioenlinea.com\/wp-content\/uploads\/2024\/07\/562530.png",1000,1000,false],"2048x2048":["https:\/\/elcomercioenlinea.com\/wp-content\/uploads\/2024\/07\/562530.png",1000,1000,false],"woocommerce_archive_thumbnail":["https:\/\/elcomercioenlinea.com\/wp-content\/uploads\/2024\/07\/562530-300x300.png",300,300,true],"woocommerce_thumbnail":["https:\/\/elcomercioenlinea.com\/wp-content\/uploads\/2024\/07\/562530-300x300.png",300,300,true],"woocommerce_single":["https:\/\/elcomercioenlinea.com\/wp-content\/uploads\/2024\/07\/562530-600x600.png",600,600,true],"woocommerce_gallery_thumbnail":["https:\/\/elcomercioenlinea.com\/wp-content\/uploads\/2024\/07\/562530-100x100.png",100,100,true]},"post_excerpt_stackable":"<p>&nbsp; \u00a1el Parche Masajeador El\u00e9ctrico con control remoto, tu aliado perfecto para aliviar tensiones y dolores musculares! Este innovador dispositivo ofrece 8 modos de masaje, adapt\u00e1ndose a tus necesidades espec\u00edficas, ya sea para relajar, aliviar el dolor o revitalizar tus m\u00fasculos. Su dise\u00f1o compacto y port\u00e1til te permite llevarlo contigo a cualquier lugar y disfrutar de un masaje personalizado en cualquier momento. Con su pr\u00e1ctico control remoto, ajustar la intensidad y el tipo de masaje es m\u00e1s f\u00e1cil que nunca. \u00a1Haz de tu bienestar una prioridad con el Parche Masajeador El\u00e9ctrico y siente la diferencia en tu d\u00eda a d\u00eda!&hellip;<\/p>\n","category_list":"","author_info":{"name":"","url":""},"comments_num":"0 comentarios","jetpack_sharing_enabled":true,"_links":{"self":[{"href":"https:\/\/elcomercioenlinea.com\/index.php\/wp-json\/wp\/v2\/product\/3061","targetHints":{"allow":["GET"]}}],"collection":[{"href":"https:\/\/elcomercioenlinea.com\/index.php\/wp-json\/wp\/v2\/product"}],"about":[{"href":"https:\/\/elcomercioenlinea.com\/index.php\/wp-json\/wp\/v2\/types\/product"}],"wp:featuredmedia":[{"embeddable":true,"href":"https:\/\/elcomercioenlinea.com\/index.php\/wp-json\/wp\/v2\/media\/3062"}],"wp:attachment":[{"href":"https:\/\/elcomercioenlinea.com\/index.php\/wp-json\/wp\/v2\/media?parent=3061"}],"wp:term":[{"taxonomy":"product_brand","embeddable":true,"href":"https:\/\/elcomercioenlinea.com\/index.php\/wp-json\/wp\/v2\/product_brand?post=3061"},{"taxonomy":"product_cat","embeddable":true,"href":"https:\/\/elcomercioenlinea.com\/index.php\/wp-json\/wp\/v2\/product_cat?post=3061"},{"taxonomy":"product_tag","embeddable":true,"href":"https:\/\/elcomercioenlinea.com\/index.php\/wp-json\/wp\/v2\/product_tag?post=3061"}],"curies":[{"name":"wp","href":"https:\/\/api.w.org\/{rel}","templated":true}]}}