{"id":3068,"date":"2024-07-13T16:11:33","date_gmt":"2024-07-13T21:11:33","guid":{"rendered":"https:\/\/elcomercioenlinea.com\/index.php\/producto\/destornillador-azul-x6-de-golpe-uyustool\/"},"modified":"2024-07-13T16:22:16","modified_gmt":"2024-07-13T21:22:16","slug":"destornillador-azul-x6-de-golpe-uyustool","status":"publish","type":"product","link":"https:\/\/elcomercioenlinea.com\/index.php\/producto\/destornillador-azul-x6-de-golpe-uyustool\/","title":{"rendered":"Destornillador azul x6 de golpe UTUTOOLS"},"content":{"rendered":"<p>Este es el kit de 6 destornilladores de impacto ideal para trabajo pesado, cada pieza es de medidas distintas adapt\u00e1ndose a la mayor\u00eda de tornillos tanto en forma de cruz como de pala. La estructura de su mango es antideslizante lo que brinda un agarre c\u00f3modo y firme, las puntas son reforzadas e imantadas adhiri\u00e9ndose a las ranuras del tornillo haciendo m\u00e1s f\u00e1cil la tarea.<\/p>\n<h3><strong>Caracter\u00edsticas principales:<\/strong><\/h3>\n<ul>\n<li>El cabezal permite el golpe directo del martillo y el uso de llave inglesa<\/li>\n<li>Mango antideslizante<\/li>\n<li>Punta imantada<\/li>\n<\/ul>\n<p>Punta de pala: 5mmX3\u2033 \u2013 6mmX4\u2033 \u2013 8mmX6\u2033<br \/>\nPunta estrella: PH3X8\u2033 \u2013 PH2X4\u2033 \u2013 PH1X3\u2033<\/p>\n<p>Importante:<\/p>\n<p>-Si presentas cualquier duda antes o durante el proceso de pauta y promoci\u00f3n del producto puedes comunicarte con nuestra bodega al n\u00famero que encontraras en la secci\u00f3n de bodegas<\/p>\n<p>-Contamos con una gran cantidad de unidades disponibles, si necesitas que privaticemos ciertas unidades de este producto para tu operaci\u00f3n, no dudes en comunicarte con nosotros<\/p>\n<p>-Si necesitas mas material audiovisual para la creaci\u00f3n de tus landing page o videos publicitarios comun\u00edcate con nosotros<\/p>\n","protected":false},"excerpt":{"rendered":"<p>Este es el kit de 6 destornilladores de impacto ideal para trabajo pesado, cada pieza es de medidas distintas adapt\u00e1ndose a la mayor\u00eda de tornillos tanto en forma de cruz como de pala. La estructura de su mango es antideslizante lo que brinda un agarre c\u00f3modo y firme, las puntas son reforzadas e imantadas adhiri\u00e9ndose [&hellip;]<\/p>\n","protected":false},"featured_media":3069,"template":"","meta":[],"product_brand":[],"product_cat":[19],"product_tag":[],"class_list":{"0":"post-3068","1":"product","2":"type-product","3":"status-publish","4":"has-post-thumbnail","6":"product_cat-vehiculos","8":"first","9":"instock","10":"shipping-taxable","11":"purchasable","12":"product-type-simple"},"featured_image_urls":{"full":["https:\/\/elcomercioenlinea.com\/wp-content\/uploads\/2024\/07\/789336.png",730,730,false],"thumbnail":["https:\/\/elcomercioenlinea.com\/wp-content\/uploads\/2024\/07\/789336-150x150.png",150,150,true],"medium":["https:\/\/elcomercioenlinea.com\/wp-content\/uploads\/2024\/07\/789336-300x300.png",300,300,true],"medium_large":["https:\/\/elcomercioenlinea.com\/wp-content\/uploads\/2024\/07\/789336.png",730,730,false],"large":["https:\/\/elcomercioenlinea.com\/wp-content\/uploads\/2024\/07\/789336.png",730,730,false],"1536x1536":["https:\/\/elcomercioenlinea.com\/wp-content\/uploads\/2024\/07\/789336.png",730,730,false],"2048x2048":["https:\/\/elcomercioenlinea.com\/wp-content\/uploads\/2024\/07\/789336.png",730,730,false],"woocommerce_archive_thumbnail":["https:\/\/elcomercioenlinea.com\/wp-content\/uploads\/2024\/07\/789336-300x300.png",300,300,true],"woocommerce_thumbnail":["https:\/\/elcomercioenlinea.com\/wp-content\/uploads\/2024\/07\/789336-300x300.png",300,300,true],"woocommerce_single":["https:\/\/elcomercioenlinea.com\/wp-content\/uploads\/2024\/07\/789336-600x600.png",600,600,true],"woocommerce_gallery_thumbnail":["https:\/\/elcomercioenlinea.com\/wp-content\/uploads\/2024\/07\/789336-100x100.png",100,100,true]},"post_excerpt_stackable":"<p>Este es el kit de 6 destornilladores de impacto ideal para trabajo pesado, cada pieza es de medidas distintas adapt\u00e1ndose a la mayor\u00eda de tornillos tanto en forma de cruz como de pala. La estructura de su mango es antideslizante lo que brinda un agarre c\u00f3modo y firme, las puntas son reforzadas e imantadas adhiri\u00e9ndose a las ranuras del tornillo haciendo m\u00e1s f\u00e1cil la tarea. Caracter\u00edsticas principales: El cabezal permite el golpe directo del martillo y el uso de llave inglesa Mango antideslizante Punta imantada Punta de pala: 5mmX3\u2033 \u2013 6mmX4\u2033 \u2013 8mmX6\u2033 Punta estrella: PH3X8\u2033 \u2013 PH2X4\u2033 \u2013 PH1X3\u2033&hellip;<\/p>\n","category_list":"","author_info":{"name":"","url":""},"comments_num":"0 comentarios","jetpack_sharing_enabled":true,"_links":{"self":[{"href":"https:\/\/elcomercioenlinea.com\/index.php\/wp-json\/wp\/v2\/product\/3068","targetHints":{"allow":["GET"]}}],"collection":[{"href":"https:\/\/elcomercioenlinea.com\/index.php\/wp-json\/wp\/v2\/product"}],"about":[{"href":"https:\/\/elcomercioenlinea.com\/index.php\/wp-json\/wp\/v2\/types\/product"}],"wp:featuredmedia":[{"embeddable":true,"href":"https:\/\/elcomercioenlinea.com\/index.php\/wp-json\/wp\/v2\/media\/3069"}],"wp:attachment":[{"href":"https:\/\/elcomercioenlinea.com\/index.php\/wp-json\/wp\/v2\/media?parent=3068"}],"wp:term":[{"taxonomy":"product_brand","embeddable":true,"href":"https:\/\/elcomercioenlinea.com\/index.php\/wp-json\/wp\/v2\/product_brand?post=3068"},{"taxonomy":"product_cat","embeddable":true,"href":"https:\/\/elcomercioenlinea.com\/index.php\/wp-json\/wp\/v2\/product_cat?post=3068"},{"taxonomy":"product_tag","embeddable":true,"href":"https:\/\/elcomercioenlinea.com\/index.php\/wp-json\/wp\/v2\/product_tag?post=3068"}],"curies":[{"name":"wp","href":"https:\/\/api.w.org\/{rel}","templated":true}]}}