{"id":3078,"date":"2024-07-13T20:39:11","date_gmt":"2024-07-14T01:39:11","guid":{"rendered":"https:\/\/elcomercioenlinea.com\/index.php\/producto\/botella-de-agua-plegable\/"},"modified":"2024-07-13T20:46:17","modified_gmt":"2024-07-14T01:46:17","slug":"botella-de-agua-plegable","status":"publish","type":"product","link":"https:\/\/elcomercioenlinea.com\/index.php\/producto\/botella-de-agua-plegable\/","title":{"rendered":"BOTELLA DE AGUA PLEGABLE"},"content":{"rendered":"<p>Botella de agua plegable de 600 ml de silicona apta para alimentos, a prueba de fugas, botella de agua ligera de viaje para gimnasio, acampada y deportes<\/p>\n<p>\u00a1Descubre la comodidad y versatilidad de nuestra botella de agua plegable de 600 ml! Perfecta para llevar en tus aventuras al aire libre, al gimnasio o al trabajo. Fabricada con materiales seguros y libres de BPA, esta botella se pliega f\u00e1cilmente para ahorrar espacio cuando no est\u00e1 en uso. Su dise\u00f1o ergon\u00f3mico y su tapa a prueba de fugas garantizan que puedas hidratarte sin preocupaciones en cualquier momento y lugar. Adem\u00e1s, es f\u00e1cil de limpiar y duradera. \u00a1Hidr\u00e1tate con estilo y comodidad con nuestra botella de agua plegable de 600 ml!<\/p>\n<p>Especificaciones:<br \/>\ntipo de art\u00edculo: botella de agua plegable<br \/>\nMaterial: silicona<br \/>\nPeso: aproximadamente 143 g\/5,0 oz<br \/>\nCapacidad: 600 ml<\/p>\n<p>Lista del paquete:<br \/>\n1<br \/>\nbotella de agua plegable<\/p>\n","protected":false},"excerpt":{"rendered":"<p>Botella de agua plegable de 600 ml de silicona apta para alimentos, a prueba de fugas, botella de agua ligera de viaje para gimnasio, acampada y deportes \u00a1Descubre la comodidad y versatilidad de nuestra botella de agua plegable de 600 ml! Perfecta para llevar en tus aventuras al aire libre, al gimnasio o al trabajo. [&hellip;]<\/p>\n","protected":false},"featured_media":3081,"template":"","meta":[],"product_brand":[],"product_cat":[25,49],"product_tag":[],"class_list":{"0":"post-3078","1":"product","2":"type-product","3":"status-publish","4":"has-post-thumbnail","6":"product_cat-cocina","7":"product_cat-salud","9":"first","10":"instock","11":"shipping-taxable","12":"purchasable","13":"product-type-simple"},"featured_image_urls":{"full":["https:\/\/elcomercioenlinea.com\/wp-content\/uploads\/2024\/07\/835442.png",500,490,false],"thumbnail":["https:\/\/elcomercioenlinea.com\/wp-content\/uploads\/2024\/07\/835442-150x150.png",150,150,true],"medium":["https:\/\/elcomercioenlinea.com\/wp-content\/uploads\/2024\/07\/835442-300x294.png",300,294,true],"medium_large":["https:\/\/elcomercioenlinea.com\/wp-content\/uploads\/2024\/07\/835442.png",500,490,false],"large":["https:\/\/elcomercioenlinea.com\/wp-content\/uploads\/2024\/07\/835442.png",500,490,false],"1536x1536":["https:\/\/elcomercioenlinea.com\/wp-content\/uploads\/2024\/07\/835442.png",500,490,false],"2048x2048":["https:\/\/elcomercioenlinea.com\/wp-content\/uploads\/2024\/07\/835442.png",500,490,false],"woocommerce_archive_thumbnail":["https:\/\/elcomercioenlinea.com\/wp-content\/uploads\/2024\/07\/835442-300x294.png",300,294,true],"woocommerce_thumbnail":["https:\/\/elcomercioenlinea.com\/wp-content\/uploads\/2024\/07\/835442-300x300.png",300,300,true],"woocommerce_single":["https:\/\/elcomercioenlinea.com\/wp-content\/uploads\/2024\/07\/835442.png",500,490,false],"woocommerce_gallery_thumbnail":["https:\/\/elcomercioenlinea.com\/wp-content\/uploads\/2024\/07\/835442-100x100.png",100,100,true]},"post_excerpt_stackable":"<p>Botella de agua plegable de 600 ml de silicona apta para alimentos, a prueba de fugas, botella de agua ligera de viaje para gimnasio, acampada y deportes \u00a1Descubre la comodidad y versatilidad de nuestra botella de agua plegable de 600 ml! Perfecta para llevar en tus aventuras al aire libre, al gimnasio o al trabajo. Fabricada con materiales seguros y libres de BPA, esta botella se pliega f\u00e1cilmente para ahorrar espacio cuando no est\u00e1 en uso. Su dise\u00f1o ergon\u00f3mico y su tapa a prueba de fugas garantizan que puedas hidratarte sin preocupaciones en cualquier momento y lugar. Adem\u00e1s, es f\u00e1cil&hellip;<\/p>\n","category_list":"","author_info":{"name":"","url":""},"comments_num":"0 comentarios","jetpack_sharing_enabled":true,"_links":{"self":[{"href":"https:\/\/elcomercioenlinea.com\/index.php\/wp-json\/wp\/v2\/product\/3078","targetHints":{"allow":["GET"]}}],"collection":[{"href":"https:\/\/elcomercioenlinea.com\/index.php\/wp-json\/wp\/v2\/product"}],"about":[{"href":"https:\/\/elcomercioenlinea.com\/index.php\/wp-json\/wp\/v2\/types\/product"}],"wp:featuredmedia":[{"embeddable":true,"href":"https:\/\/elcomercioenlinea.com\/index.php\/wp-json\/wp\/v2\/media\/3081"}],"wp:attachment":[{"href":"https:\/\/elcomercioenlinea.com\/index.php\/wp-json\/wp\/v2\/media?parent=3078"}],"wp:term":[{"taxonomy":"product_brand","embeddable":true,"href":"https:\/\/elcomercioenlinea.com\/index.php\/wp-json\/wp\/v2\/product_brand?post=3078"},{"taxonomy":"product_cat","embeddable":true,"href":"https:\/\/elcomercioenlinea.com\/index.php\/wp-json\/wp\/v2\/product_cat?post=3078"},{"taxonomy":"product_tag","embeddable":true,"href":"https:\/\/elcomercioenlinea.com\/index.php\/wp-json\/wp\/v2\/product_tag?post=3078"}],"curies":[{"name":"wp","href":"https:\/\/api.w.org\/{rel}","templated":true}]}}