{"id":3095,"date":"2024-07-13T20:50:27","date_gmt":"2024-07-14T01:50:27","guid":{"rendered":"https:\/\/elcomercioenlinea.com\/index.php\/producto\/limpiador-de-vidrios-carro-antiempanante\/"},"modified":"2024-07-13T20:55:19","modified_gmt":"2024-07-14T01:55:19","slug":"limpiador-de-vidrios-carro-antiempanante","status":"publish","type":"product","link":"https:\/\/elcomercioenlinea.com\/index.php\/producto\/limpiador-de-vidrios-carro-antiempanante\/","title":{"rendered":"Limpiador de vidrios antiempa\u00f1ante"},"content":{"rendered":"<p>Aerosol para revestimiento de cristal para coche: el spray 507 de revestimiento de cristal para coche limpia la superficie de la pintura r\u00e1pidamente y tiene un efecto hoja, lo que mejora las propiedades de autolimpieza y la hidrofobicidad de la superficie de la pintura.<\/p>\n<p>&nbsp;<\/p>\n<p>Mejora la dureza y reduce los ara\u00f1azos: el aerosol de pulido r\u00e1pido con cera para autom\u00f3viles y la erosi\u00f3n por arena provoca varios ara\u00f1azos en la superficie de la pintura, formando una capa protectora que reduce o evita los ara\u00f1azos causados por fuerzas externas y reduce el grado de da\u00f1o a la pintura.<\/p>\n<p>&nbsp;<\/p>\n<p>Resistencia a altas temperaturas, sin marcas de quemaduras: al utilizar un aerosol de revestimiento de cristal para autom\u00f3viles, puede resistir eficazmente la decoloraci\u00f3n por oxidaci\u00f3n causada por las altas temperaturas y hacer que la pintura del autom\u00f3vil brille. Alta protecci\u00f3n duradera: spray reparador de ara\u00f1azos para autom\u00f3viles que utiliza nanotecnolog\u00eda avanzada, la superficie del autom\u00f3vil formar\u00e1 una capa protectora que durar\u00e1 meses y proporcionar\u00e1 una larga duraci\u00f3n. Elimina las manchas de agua, la oxidaci\u00f3n y muchos otros elementos que pueden da\u00f1ar la pintura del coche.Capacidad: 100ml<\/p>\n<p>&nbsp;<\/p>\n<p>Tama\u00f1o: 15*3,9 cm\/5,90*1,53 pulgadas<\/p>\n<p>&nbsp;<\/p>\n<p>\u00c1mbito de aplicaci\u00f3n: pintura de coche y superficie de vidrio<\/p>\n","protected":false},"excerpt":{"rendered":"<p>Aerosol para revestimiento de cristal para coche: el spray 507 de revestimiento de cristal para coche limpia la superficie de la pintura r\u00e1pidamente y tiene un efecto hoja, lo que mejora las propiedades de autolimpieza y la hidrofobicidad de la superficie de la pintura. &nbsp; Mejora la dureza y reduce los ara\u00f1azos: el aerosol de [&hellip;]<\/p>\n","protected":false},"featured_media":3099,"template":"","meta":[],"product_brand":[],"product_cat":[19],"product_tag":[],"class_list":{"0":"post-3095","1":"product","2":"type-product","3":"status-publish","4":"has-post-thumbnail","6":"product_cat-vehiculos","8":"first","9":"instock","10":"sale","11":"shipping-taxable","12":"purchasable","13":"product-type-simple"},"featured_image_urls":{"full":["https:\/\/elcomercioenlinea.com\/wp-content\/uploads\/2024\/07\/595574.png",680,680,false],"thumbnail":["https:\/\/elcomercioenlinea.com\/wp-content\/uploads\/2024\/07\/595574-150x150.png",150,150,true],"medium":["https:\/\/elcomercioenlinea.com\/wp-content\/uploads\/2024\/07\/595574-300x300.png",300,300,true],"medium_large":["https:\/\/elcomercioenlinea.com\/wp-content\/uploads\/2024\/07\/595574.png",680,680,false],"large":["https:\/\/elcomercioenlinea.com\/wp-content\/uploads\/2024\/07\/595574.png",680,680,false],"1536x1536":["https:\/\/elcomercioenlinea.com\/wp-content\/uploads\/2024\/07\/595574.png",680,680,false],"2048x2048":["https:\/\/elcomercioenlinea.com\/wp-content\/uploads\/2024\/07\/595574.png",680,680,false],"woocommerce_archive_thumbnail":["https:\/\/elcomercioenlinea.com\/wp-content\/uploads\/2024\/07\/595574-300x300.png",300,300,true],"woocommerce_thumbnail":["https:\/\/elcomercioenlinea.com\/wp-content\/uploads\/2024\/07\/595574-300x300.png",300,300,true],"woocommerce_single":["https:\/\/elcomercioenlinea.com\/wp-content\/uploads\/2024\/07\/595574-600x600.png",600,600,true],"woocommerce_gallery_thumbnail":["https:\/\/elcomercioenlinea.com\/wp-content\/uploads\/2024\/07\/595574-100x100.png",100,100,true]},"post_excerpt_stackable":"<p>Aerosol para revestimiento de cristal para coche: el spray 507 de revestimiento de cristal para coche limpia la superficie de la pintura r\u00e1pidamente y tiene un efecto hoja, lo que mejora las propiedades de autolimpieza y la hidrofobicidad de la superficie de la pintura. &nbsp; Mejora la dureza y reduce los ara\u00f1azos: el aerosol de pulido r\u00e1pido con cera para autom\u00f3viles y la erosi\u00f3n por arena provoca varios ara\u00f1azos en la superficie de la pintura, formando una capa protectora que reduce o evita los ara\u00f1azos causados por fuerzas externas y reduce el grado de da\u00f1o a la pintura. &nbsp; Resistencia&hellip;<\/p>\n","category_list":"","author_info":{"name":"","url":""},"comments_num":"0 comentarios","jetpack_sharing_enabled":true,"_links":{"self":[{"href":"https:\/\/elcomercioenlinea.com\/index.php\/wp-json\/wp\/v2\/product\/3095","targetHints":{"allow":["GET"]}}],"collection":[{"href":"https:\/\/elcomercioenlinea.com\/index.php\/wp-json\/wp\/v2\/product"}],"about":[{"href":"https:\/\/elcomercioenlinea.com\/index.php\/wp-json\/wp\/v2\/types\/product"}],"wp:featuredmedia":[{"embeddable":true,"href":"https:\/\/elcomercioenlinea.com\/index.php\/wp-json\/wp\/v2\/media\/3099"}],"wp:attachment":[{"href":"https:\/\/elcomercioenlinea.com\/index.php\/wp-json\/wp\/v2\/media?parent=3095"}],"wp:term":[{"taxonomy":"product_brand","embeddable":true,"href":"https:\/\/elcomercioenlinea.com\/index.php\/wp-json\/wp\/v2\/product_brand?post=3095"},{"taxonomy":"product_cat","embeddable":true,"href":"https:\/\/elcomercioenlinea.com\/index.php\/wp-json\/wp\/v2\/product_cat?post=3095"},{"taxonomy":"product_tag","embeddable":true,"href":"https:\/\/elcomercioenlinea.com\/index.php\/wp-json\/wp\/v2\/product_tag?post=3095"}],"curies":[{"name":"wp","href":"https:\/\/api.w.org\/{rel}","templated":true}]}}