{"id":3109,"date":"2024-07-13T21:20:21","date_gmt":"2024-07-14T02:20:21","guid":{"rendered":"https:\/\/elcomercioenlinea.com\/index.php\/producto\/parlante-future\/"},"modified":"2024-07-13T21:24:28","modified_gmt":"2024-07-14T02:24:28","slug":"parlante-future","status":"publish","type":"product","link":"https:\/\/elcomercioenlinea.com\/index.php\/producto\/parlante-future\/","title":{"rendered":"PARLANTE FUTURE"},"content":{"rendered":"<p>\u00a1Presentamos el **PARLANTE FUTURE**! Este innovador dispositivo no solo ofrece un sonido de alta calidad, sino que tambi\u00e9n cuenta con una elegante c\u00fapula transparente y luces RGB ,que lo convierte en una pieza de dise\u00f1o \u00fanica. Su estructura moderna permite una visualizaci\u00f3n completa de su tecnolog\u00eda interna, mientras que su potente rendimiento asegura una experiencia auditiva inigualable. Perfecto para cualquier ambiente, el PARLANTE FUTURE combina estilo y funcionalidad, llevando tu entretenimiento al siguiente nivel. \u00a1Transforma tu espacio con este impresionante altavoz de \u00faltima generaci\u00f3n!<\/p>\n<p>Potencia de salida: 8W*1, entrada DC 5V\/1-2A, puerto de carga Tipo C, capacidad de la bater\u00eda 1200mAh, tiempo de trabajo: 4 horas, tama\u00f1o del producto: 85x 117mm, luces al ritmo de la m\u00fasica, Tecnolog\u00eda TWS, llamadas con manos libres<\/p>\n","protected":false},"excerpt":{"rendered":"<p>\u00a1Presentamos el **PARLANTE FUTURE**! Este innovador dispositivo no solo ofrece un sonido de alta calidad, sino que tambi\u00e9n cuenta con una elegante c\u00fapula transparente y luces RGB ,que lo convierte en una pieza de dise\u00f1o \u00fanica. Su estructura moderna permite una visualizaci\u00f3n completa de su tecnolog\u00eda interna, mientras que su potente rendimiento asegura una experiencia [&hellip;]<\/p>\n","protected":false},"featured_media":3112,"template":"","meta":[],"product_brand":[],"product_cat":[18],"product_tag":[],"class_list":{"0":"post-3109","1":"product","2":"type-product","3":"status-publish","4":"has-post-thumbnail","6":"product_cat-tecnologia","8":"first","9":"instock","10":"shipping-taxable","11":"purchasable","12":"product-type-simple"},"featured_image_urls":{"full":["https:\/\/elcomercioenlinea.com\/wp-content\/uploads\/2024\/07\/612876.png",500,427,false],"thumbnail":["https:\/\/elcomercioenlinea.com\/wp-content\/uploads\/2024\/07\/612876-150x150.png",150,150,true],"medium":["https:\/\/elcomercioenlinea.com\/wp-content\/uploads\/2024\/07\/612876-300x256.png",300,256,true],"medium_large":["https:\/\/elcomercioenlinea.com\/wp-content\/uploads\/2024\/07\/612876.png",500,427,false],"large":["https:\/\/elcomercioenlinea.com\/wp-content\/uploads\/2024\/07\/612876.png",500,427,false],"1536x1536":["https:\/\/elcomercioenlinea.com\/wp-content\/uploads\/2024\/07\/612876.png",500,427,false],"2048x2048":["https:\/\/elcomercioenlinea.com\/wp-content\/uploads\/2024\/07\/612876.png",500,427,false],"woocommerce_archive_thumbnail":["https:\/\/elcomercioenlinea.com\/wp-content\/uploads\/2024\/07\/612876-300x256.png",300,256,true],"woocommerce_thumbnail":["https:\/\/elcomercioenlinea.com\/wp-content\/uploads\/2024\/07\/612876-300x300.png",300,300,true],"woocommerce_single":["https:\/\/elcomercioenlinea.com\/wp-content\/uploads\/2024\/07\/612876.png",500,427,false],"woocommerce_gallery_thumbnail":["https:\/\/elcomercioenlinea.com\/wp-content\/uploads\/2024\/07\/612876-100x100.png",100,100,true]},"post_excerpt_stackable":"<p>\u00a1Presentamos el **PARLANTE FUTURE**! Este innovador dispositivo no solo ofrece un sonido de alta calidad, sino que tambi\u00e9n cuenta con una elegante c\u00fapula transparente y luces RGB ,que lo convierte en una pieza de dise\u00f1o \u00fanica. Su estructura moderna permite una visualizaci\u00f3n completa de su tecnolog\u00eda interna, mientras que su potente rendimiento asegura una experiencia auditiva inigualable. Perfecto para cualquier ambiente, el PARLANTE FUTURE combina estilo y funcionalidad, llevando tu entretenimiento al siguiente nivel. \u00a1Transforma tu espacio con este impresionante altavoz de \u00faltima generaci\u00f3n! Potencia de salida: 8W*1, entrada DC 5V\/1-2A, puerto de carga Tipo C, capacidad de la bater\u00eda&hellip;<\/p>\n","category_list":"","author_info":{"name":"","url":""},"comments_num":"0 comentarios","jetpack_sharing_enabled":true,"_links":{"self":[{"href":"https:\/\/elcomercioenlinea.com\/index.php\/wp-json\/wp\/v2\/product\/3109","targetHints":{"allow":["GET"]}}],"collection":[{"href":"https:\/\/elcomercioenlinea.com\/index.php\/wp-json\/wp\/v2\/product"}],"about":[{"href":"https:\/\/elcomercioenlinea.com\/index.php\/wp-json\/wp\/v2\/types\/product"}],"wp:featuredmedia":[{"embeddable":true,"href":"https:\/\/elcomercioenlinea.com\/index.php\/wp-json\/wp\/v2\/media\/3112"}],"wp:attachment":[{"href":"https:\/\/elcomercioenlinea.com\/index.php\/wp-json\/wp\/v2\/media?parent=3109"}],"wp:term":[{"taxonomy":"product_brand","embeddable":true,"href":"https:\/\/elcomercioenlinea.com\/index.php\/wp-json\/wp\/v2\/product_brand?post=3109"},{"taxonomy":"product_cat","embeddable":true,"href":"https:\/\/elcomercioenlinea.com\/index.php\/wp-json\/wp\/v2\/product_cat?post=3109"},{"taxonomy":"product_tag","embeddable":true,"href":"https:\/\/elcomercioenlinea.com\/index.php\/wp-json\/wp\/v2\/product_tag?post=3109"}],"curies":[{"name":"wp","href":"https:\/\/api.w.org\/{rel}","templated":true}]}}