{"id":3120,"date":"2024-07-13T21:56:43","date_gmt":"2024-07-14T02:56:43","guid":{"rendered":"https:\/\/elcomercioenlinea.com\/index.php\/producto\/cojin-masajeador-vibrador\/"},"modified":"2024-07-13T21:58:24","modified_gmt":"2024-07-14T02:58:24","slug":"cojin-masajeador-vibrador","status":"publish","type":"product","link":"https:\/\/elcomercioenlinea.com\/index.php\/producto\/cojin-masajeador-vibrador\/","title":{"rendered":"Coj\u00edn Masajeador"},"content":{"rendered":"<p>Masajeador, ideal para el cuello, la zona lumbar o en cualquier lugar donde necesite alivio. Tiene el tama\u00f1o perfecto para masajes en el cuello y la zona lumbar y tambi\u00e9n funciona muy bien en las piernas doloridas. 4 nodos de masaje Shiatsu de amasamiento profundo que ayudan a calmar los m\u00fasculos adoloridos, aliviar la tensi\u00f3n y promover la recuperaci\u00f3n muscular.<\/p>\n<p>La correa de velcro el\u00e1stica asegura el masajeador a la parte posterior de su silla.<\/p>\n<p>Viene con un adaptador para autom\u00f3vil<\/p>\n<p>Control f\u00e1cil de un bot\u00f3n: presione una vez para encender el masajeador y calentar. Presione una segunda vez para hacer que se apague la calefacci\u00f3n.<\/p>\n<p>Alivie la tensi\u00f3n en la espalda y las piernas, nuestro masajeador Shiatsu TD Design es la soluci\u00f3n perfecta para los m\u00fasculos doloridos y cansados del cuello, la parte superior de la espalda, la parte inferior de la espalda e incluso las piernas.<\/p>\n<p>El calor ayuda a calentar los m\u00fasculos, haci\u00e9ndolos a\u00fan m\u00e1s receptivos a los beneficios del masaje. \u00bfQu\u00e9 es el masaje Shiatsu? Shiatsu es una t\u00e9cnica de masaje japonesa que utiliza movimientos circulares y presi\u00f3n profunda de amasamiento en puntos de acupresi\u00f3n espec\u00edficos para ayudar a liberar la tensi\u00f3n y aliviar los m\u00fasculos doloridos y tensos. Beneficios del masaje El masaje puede ayudar a:<br \/>\nAcelerar la recuperaci\u00f3n muscular<br \/>\nAliviar el dolor muscular<br \/>\nReducir la frecuencia card\u00edaca<br \/>\nAumentar la flexibilidad<br \/>\nMejorar la circulaci\u00f3n<br \/>\nPromover un mejor sue\u00f1o<\/p>\n<p>Alivie los m\u00fasculos, la tensi\u00f3n para eliminar la fatiga, haga que su cuerpo se sienta m\u00e1s relajado. En su vida y trabajo siempre estar\u00e1 su asistente m\u00e1s sincero, para que su salud le brinde mayor protecci\u00f3n.<\/p>\n","protected":false},"excerpt":{"rendered":"<p>Masajeador, ideal para el cuello, la zona lumbar o en cualquier lugar donde necesite alivio. Tiene el tama\u00f1o perfecto para masajes en el cuello y la zona lumbar y tambi\u00e9n funciona muy bien en las piernas doloridas. 4 nodos de masaje Shiatsu de amasamiento profundo que ayudan a calmar los m\u00fasculos adoloridos, aliviar la tensi\u00f3n [&hellip;]<\/p>\n","protected":false},"featured_media":3121,"template":"","meta":[],"product_brand":[],"product_cat":[102,49,18],"product_tag":[],"class_list":{"0":"post-3120","1":"product","2":"type-product","3":"status-publish","4":"has-post-thumbnail","6":"product_cat-belleza","7":"product_cat-salud","8":"product_cat-tecnologia","10":"first","11":"instock","12":"shipping-taxable","13":"purchasable","14":"product-type-simple"},"featured_image_urls":{"full":["https:\/\/elcomercioenlinea.com\/wp-content\/uploads\/2024\/07\/221875.png",781,645,false],"thumbnail":["https:\/\/elcomercioenlinea.com\/wp-content\/uploads\/2024\/07\/221875-150x150.png",150,150,true],"medium":["https:\/\/elcomercioenlinea.com\/wp-content\/uploads\/2024\/07\/221875-300x248.png",300,248,true],"medium_large":["https:\/\/elcomercioenlinea.com\/wp-content\/uploads\/2024\/07\/221875-768x634.png",768,634,true],"large":["https:\/\/elcomercioenlinea.com\/wp-content\/uploads\/2024\/07\/221875.png",781,645,false],"1536x1536":["https:\/\/elcomercioenlinea.com\/wp-content\/uploads\/2024\/07\/221875.png",781,645,false],"2048x2048":["https:\/\/elcomercioenlinea.com\/wp-content\/uploads\/2024\/07\/221875.png",781,645,false],"woocommerce_archive_thumbnail":["https:\/\/elcomercioenlinea.com\/wp-content\/uploads\/2024\/07\/221875-300x248.png",300,248,true],"woocommerce_thumbnail":["https:\/\/elcomercioenlinea.com\/wp-content\/uploads\/2024\/07\/221875-300x300.png",300,300,true],"woocommerce_single":["https:\/\/elcomercioenlinea.com\/wp-content\/uploads\/2024\/07\/221875-600x496.png",600,496,true],"woocommerce_gallery_thumbnail":["https:\/\/elcomercioenlinea.com\/wp-content\/uploads\/2024\/07\/221875-100x100.png",100,100,true]},"post_excerpt_stackable":"<p>Masajeador, ideal para el cuello, la zona lumbar o en cualquier lugar donde necesite alivio. Tiene el tama\u00f1o perfecto para masajes en el cuello y la zona lumbar y tambi\u00e9n funciona muy bien en las piernas doloridas. 4 nodos de masaje Shiatsu de amasamiento profundo que ayudan a calmar los m\u00fasculos adoloridos, aliviar la tensi\u00f3n y promover la recuperaci\u00f3n muscular. La correa de velcro el\u00e1stica asegura el masajeador a la parte posterior de su silla. Viene con un adaptador para autom\u00f3vil Control f\u00e1cil de un bot\u00f3n: presione una vez para encender el masajeador y calentar. Presione una segunda vez para&hellip;<\/p>\n","category_list":"","author_info":{"name":"","url":""},"comments_num":"0 comentarios","jetpack_sharing_enabled":true,"_links":{"self":[{"href":"https:\/\/elcomercioenlinea.com\/index.php\/wp-json\/wp\/v2\/product\/3120","targetHints":{"allow":["GET"]}}],"collection":[{"href":"https:\/\/elcomercioenlinea.com\/index.php\/wp-json\/wp\/v2\/product"}],"about":[{"href":"https:\/\/elcomercioenlinea.com\/index.php\/wp-json\/wp\/v2\/types\/product"}],"wp:featuredmedia":[{"embeddable":true,"href":"https:\/\/elcomercioenlinea.com\/index.php\/wp-json\/wp\/v2\/media\/3121"}],"wp:attachment":[{"href":"https:\/\/elcomercioenlinea.com\/index.php\/wp-json\/wp\/v2\/media?parent=3120"}],"wp:term":[{"taxonomy":"product_brand","embeddable":true,"href":"https:\/\/elcomercioenlinea.com\/index.php\/wp-json\/wp\/v2\/product_brand?post=3120"},{"taxonomy":"product_cat","embeddable":true,"href":"https:\/\/elcomercioenlinea.com\/index.php\/wp-json\/wp\/v2\/product_cat?post=3120"},{"taxonomy":"product_tag","embeddable":true,"href":"https:\/\/elcomercioenlinea.com\/index.php\/wp-json\/wp\/v2\/product_tag?post=3120"}],"curies":[{"name":"wp","href":"https:\/\/api.w.org\/{rel}","templated":true}]}}