{"id":3125,"date":"2024-07-13T22:00:46","date_gmt":"2024-07-14T03:00:46","guid":{"rendered":"https:\/\/elcomercioenlinea.com\/index.php\/producto\/gorro-gel-compresa-frio-caliente-alivio\/"},"modified":"2024-07-13T22:03:33","modified_gmt":"2024-07-14T03:03:33","slug":"gorro-gel-compresa-frio-caliente-alivio","status":"publish","type":"product","link":"https:\/\/elcomercioenlinea.com\/index.php\/producto\/gorro-gel-compresa-frio-caliente-alivio\/","title":{"rendered":"Gorro Gel Compresa Frio Caliente Alivio"},"content":{"rendered":"<p>Gorro doble capa de gel fr\u00edo\/caliente:<\/p>\n<p>Tenemos la soluci\u00f3n para esos dolores de cabeza intensos y tan desagradables, este gorro de gel fr\u00edo ayuda a reducir la inflamaci\u00f3n y aliviar el dolor asociado con la migra\u00f1a al contraer los vasos sangu\u00edneos y disminuir la transmisi\u00f3n de Las se\u00f1ales de dolor, la inflamaci\u00f3n, la tensi\u00f3n, la presi\u00f3n sinusal, los ojos hinchados y el estr\u00e9s se convierten en una soluci\u00f3n r\u00e1pida y eficaz. @@Ajuste c\u00f3modo: Estos gorros suelen dise\u00f1arse para proporcionar un ajuste c\u00f3modo de manera que pueda adaptarse a la forma de la cabeza sin ejercer presi\u00f3n y cubrir la zona afectada; ayuda a bloquear la luz reduciendo la sensibilidad durante su uso @@Materiales seguros: Los materiales utilizados en la fabricaci\u00f3n son de la m\u00e1s alta calidad seguros para el contacto con la piel y resistentes al calor\/fr\u00edo seg\u00fan sea necesario, cong\u00e9lalo en un cierre herm\u00e9tico durante 1 -2 horas.<\/p>\n<p>&nbsp;<\/p>\n","protected":false},"excerpt":{"rendered":"<p>Gorro doble capa de gel fr\u00edo\/caliente: Tenemos la soluci\u00f3n para esos dolores de cabeza intensos y tan desagradables, este gorro de gel fr\u00edo ayuda a reducir la inflamaci\u00f3n y aliviar el dolor asociado con la migra\u00f1a al contraer los vasos sangu\u00edneos y disminuir la transmisi\u00f3n de Las se\u00f1ales de dolor, la inflamaci\u00f3n, la tensi\u00f3n, la [&hellip;]<\/p>\n","protected":false},"featured_media":3127,"template":"","meta":[],"product_brand":[],"product_cat":[49],"product_tag":[],"class_list":{"0":"post-3125","1":"product","2":"type-product","3":"status-publish","4":"has-post-thumbnail","6":"product_cat-salud","8":"first","9":"instock","10":"shipping-taxable","11":"purchasable","12":"product-type-simple"},"featured_image_urls":{"full":["https:\/\/elcomercioenlinea.com\/wp-content\/uploads\/2024\/07\/682877.png",500,500,false],"thumbnail":["https:\/\/elcomercioenlinea.com\/wp-content\/uploads\/2024\/07\/682877-150x150.png",150,150,true],"medium":["https:\/\/elcomercioenlinea.com\/wp-content\/uploads\/2024\/07\/682877-300x300.png",300,300,true],"medium_large":["https:\/\/elcomercioenlinea.com\/wp-content\/uploads\/2024\/07\/682877.png",500,500,false],"large":["https:\/\/elcomercioenlinea.com\/wp-content\/uploads\/2024\/07\/682877.png",500,500,false],"1536x1536":["https:\/\/elcomercioenlinea.com\/wp-content\/uploads\/2024\/07\/682877.png",500,500,false],"2048x2048":["https:\/\/elcomercioenlinea.com\/wp-content\/uploads\/2024\/07\/682877.png",500,500,false],"woocommerce_archive_thumbnail":["https:\/\/elcomercioenlinea.com\/wp-content\/uploads\/2024\/07\/682877-300x300.png",300,300,true],"woocommerce_thumbnail":["https:\/\/elcomercioenlinea.com\/wp-content\/uploads\/2024\/07\/682877-300x300.png",300,300,true],"woocommerce_single":["https:\/\/elcomercioenlinea.com\/wp-content\/uploads\/2024\/07\/682877.png",500,500,false],"woocommerce_gallery_thumbnail":["https:\/\/elcomercioenlinea.com\/wp-content\/uploads\/2024\/07\/682877-100x100.png",100,100,true]},"post_excerpt_stackable":"<p>Gorro doble capa de gel fr\u00edo\/caliente: Tenemos la soluci\u00f3n para esos dolores de cabeza intensos y tan desagradables, este gorro de gel fr\u00edo ayuda a reducir la inflamaci\u00f3n y aliviar el dolor asociado con la migra\u00f1a al contraer los vasos sangu\u00edneos y disminuir la transmisi\u00f3n de Las se\u00f1ales de dolor, la inflamaci\u00f3n, la tensi\u00f3n, la presi\u00f3n sinusal, los ojos hinchados y el estr\u00e9s se convierten en una soluci\u00f3n r\u00e1pida y eficaz. @@Ajuste c\u00f3modo: Estos gorros suelen dise\u00f1arse para proporcionar un ajuste c\u00f3modo de manera que pueda adaptarse a la forma de la cabeza sin ejercer presi\u00f3n y cubrir la zona&hellip;<\/p>\n","category_list":"","author_info":{"name":"","url":""},"comments_num":"0 comentarios","jetpack_sharing_enabled":true,"_links":{"self":[{"href":"https:\/\/elcomercioenlinea.com\/index.php\/wp-json\/wp\/v2\/product\/3125","targetHints":{"allow":["GET"]}}],"collection":[{"href":"https:\/\/elcomercioenlinea.com\/index.php\/wp-json\/wp\/v2\/product"}],"about":[{"href":"https:\/\/elcomercioenlinea.com\/index.php\/wp-json\/wp\/v2\/types\/product"}],"wp:featuredmedia":[{"embeddable":true,"href":"https:\/\/elcomercioenlinea.com\/index.php\/wp-json\/wp\/v2\/media\/3127"}],"wp:attachment":[{"href":"https:\/\/elcomercioenlinea.com\/index.php\/wp-json\/wp\/v2\/media?parent=3125"}],"wp:term":[{"taxonomy":"product_brand","embeddable":true,"href":"https:\/\/elcomercioenlinea.com\/index.php\/wp-json\/wp\/v2\/product_brand?post=3125"},{"taxonomy":"product_cat","embeddable":true,"href":"https:\/\/elcomercioenlinea.com\/index.php\/wp-json\/wp\/v2\/product_cat?post=3125"},{"taxonomy":"product_tag","embeddable":true,"href":"https:\/\/elcomercioenlinea.com\/index.php\/wp-json\/wp\/v2\/product_tag?post=3125"}],"curies":[{"name":"wp","href":"https:\/\/api.w.org\/{rel}","templated":true}]}}