{"id":3131,"date":"2024-07-13T22:04:13","date_gmt":"2024-07-14T03:04:13","guid":{"rendered":"https:\/\/elcomercioenlinea.com\/index.php\/producto\/talonera-bionica\/"},"modified":"2024-07-14T00:37:21","modified_gmt":"2024-07-14T05:37:21","slug":"talonera-bionica","status":"publish","type":"product","link":"https:\/\/elcomercioenlinea.com\/index.php\/producto\/talonera-bionica\/","title":{"rendered":"Talonera Bi\u00f3nica"},"content":{"rendered":"<p>Talonera Bionica De Elevaci\u00f3n &#8211; Aumenta Tu Estatura<\/p>\n<p>Ajuste los bordes del tal\u00f3n perfectamente para proteger sus talones, se parece a su tal\u00f3n real despu\u00e9s de usar calcetines.<br \/>\nMejora el equilibrio de los pasos y la fuerza del pie, amortigua los golpes y antideslizante.<br \/>\nEsta talonera protege el tal\u00f3n de grietas dolorosas, callosidades y ampollas, reduce el impacto causado por el golpe del tal\u00f3n.<\/p>\n<p>Hecho de material suave y de grado m\u00e9dico<br \/>\nF\u00e1cil de limpiar. Espesor moderado, estirar y deslizarse f\u00e1cilmente<br \/>\nReutilizable y ajustable.<br \/>\n\u00daselo dentro de los calcetines antes de usar los zapatos que le gustan, ser\u00e1 m\u00e1s alto.<\/p>\n","protected":false},"excerpt":{"rendered":"<p>Talonera Bionica De Elevaci\u00f3n &#8211; Aumenta Tu Estatura Ajuste los bordes del tal\u00f3n perfectamente para proteger sus talones, se parece a su tal\u00f3n real despu\u00e9s de usar calcetines. Mejora el equilibrio de los pasos y la fuerza del pie, amortigua los golpes y antideslizante. Esta talonera protege el tal\u00f3n de grietas dolorosas, callosidades y ampollas, [&hellip;]<\/p>\n","protected":false},"featured_media":3132,"template":"","meta":[],"product_brand":[],"product_cat":[102,49],"product_tag":[],"class_list":{"0":"post-3131","1":"product","2":"type-product","3":"status-publish","4":"has-post-thumbnail","6":"product_cat-belleza","7":"product_cat-salud","9":"first","10":"instock","11":"shipping-taxable","12":"purchasable","13":"product-type-simple"},"featured_image_urls":{"full":["https:\/\/elcomercioenlinea.com\/wp-content\/uploads\/2024\/07\/557450.png",1280,1195,false],"thumbnail":["https:\/\/elcomercioenlinea.com\/wp-content\/uploads\/2024\/07\/557450-150x150.png",150,150,true],"medium":["https:\/\/elcomercioenlinea.com\/wp-content\/uploads\/2024\/07\/557450-300x280.png",300,280,true],"medium_large":["https:\/\/elcomercioenlinea.com\/wp-content\/uploads\/2024\/07\/557450-768x717.png",768,717,true],"large":["https:\/\/elcomercioenlinea.com\/wp-content\/uploads\/2024\/07\/557450-1024x956.png",1024,956,true],"1536x1536":["https:\/\/elcomercioenlinea.com\/wp-content\/uploads\/2024\/07\/557450.png",1280,1195,false],"2048x2048":["https:\/\/elcomercioenlinea.com\/wp-content\/uploads\/2024\/07\/557450.png",1280,1195,false],"woocommerce_archive_thumbnail":["https:\/\/elcomercioenlinea.com\/wp-content\/uploads\/2024\/07\/557450-300x280.png",300,280,true],"woocommerce_thumbnail":["https:\/\/elcomercioenlinea.com\/wp-content\/uploads\/2024\/07\/557450-300x300.png",300,300,true],"woocommerce_single":["https:\/\/elcomercioenlinea.com\/wp-content\/uploads\/2024\/07\/557450-600x560.png",600,560,true],"woocommerce_gallery_thumbnail":["https:\/\/elcomercioenlinea.com\/wp-content\/uploads\/2024\/07\/557450-100x100.png",100,100,true]},"post_excerpt_stackable":"<p>Talonera Bionica De Elevaci\u00f3n &#8211; Aumenta Tu Estatura Ajuste los bordes del tal\u00f3n perfectamente para proteger sus talones, se parece a su tal\u00f3n real despu\u00e9s de usar calcetines. Mejora el equilibrio de los pasos y la fuerza del pie, amortigua los golpes y antideslizante. Esta talonera protege el tal\u00f3n de grietas dolorosas, callosidades y ampollas, reduce el impacto causado por el golpe del tal\u00f3n. Hecho de material suave y de grado m\u00e9dico F\u00e1cil de limpiar. Espesor moderado, estirar y deslizarse f\u00e1cilmente Reutilizable y ajustable. \u00daselo dentro de los calcetines antes de usar los zapatos que le gustan, ser\u00e1 m\u00e1s alto.<\/p>\n","category_list":"","author_info":{"name":"","url":""},"comments_num":"0 comentarios","jetpack_sharing_enabled":true,"_links":{"self":[{"href":"https:\/\/elcomercioenlinea.com\/index.php\/wp-json\/wp\/v2\/product\/3131","targetHints":{"allow":["GET"]}}],"collection":[{"href":"https:\/\/elcomercioenlinea.com\/index.php\/wp-json\/wp\/v2\/product"}],"about":[{"href":"https:\/\/elcomercioenlinea.com\/index.php\/wp-json\/wp\/v2\/types\/product"}],"wp:featuredmedia":[{"embeddable":true,"href":"https:\/\/elcomercioenlinea.com\/index.php\/wp-json\/wp\/v2\/media\/3132"}],"wp:attachment":[{"href":"https:\/\/elcomercioenlinea.com\/index.php\/wp-json\/wp\/v2\/media?parent=3131"}],"wp:term":[{"taxonomy":"product_brand","embeddable":true,"href":"https:\/\/elcomercioenlinea.com\/index.php\/wp-json\/wp\/v2\/product_brand?post=3131"},{"taxonomy":"product_cat","embeddable":true,"href":"https:\/\/elcomercioenlinea.com\/index.php\/wp-json\/wp\/v2\/product_cat?post=3131"},{"taxonomy":"product_tag","embeddable":true,"href":"https:\/\/elcomercioenlinea.com\/index.php\/wp-json\/wp\/v2\/product_tag?post=3131"}],"curies":[{"name":"wp","href":"https:\/\/api.w.org\/{rel}","templated":true}]}}