{"id":3143,"date":"2024-07-14T01:01:06","date_gmt":"2024-07-14T06:01:06","guid":{"rendered":"https:\/\/elcomercioenlinea.com\/index.php\/producto\/tapabocas-antipolucion\/"},"modified":"2024-07-14T01:06:20","modified_gmt":"2024-07-14T06:06:20","slug":"tapabocas-antipolucion","status":"publish","type":"product","link":"https:\/\/elcomercioenlinea.com\/index.php\/producto\/tapabocas-antipolucion\/","title":{"rendered":"TAPABOCAS ANTIPOLUCION"},"content":{"rendered":"<p><strong>TAPABOCAS ANTIPOLUCION\u00a0<\/strong><br \/>\nTapabocas con cubierta que protege las mucosas respiratorias y bucales de la exposici\u00f3n a pat\u00f3genos o part\u00edculas suspendidas que puedan traer problemas de salud.<\/p>\n<p>\ud835\udc6a\ud835\udc68\ud835\udc79\ud835\udc68\ud835\udc6a\ud835\udc7b\ud835\udc6c\ud835\udc79\ud835\udc70\u0301\ud835\udc7a\ud835\udc7b\ud835\udc70\ud835\udc6a\ud835\udc68\ud835\udc7a<\/p>\n<ul>\n<li>Movilidad en medios de transporte como biciclieta, motocicleta, otros.<\/li>\n<li>Realiza Deportes sin incomodidades (trotar, correr).<\/li>\n<li>Actividades de aseo, manipulaci\u00f3n de sustancias fuertes.<\/li>\n<li>deal para actividades donde haya multitud.<\/li>\n<li>Evita enfermedades respiratorias usando este producto.<\/li>\n<\/ul>\n<p>\ud835\udc70\ud835\udc75\ud835\udc6a\ud835\udc73\ud835\udc7c\ud835\udc80\ud835\udc6c<\/p>\n<ul>\n<li>Bolsa de embalaje<\/li>\n<li>3 tapabocas<\/li>\n<\/ul>\n<p>\ud835\udc6e\ud835\udc68\ud835\udc79\ud835\udc68\ud835\ude49\ud835\udc7b\ud835\udc70\ud835\udc68<\/p>\n<p>El producto cuenta con 30 d\u00edas de garant\u00eda por fallas o defectos de f\u00e1brica. La garant\u00eda empieza a correr desde el momento en el que el cliente final recibe el producto.<\/p>\n<p>\ud835\udc75\ud835\udc76\ud835\udc7b\ud835\udc68\ud835\udc7a \ud835\udc70\ud835\udc74\ud835\udc77\ud835\udc76\ud835\udc79\ud835\udc7b\ud835\udc68\ud835\udc75\ud835\udc7b\ud835\udc6c\ud835\udc7a<\/p>\n<ul>\n<li>Todos nuestros productos son revisados por nuestro equipo de CALIDAD antes de ser despachados, con esto evitamos inconformidades, malos comentarios, malas calificaciones, gastos innecesarios y molestias en general.<\/li>\n<li>Debido a la diferencia de luz y configuraci\u00f3n de la pantalla, el color del art\u00edculo puede ser ligeramente diferente al de las im\u00e1genes.<\/li>\n<\/ul>\n","protected":false},"excerpt":{"rendered":"<p>TAPABOCAS ANTIPOLUCION\u00a0 Tapabocas con cubierta que protege las mucosas respiratorias y bucales de la exposici\u00f3n a pat\u00f3genos o part\u00edculas suspendidas que puedan traer problemas de salud. \ud835\udc6a\ud835\udc68\ud835\udc79\ud835\udc68\ud835\udc6a\ud835\udc7b\ud835\udc6c\ud835\udc79\ud835\udc70\u0301\ud835\udc7a\ud835\udc7b\ud835\udc70\ud835\udc6a\ud835\udc68\ud835\udc7a Movilidad en medios de transporte como biciclieta, motocicleta, otros. Realiza Deportes sin incomodidades (trotar, correr). Actividades de aseo, manipulaci\u00f3n de sustancias fuertes. deal para actividades donde haya multitud. [&hellip;]<\/p>\n","protected":false},"featured_media":3144,"template":"","meta":[],"product_brand":[],"product_cat":[49],"product_tag":[],"class_list":{"0":"post-3143","1":"product","2":"type-product","3":"status-publish","4":"has-post-thumbnail","6":"product_cat-salud","8":"first","9":"instock","10":"shipping-taxable","11":"purchasable","12":"product-type-simple"},"featured_image_urls":{"full":["https:\/\/elcomercioenlinea.com\/wp-content\/uploads\/2024\/07\/37001.png",464,500,false],"thumbnail":["https:\/\/elcomercioenlinea.com\/wp-content\/uploads\/2024\/07\/37001-150x150.png",150,150,true],"medium":["https:\/\/elcomercioenlinea.com\/wp-content\/uploads\/2024\/07\/37001-278x300.png",278,300,true],"medium_large":["https:\/\/elcomercioenlinea.com\/wp-content\/uploads\/2024\/07\/37001.png",464,500,false],"large":["https:\/\/elcomercioenlinea.com\/wp-content\/uploads\/2024\/07\/37001.png",464,500,false],"1536x1536":["https:\/\/elcomercioenlinea.com\/wp-content\/uploads\/2024\/07\/37001.png",464,500,false],"2048x2048":["https:\/\/elcomercioenlinea.com\/wp-content\/uploads\/2024\/07\/37001.png",464,500,false],"woocommerce_archive_thumbnail":["https:\/\/elcomercioenlinea.com\/wp-content\/uploads\/2024\/07\/37001-300x323.png",300,323,true],"woocommerce_thumbnail":["https:\/\/elcomercioenlinea.com\/wp-content\/uploads\/2024\/07\/37001-300x300.png",300,300,true],"woocommerce_single":["https:\/\/elcomercioenlinea.com\/wp-content\/uploads\/2024\/07\/37001.png",464,500,false],"woocommerce_gallery_thumbnail":["https:\/\/elcomercioenlinea.com\/wp-content\/uploads\/2024\/07\/37001-100x100.png",100,100,true]},"post_excerpt_stackable":"<p>TAPABOCAS ANTIPOLUCION\u00a0 Tapabocas con cubierta que protege las mucosas respiratorias y bucales de la exposici\u00f3n a pat\u00f3genos o part\u00edculas suspendidas que puedan traer problemas de salud. \ud835\udc6a\ud835\udc68\ud835\udc79\ud835\udc68\ud835\udc6a\ud835\udc7b\ud835\udc6c\ud835\udc79\ud835\udc70\u0301\ud835\udc7a\ud835\udc7b\ud835\udc70\ud835\udc6a\ud835\udc68\ud835\udc7a Movilidad en medios de transporte como biciclieta, motocicleta, otros. Realiza Deportes sin incomodidades (trotar, correr). Actividades de aseo, manipulaci\u00f3n de sustancias fuertes. deal para actividades donde haya multitud. Evita enfermedades respiratorias usando este producto. \ud835\udc70\ud835\udc75\ud835\udc6a\ud835\udc73\ud835\udc7c\ud835\udc80\ud835\udc6c Bolsa de embalaje 3 tapabocas \ud835\udc6e\ud835\udc68\ud835\udc79\ud835\udc68\ud835\ude49\ud835\udc7b\ud835\udc70\ud835\udc68 El producto cuenta con 30 d\u00edas de garant\u00eda por fallas o defectos de f\u00e1brica. La garant\u00eda empieza a correr desde el momento en el que el cliente final recibe el producto. \ud835\udc75\ud835\udc76\ud835\udc7b\ud835\udc68\ud835\udc7a&hellip;<\/p>\n","category_list":"","author_info":{"name":"","url":""},"comments_num":"0 comentarios","jetpack_sharing_enabled":true,"_links":{"self":[{"href":"https:\/\/elcomercioenlinea.com\/index.php\/wp-json\/wp\/v2\/product\/3143","targetHints":{"allow":["GET"]}}],"collection":[{"href":"https:\/\/elcomercioenlinea.com\/index.php\/wp-json\/wp\/v2\/product"}],"about":[{"href":"https:\/\/elcomercioenlinea.com\/index.php\/wp-json\/wp\/v2\/types\/product"}],"wp:featuredmedia":[{"embeddable":true,"href":"https:\/\/elcomercioenlinea.com\/index.php\/wp-json\/wp\/v2\/media\/3144"}],"wp:attachment":[{"href":"https:\/\/elcomercioenlinea.com\/index.php\/wp-json\/wp\/v2\/media?parent=3143"}],"wp:term":[{"taxonomy":"product_brand","embeddable":true,"href":"https:\/\/elcomercioenlinea.com\/index.php\/wp-json\/wp\/v2\/product_brand?post=3143"},{"taxonomy":"product_cat","embeddable":true,"href":"https:\/\/elcomercioenlinea.com\/index.php\/wp-json\/wp\/v2\/product_cat?post=3143"},{"taxonomy":"product_tag","embeddable":true,"href":"https:\/\/elcomercioenlinea.com\/index.php\/wp-json\/wp\/v2\/product_tag?post=3143"}],"curies":[{"name":"wp","href":"https:\/\/api.w.org\/{rel}","templated":true}]}}