{"id":3190,"date":"2024-07-15T12:21:36","date_gmt":"2024-07-15T17:21:36","guid":{"rendered":"https:\/\/elcomercioenlinea.com\/index.php\/producto\/gancho-secador-de-ropa-mini-tendedero\/"},"modified":"2024-07-17T17:54:41","modified_gmt":"2024-07-17T22:54:41","slug":"gancho-secador-de-ropa-mini-tendedero","status":"publish","type":"product","link":"https:\/\/elcomercioenlinea.com\/index.php\/producto\/gancho-secador-de-ropa-mini-tendedero\/","title":{"rendered":"Gancho Secador De Ropa"},"content":{"rendered":"<p>el Gancho Secador De Ropa, tu nuevo aliado para mantener tu ropa seca y sin arrugas. Este ingenioso gancho est\u00e1 dise\u00f1ado para maximizar el flujo de aire alrededor de tus prendas, permitiendo un secado m\u00e1s r\u00e1pido y uniforme. Ideal para cualquier tipo de tela, el Gancho Secador De Ropa es perfecto para espacios peque\u00f1os, apartamentos o para llevarlo de viaje. Su dise\u00f1o compacto y duradero asegura que puedas usarlo una y otra vez sin problemas. \u00a1Di adi\u00f3s a los tiempos largos de secado y hola a la comodidad y eficiencia con el Gancho Secador De Ropa!<\/p>\n<p>Este producto es conveniente, ahorra energ\u00eda, usa ropa para formar capucha, por lo que el aire caliente fluye en la ropa dentro de la colecci\u00f3n, circulaci\u00f3n, para lograr el prop\u00f3sito de secado r\u00e1pido; los productos pueden ser cuidado seco, humedad antimoho, esterilizaci\u00f3n de \u00e1caros, eliminaci\u00f3n de olores.<\/p>\n<p>Caracter\u00edsticas<\/p>\n<p>Modelo: 857105<\/p>\n<p>Potencia: 150W<\/p>\n<p>Voltaje: 220V 50Hz<\/p>\n<p>Tama\u00f1o: 42x8x18cm<\/p>\n<p>Longitud del Cable: 1,8 m<\/p>\n<p>Nivel de Impermeabilidad: IPX1<\/p>\n<p>Color: blanco<\/p>\n<p>Peso de transporte: 5-10kg<\/p>\n<p>l.<\/p>\n","protected":false},"excerpt":{"rendered":"<p>el Gancho Secador De Ropa, tu nuevo aliado para mantener tu ropa seca y sin arrugas. Este ingenioso gancho est\u00e1 dise\u00f1ado para maximizar el flujo de aire alrededor de tus prendas, permitiendo un secado m\u00e1s r\u00e1pido y uniforme. Ideal para cualquier tipo de tela, el Gancho Secador De Ropa es perfecto para espacios peque\u00f1os, apartamentos [&hellip;]<\/p>\n","protected":false},"featured_media":3191,"template":"","meta":[],"product_brand":[],"product_cat":[17,18],"product_tag":[],"class_list":{"0":"post-3190","1":"product","2":"type-product","3":"status-publish","4":"has-post-thumbnail","6":"product_cat-hogar","7":"product_cat-tecnologia","9":"first","10":"instock","11":"shipping-taxable","12":"purchasable","13":"product-type-simple"},"featured_image_urls":{"full":["https:\/\/elcomercioenlinea.com\/wp-content\/uploads\/2024\/07\/832480.png",945,945,false],"thumbnail":["https:\/\/elcomercioenlinea.com\/wp-content\/uploads\/2024\/07\/832480-150x150.png",150,150,true],"medium":["https:\/\/elcomercioenlinea.com\/wp-content\/uploads\/2024\/07\/832480-300x300.png",300,300,true],"medium_large":["https:\/\/elcomercioenlinea.com\/wp-content\/uploads\/2024\/07\/832480-768x768.png",768,768,true],"large":["https:\/\/elcomercioenlinea.com\/wp-content\/uploads\/2024\/07\/832480.png",945,945,false],"1536x1536":["https:\/\/elcomercioenlinea.com\/wp-content\/uploads\/2024\/07\/832480.png",945,945,false],"2048x2048":["https:\/\/elcomercioenlinea.com\/wp-content\/uploads\/2024\/07\/832480.png",945,945,false],"woocommerce_archive_thumbnail":["https:\/\/elcomercioenlinea.com\/wp-content\/uploads\/2024\/07\/832480-300x300.png",300,300,true],"woocommerce_thumbnail":["https:\/\/elcomercioenlinea.com\/wp-content\/uploads\/2024\/07\/832480-300x300.png",300,300,true],"woocommerce_single":["https:\/\/elcomercioenlinea.com\/wp-content\/uploads\/2024\/07\/832480-600x600.png",600,600,true],"woocommerce_gallery_thumbnail":["https:\/\/elcomercioenlinea.com\/wp-content\/uploads\/2024\/07\/832480-100x100.png",100,100,true]},"post_excerpt_stackable":"<p>el Gancho Secador De Ropa, tu nuevo aliado para mantener tu ropa seca y sin arrugas. Este ingenioso gancho est\u00e1 dise\u00f1ado para maximizar el flujo de aire alrededor de tus prendas, permitiendo un secado m\u00e1s r\u00e1pido y uniforme. Ideal para cualquier tipo de tela, el Gancho Secador De Ropa es perfecto para espacios peque\u00f1os, apartamentos o para llevarlo de viaje. Su dise\u00f1o compacto y duradero asegura que puedas usarlo una y otra vez sin problemas. \u00a1Di adi\u00f3s a los tiempos largos de secado y hola a la comodidad y eficiencia con el Gancho Secador De Ropa! Este producto es conveniente,&hellip;<\/p>\n","category_list":"","author_info":{"name":"","url":""},"comments_num":"0 comentarios","jetpack_sharing_enabled":true,"_links":{"self":[{"href":"https:\/\/elcomercioenlinea.com\/index.php\/wp-json\/wp\/v2\/product\/3190","targetHints":{"allow":["GET"]}}],"collection":[{"href":"https:\/\/elcomercioenlinea.com\/index.php\/wp-json\/wp\/v2\/product"}],"about":[{"href":"https:\/\/elcomercioenlinea.com\/index.php\/wp-json\/wp\/v2\/types\/product"}],"wp:featuredmedia":[{"embeddable":true,"href":"https:\/\/elcomercioenlinea.com\/index.php\/wp-json\/wp\/v2\/media\/3191"}],"wp:attachment":[{"href":"https:\/\/elcomercioenlinea.com\/index.php\/wp-json\/wp\/v2\/media?parent=3190"}],"wp:term":[{"taxonomy":"product_brand","embeddable":true,"href":"https:\/\/elcomercioenlinea.com\/index.php\/wp-json\/wp\/v2\/product_brand?post=3190"},{"taxonomy":"product_cat","embeddable":true,"href":"https:\/\/elcomercioenlinea.com\/index.php\/wp-json\/wp\/v2\/product_cat?post=3190"},{"taxonomy":"product_tag","embeddable":true,"href":"https:\/\/elcomercioenlinea.com\/index.php\/wp-json\/wp\/v2\/product_tag?post=3190"}],"curies":[{"name":"wp","href":"https:\/\/api.w.org\/{rel}","templated":true}]}}