{"id":3199,"date":"2024-07-15T12:54:54","date_gmt":"2024-07-15T17:54:54","guid":{"rendered":"https:\/\/elcomercioenlinea.com\/index.php\/producto\/bascula-personal-redonda-2003a\/"},"modified":"2024-07-17T17:49:50","modified_gmt":"2024-07-17T22:49:50","slug":"bascula-personal-redonda-2003a","status":"publish","type":"product","link":"https:\/\/elcomercioenlinea.com\/index.php\/producto\/bascula-personal-redonda-2003a\/","title":{"rendered":"Bascula Personal Redonda"},"content":{"rendered":"<h3><strong>Bascula Personal Redonda, Pesa Digital 2003a<\/strong><\/h3>\n<p><strong>DESCRIPCION:<\/strong><\/p>\n<p>La ventaja de tener tu b\u00e1scula personal en casa es que puedes llevar un seguimiento m\u00e1s detallado de tu peso para proponerte nuevas metas cada cierto tiempo o seg\u00fan las recomendaciones de tu nutricionista.<\/p>\n<p>Caracter\u00edsticas:<\/p>\n<p>&#8211; Capacidad m\u00e1xima de Peso: 150 kg.<\/p>\n<p>&#8211; Usa bater\u00eda AAA.<\/p>\n<p>&#8211; Material: vidrio.<\/p>\n<p>&#8211; Color: Blanco<\/p>\n<p>&#8211; Pantalla grande<\/p>\n<p>&#8211; Indicador preciso<\/p>\n<p>&#8211; Ahorra electricidad<\/p>\n<p>&#8211; Alto nivel de integraci\u00f3n sencillo<\/p>\n<p>&#8211; Exactitud: D=0.1Kg\/0.2 libra<\/p>\n<p>&#8211; Escala de Digitaces con el sistema alto exacto de 4 de tensi\u00f3n sensores del calibrador<\/p>\n<p>&#8211; Unidad com\u00fan kilogramo &#8211; libra del interruptor tres del tacto ligero<\/p>\n<p>&#8211; Usar una pantalla de visualizaci\u00f3n grande con 58 *25mm 4bit LCD<\/p>\n<p>&#8211; Energ\u00eda: bater\u00eda de litio 1*CR2032 (incluida)<\/p>\n<p>&#8211; plataforma del vidrio tempered de la seguridad del grueso de 6m m<\/p>\n<p>&#8211; Sobrecarga e indicador de bater\u00eda bajo<\/p>\n<p>&#8211; Seguimiento cero autom\u00e1tico e interruptor del golpecito del pie en energ\u00eda autom\u00e1tica apagado despu\u00e9s de 6 segundos<\/p>\n<p>&nbsp;<\/p>\n<p><strong>GARANTIA:\u00a0<\/strong>Este Producto cuenta con 90 d\u00edas de garant\u00eda por defectos de f\u00e1brica, NO por da\u00f1os ocasionados por el cliente.<\/p>\n","protected":false},"excerpt":{"rendered":"<p>Bascula Personal Redonda, Pesa Digital 2003a DESCRIPCION: La ventaja de tener tu b\u00e1scula personal en casa es que puedes llevar un seguimiento m\u00e1s detallado de tu peso para proponerte nuevas metas cada cierto tiempo o seg\u00fan las recomendaciones de tu nutricionista. Caracter\u00edsticas: &#8211; Capacidad m\u00e1xima de Peso: 150 kg. &#8211; Usa bater\u00eda AAA. &#8211; Material: [&hellip;]<\/p>\n","protected":false},"featured_media":3200,"template":"","meta":[],"product_brand":[],"product_cat":[49,18],"product_tag":[],"class_list":{"0":"post-3199","1":"product","2":"type-product","3":"status-publish","4":"has-post-thumbnail","6":"product_cat-salud","7":"product_cat-tecnologia","9":"first","10":"instock","11":"shipping-taxable","12":"purchasable","13":"product-type-simple"},"featured_image_urls":{"full":["https:\/\/elcomercioenlinea.com\/wp-content\/uploads\/2024\/07\/666910.png",454,471,false],"thumbnail":["https:\/\/elcomercioenlinea.com\/wp-content\/uploads\/2024\/07\/666910-150x150.png",150,150,true],"medium":["https:\/\/elcomercioenlinea.com\/wp-content\/uploads\/2024\/07\/666910-289x300.png",289,300,true],"medium_large":["https:\/\/elcomercioenlinea.com\/wp-content\/uploads\/2024\/07\/666910.png",454,471,false],"large":["https:\/\/elcomercioenlinea.com\/wp-content\/uploads\/2024\/07\/666910.png",454,471,false],"1536x1536":["https:\/\/elcomercioenlinea.com\/wp-content\/uploads\/2024\/07\/666910.png",454,471,false],"2048x2048":["https:\/\/elcomercioenlinea.com\/wp-content\/uploads\/2024\/07\/666910.png",454,471,false],"woocommerce_archive_thumbnail":["https:\/\/elcomercioenlinea.com\/wp-content\/uploads\/2024\/07\/666910-300x311.png",300,311,true],"woocommerce_thumbnail":["https:\/\/elcomercioenlinea.com\/wp-content\/uploads\/2024\/07\/666910-300x300.png",300,300,true],"woocommerce_single":["https:\/\/elcomercioenlinea.com\/wp-content\/uploads\/2024\/07\/666910.png",454,471,false],"woocommerce_gallery_thumbnail":["https:\/\/elcomercioenlinea.com\/wp-content\/uploads\/2024\/07\/666910-100x100.png",100,100,true]},"post_excerpt_stackable":"<p>Bascula Personal Redonda, Pesa Digital 2003a DESCRIPCION: La ventaja de tener tu b\u00e1scula personal en casa es que puedes llevar un seguimiento m\u00e1s detallado de tu peso para proponerte nuevas metas cada cierto tiempo o seg\u00fan las recomendaciones de tu nutricionista. Caracter\u00edsticas: &#8211; Capacidad m\u00e1xima de Peso: 150 kg. &#8211; Usa bater\u00eda AAA. &#8211; Material: vidrio. &#8211; Color: Blanco &#8211; Pantalla grande &#8211; Indicador preciso &#8211; Ahorra electricidad &#8211; Alto nivel de integraci\u00f3n sencillo &#8211; Exactitud: D=0.1Kg\/0.2 libra &#8211; Escala de Digitaces con el sistema alto exacto de 4 de tensi\u00f3n sensores del calibrador &#8211; Unidad com\u00fan kilogramo &#8211; libra&hellip;<\/p>\n","category_list":"","author_info":{"name":"","url":""},"comments_num":"0 comentarios","jetpack_sharing_enabled":true,"_links":{"self":[{"href":"https:\/\/elcomercioenlinea.com\/index.php\/wp-json\/wp\/v2\/product\/3199","targetHints":{"allow":["GET"]}}],"collection":[{"href":"https:\/\/elcomercioenlinea.com\/index.php\/wp-json\/wp\/v2\/product"}],"about":[{"href":"https:\/\/elcomercioenlinea.com\/index.php\/wp-json\/wp\/v2\/types\/product"}],"wp:featuredmedia":[{"embeddable":true,"href":"https:\/\/elcomercioenlinea.com\/index.php\/wp-json\/wp\/v2\/media\/3200"}],"wp:attachment":[{"href":"https:\/\/elcomercioenlinea.com\/index.php\/wp-json\/wp\/v2\/media?parent=3199"}],"wp:term":[{"taxonomy":"product_brand","embeddable":true,"href":"https:\/\/elcomercioenlinea.com\/index.php\/wp-json\/wp\/v2\/product_brand?post=3199"},{"taxonomy":"product_cat","embeddable":true,"href":"https:\/\/elcomercioenlinea.com\/index.php\/wp-json\/wp\/v2\/product_cat?post=3199"},{"taxonomy":"product_tag","embeddable":true,"href":"https:\/\/elcomercioenlinea.com\/index.php\/wp-json\/wp\/v2\/product_tag?post=3199"}],"curies":[{"name":"wp","href":"https:\/\/api.w.org\/{rel}","templated":true}]}}