{"id":3215,"date":"2024-07-15T15:27:53","date_gmt":"2024-07-15T20:27:53","guid":{"rendered":"https:\/\/elcomercioenlinea.com\/index.php\/producto\/almohada-de-gel-ortopedica-memory-pillow\/"},"modified":"2024-07-15T15:34:49","modified_gmt":"2024-07-15T20:34:49","slug":"almohada-de-gel-ortopedica-memory-pillow","status":"publish","type":"product","link":"https:\/\/elcomercioenlinea.com\/index.php\/producto\/almohada-de-gel-ortopedica-memory-pillow\/","title":{"rendered":"Almohada De Gel Ortop\u00e9dica Memory"},"content":{"rendered":"<p>Protecci\u00f3n y cuidado<br \/>\n\u00a1Descubre el m\u00e1ximo confort con nuestra Almohada de Gel Ortop\u00e9dica Memory! Dise\u00f1ada para ofrecer un soporte \u00f3ptimo, esta almohada se adapta perfectamente a la forma de tu cabeza y cuello, aliviando la presi\u00f3n y garantizando una alineaci\u00f3n correcta de la columna vertebral. El gel refrescante integrado mantiene una temperatura ideal durante toda la noche, proporcionando una experiencia de descanso inigualable. Ideal para quienes buscan un sue\u00f1o reparador y mejorar su bienestar, nuestra almohada es hipoalerg\u00e9nica y est\u00e1 fabricada con materiales de alta calidad que aseguran durabilidad y comodidad. \u00a1Transforma tu manera de dormir y despierta renovado cada d\u00eda!<\/p>\n","protected":false},"excerpt":{"rendered":"<p>Protecci\u00f3n y cuidado \u00a1Descubre el m\u00e1ximo confort con nuestra Almohada de Gel Ortop\u00e9dica Memory! Dise\u00f1ada para ofrecer un soporte \u00f3ptimo, esta almohada se adapta perfectamente a la forma de tu cabeza y cuello, aliviando la presi\u00f3n y garantizando una alineaci\u00f3n correcta de la columna vertebral. El gel refrescante integrado mantiene una temperatura ideal durante toda [&hellip;]<\/p>\n","protected":false},"featured_media":3216,"template":"","meta":[],"product_brand":[],"product_cat":[49],"product_tag":[],"class_list":{"0":"post-3215","1":"product","2":"type-product","3":"status-publish","4":"has-post-thumbnail","6":"product_cat-salud","8":"first","9":"instock","10":"shipping-taxable","11":"purchasable","12":"product-type-simple"},"featured_image_urls":{"full":["https:\/\/elcomercioenlinea.com\/wp-content\/uploads\/2024\/07\/681903.png",1500,1490,false],"thumbnail":["https:\/\/elcomercioenlinea.com\/wp-content\/uploads\/2024\/07\/681903-150x150.png",150,150,true],"medium":["https:\/\/elcomercioenlinea.com\/wp-content\/uploads\/2024\/07\/681903-300x298.png",300,298,true],"medium_large":["https:\/\/elcomercioenlinea.com\/wp-content\/uploads\/2024\/07\/681903-768x763.png",768,763,true],"large":["https:\/\/elcomercioenlinea.com\/wp-content\/uploads\/2024\/07\/681903-1024x1017.png",1024,1017,true],"1536x1536":["https:\/\/elcomercioenlinea.com\/wp-content\/uploads\/2024\/07\/681903.png",1500,1490,false],"2048x2048":["https:\/\/elcomercioenlinea.com\/wp-content\/uploads\/2024\/07\/681903.png",1500,1490,false],"woocommerce_archive_thumbnail":["https:\/\/elcomercioenlinea.com\/wp-content\/uploads\/2024\/07\/681903-300x298.png",300,298,true],"woocommerce_thumbnail":["https:\/\/elcomercioenlinea.com\/wp-content\/uploads\/2024\/07\/681903-300x300.png",300,300,true],"woocommerce_single":["https:\/\/elcomercioenlinea.com\/wp-content\/uploads\/2024\/07\/681903-600x596.png",600,596,true],"woocommerce_gallery_thumbnail":["https:\/\/elcomercioenlinea.com\/wp-content\/uploads\/2024\/07\/681903-100x100.png",100,100,true]},"post_excerpt_stackable":"<p>Protecci\u00f3n y cuidado \u00a1Descubre el m\u00e1ximo confort con nuestra Almohada de Gel Ortop\u00e9dica Memory! Dise\u00f1ada para ofrecer un soporte \u00f3ptimo, esta almohada se adapta perfectamente a la forma de tu cabeza y cuello, aliviando la presi\u00f3n y garantizando una alineaci\u00f3n correcta de la columna vertebral. El gel refrescante integrado mantiene una temperatura ideal durante toda la noche, proporcionando una experiencia de descanso inigualable. Ideal para quienes buscan un sue\u00f1o reparador y mejorar su bienestar, nuestra almohada es hipoalerg\u00e9nica y est\u00e1 fabricada con materiales de alta calidad que aseguran durabilidad y comodidad. \u00a1Transforma tu manera de dormir y despierta renovado cada&hellip;<\/p>\n","category_list":"","author_info":{"name":"","url":""},"comments_num":"0 comentarios","jetpack_sharing_enabled":true,"_links":{"self":[{"href":"https:\/\/elcomercioenlinea.com\/index.php\/wp-json\/wp\/v2\/product\/3215","targetHints":{"allow":["GET"]}}],"collection":[{"href":"https:\/\/elcomercioenlinea.com\/index.php\/wp-json\/wp\/v2\/product"}],"about":[{"href":"https:\/\/elcomercioenlinea.com\/index.php\/wp-json\/wp\/v2\/types\/product"}],"wp:featuredmedia":[{"embeddable":true,"href":"https:\/\/elcomercioenlinea.com\/index.php\/wp-json\/wp\/v2\/media\/3216"}],"wp:attachment":[{"href":"https:\/\/elcomercioenlinea.com\/index.php\/wp-json\/wp\/v2\/media?parent=3215"}],"wp:term":[{"taxonomy":"product_brand","embeddable":true,"href":"https:\/\/elcomercioenlinea.com\/index.php\/wp-json\/wp\/v2\/product_brand?post=3215"},{"taxonomy":"product_cat","embeddable":true,"href":"https:\/\/elcomercioenlinea.com\/index.php\/wp-json\/wp\/v2\/product_cat?post=3215"},{"taxonomy":"product_tag","embeddable":true,"href":"https:\/\/elcomercioenlinea.com\/index.php\/wp-json\/wp\/v2\/product_tag?post=3215"}],"curies":[{"name":"wp","href":"https:\/\/api.w.org\/{rel}","templated":true}]}}